{"id":757301,"date":"2025-08-28T07:32:04","date_gmt":"2025-08-28T04:32:04","guid":{"rendered":"https:\/\/roveyayinevi.com.tr\/index.php\/urun\/cin-astrolojisi\/"},"modified":"2026-04-16T03:10:09","modified_gmt":"2026-04-16T00:10:09","slug":"cin-astrolojisi","status":"publish","type":"product","link":"https:\/\/roveyayinevi.com.tr\/index.php\/urun\/cin-astrolojisi\/","title":{"rendered":"\u00c7in Astrolojisi"},"content":{"rendered":"<p>KADER\u0130N SEN\u0130N EL\u0130NDE, FARKINDA MISIN? D\u00fcnyaya gelirken do\u011fdu\u011fumuz an\u0131n bizler i\u00e7in ne kadar b\u00fcy\u00fck bilgiler saklad\u0131\u011f\u0131n\u0131 biliyor musunuz? Hayat potansiyelinizi okumak ve geli\u015ftirmek asl\u0131nda hi\u00e7 de zor de\u011fil! \u00c7\u00fcnk\u00fc do\u011fmadan \u00f6nce, hayat amac\u0131m\u0131z\u0131 ger\u00e7ekle\u015ftirmek \u00fczere onu kendimiz i\u00e7in, bizzat yine kendimiz yaz\u0131yoruz.   Senelerdir bana gelen dan\u0131\u015fanlar\u0131m belirli konular\u0131 nas\u0131l \u00e7\u00f6zeceklerini sorup duruyorlar. Asl\u0131nda hepsi do\u011fum haritalar\u0131m\u0131zda yaz\u0131l\u0131. Tek yapman\u0131z gereken kaderinizi yani d\u00fcnyaya ne ama\u00e7la geldi\u011finizi okumay\u0131 bilmek ve sonra da haritan\u0131za uygun ya\u015famaya ba\u015flamak. \u0130\u015fte bu kitab\u0131 da bu nedenle yazd\u0131m. Haritalar\u0131n\u0131z\u0131 okumaya ba\u015flayabilmeniz i\u00e7in ve kendi kaderinizin y\u00f6neticisi olman\u0131z i\u00e7in.   Kader dedi\u011fimiz \u015fey ta\u015fa yaz\u0131lm\u0131\u015f bir olgu de\u011fil, aksine tamamen b\u00fck\u00fclebilen esnek bir olgudur. Ancak \u015funu da bilmek gerekir ki herkes kendine bu kaderleri \u00f6zel sebeplerden dolay\u0131 yazar. O zaman kaderinizi \u00f6\u011frenip uygulamak hayat\u0131n\u0131z\u0131 daha iyi bir hale getirmez mi? Kaderinizi ke\u015ffe ve b\u00fckmeye haz\u0131rsan\u0131z yolculu\u011fumuz ba\u015fl\u0131yor&#8230; <\/p>\n","protected":false},"excerpt":{"rendered":"<p>KADER\u0130N SEN\u0130N EL\u0130NDE, FARKINDA MISIN? D\u00fcnyaya gelirken do\u011fdu\u011fumuz an\u0131n bizler i\u00e7in ne kadar b\u00fcy\u00fck bilgiler saklad\u0131\u011f\u0131n\u0131 biliyor musunuz? Hayat potansiyelinizi okumak ve geli\u015ftirmek asl\u0131nda hi\u00e7 de<span class=\"excerpt-hellip\"> [\u2026]<\/span><\/p>\n","protected":false},"featured_media":0,"template":"","meta":{"_monsterinsights_skip_tracking":false,"_monsterinsights_sitenote_active":false,"_monsterinsights_sitenote_note":"","_monsterinsights_sitenote_category":0},"product_brand":[],"product_cat":[19840,12364],"product_tag":[],"class_list":{"0":"post-757301","1":"product","2":"type-product","3":"status-publish","5":"product_cat-astroloji","6":"product_cat-genel-konular","7":"pa_cilt-ciltsiz","8":"pa_tur-kitap","9":"pa_yayinevi-destek-yayinlari","10":"pa_yazar-ceren-goksimal-sakin","12":"first","13":"instock","14":"sale","15":"shipping-taxable","16":"purchasable","17":"product-type-simple"},"_links":{"self":[{"href":"https:\/\/roveyayinevi.com.tr\/index.php\/wp-json\/wp\/v2\/product\/757301","targetHints":{"allow":["GET"]}}],"collection":[{"href":"https:\/\/roveyayinevi.com.tr\/index.php\/wp-json\/wp\/v2\/product"}],"about":[{"href":"https:\/\/roveyayinevi.com.tr\/index.php\/wp-json\/wp\/v2\/types\/product"}],"wp:attachment":[{"href":"https:\/\/roveyayinevi.com.tr\/index.php\/wp-json\/wp\/v2\/media?parent=757301"}],"wp:term":[{"taxonomy":"product_brand","embeddable":true,"href":"https:\/\/roveyayinevi.com.tr\/index.php\/wp-json\/wp\/v2\/product_brand?post=757301"},{"taxonomy":"product_cat","embeddable":true,"href":"https:\/\/roveyayinevi.com.tr\/index.php\/wp-json\/wp\/v2\/product_cat?post=757301"},{"taxonomy":"product_tag","embeddable":true,"href":"https:\/\/roveyayinevi.com.tr\/index.php\/wp-json\/wp\/v2\/product_tag?post=757301"}],"curies":[{"name":"wp","href":"https:\/\/api.w.org\/{rel}","templated":true}]}}