{"id":757299,"date":"2025-08-28T07:32:02","date_gmt":"2025-08-28T04:32:02","guid":{"rendered":"https:\/\/roveyayinevi.com.tr\/index.php\/urun\/duygularini-cozen-kaderini-yazar\/"},"modified":"2026-04-16T03:10:08","modified_gmt":"2026-04-16T00:10:08","slug":"duygularini-cozen-kaderini-yazar","status":"publish","type":"product","link":"https:\/\/roveyayinevi.com.tr\/index.php\/urun\/duygularini-cozen-kaderini-yazar\/","title":{"rendered":"Duygular\u0131n\u0131 \u00c7\u00f6zen Kaderini Yazar"},"content":{"rendered":"<p>Mutluluk, hayat\u0131 g\u00fczel bir resme d\u00f6n\u00fc\u015ft\u00fcrme sanat\u0131d\u0131r.   \u0130yi bir insan olma ve hayat\u0131 daha anlaml\u0131 k\u0131lma yolunda pay\u0131m\u0131za d\u00fc\u015fen nedir? Bir \u015feyleri de\u011fi\u015ftirmek i\u00e7in h\u00e2l\u00e2 zaman\u0131m\u0131z var m\u0131? \u0130nsanl\u0131\u011f\u0131n varolu\u015fundan beri her bir birey tek ve benzersizdir. Ta\u015f\u0131d\u0131\u011f\u0131 belirli \u00f6zelliklere g\u00f6re isim verdi\u011fimiz herkes asl\u0131nda bir b\u00fct\u00fcn\u00fcn par\u00e7as\u0131 ve b\u00fcy\u00fck resmin farkl\u0131 bir rengidir. Hep \u015fik\u00e2yet etti\u011fimiz hayatta, olup bitenin ger\u00e7ekten fark\u0131nda m\u0131y\u0131z? Psikolog ve sosyolog Serap Duygulu, yeni kitab\u0131nda dijital \u00e7a\u011fda ileti\u015fimin, adaletin, vicdan\u0131n ve umudun ya\u015fant\u0131m\u0131z\u0131 nas\u0131l etkiledi\u011fini, hayat\u0131 ertelemeyip hedeflere nas\u0131l ula\u015fabilece\u011fimizi ve de\u011fi\u015fimin mucizelerini anlat\u0131rken, iyi bir insan olman\u0131n yol haritas\u0131n\u0131 da \u00e7iziyor. \u0130steklerimiz ile ula\u015ft\u0131klar\u0131m\u0131z aras\u0131ndaki farka \u201chayal k\u0131r\u0131kl\u0131\u011f\u0131\u201d, fark\u0131 kapatma \u00e7abas\u0131na \u201cazim\u201d, hedefe ula\u015fmaya \u00e7al\u0131\u015f\u0131rken ba\u015f\u0131m\u0131za gelenlere \u201cdeneyim\u201d, bu arada ge\u00e7en zamana \u201c\u00f6m\u00fcr\u201d diyoruz! Peki, biz hayat\u0131n neresindeyiz?Bu kitap, her okurun konu\u015fan aynas\u0131 olacak\u2026   <\/p>\n","protected":false},"excerpt":{"rendered":"<p>Mutluluk, hayat\u0131 g\u00fczel bir resme d\u00f6n\u00fc\u015ft\u00fcrme sanat\u0131d\u0131r. \u0130yi bir insan olma ve hayat\u0131 daha anlaml\u0131 k\u0131lma yolunda pay\u0131m\u0131za d\u00fc\u015fen nedir? Bir \u015feyleri de\u011fi\u015ftirmek i\u00e7in h\u00e2l\u00e2 zaman\u0131m\u0131z<span class=\"excerpt-hellip\"> [\u2026]<\/span><\/p>\n","protected":false},"featured_media":0,"template":"","meta":{"_monsterinsights_skip_tracking":false,"_monsterinsights_sitenote_active":false,"_monsterinsights_sitenote_note":"","_monsterinsights_sitenote_category":0},"product_brand":[],"product_cat":[12358,12357],"product_tag":[],"class_list":{"0":"post-757299","1":"product","2":"type-product","3":"status-publish","5":"product_cat-genel-psikoloji","6":"product_cat-psikoloji","7":"pa_cilt-ciltsiz","8":"pa_tur-kitap","9":"pa_yayinevi-nemesis-kitap","10":"pa_yazar-serap-duygulu","12":"first","13":"instock","14":"sale","15":"shipping-taxable","16":"purchasable","17":"product-type-simple"},"_links":{"self":[{"href":"https:\/\/roveyayinevi.com.tr\/index.php\/wp-json\/wp\/v2\/product\/757299","targetHints":{"allow":["GET"]}}],"collection":[{"href":"https:\/\/roveyayinevi.com.tr\/index.php\/wp-json\/wp\/v2\/product"}],"about":[{"href":"https:\/\/roveyayinevi.com.tr\/index.php\/wp-json\/wp\/v2\/types\/product"}],"wp:attachment":[{"href":"https:\/\/roveyayinevi.com.tr\/index.php\/wp-json\/wp\/v2\/media?parent=757299"}],"wp:term":[{"taxonomy":"product_brand","embeddable":true,"href":"https:\/\/roveyayinevi.com.tr\/index.php\/wp-json\/wp\/v2\/product_brand?post=757299"},{"taxonomy":"product_cat","embeddable":true,"href":"https:\/\/roveyayinevi.com.tr\/index.php\/wp-json\/wp\/v2\/product_cat?post=757299"},{"taxonomy":"product_tag","embeddable":true,"href":"https:\/\/roveyayinevi.com.tr\/index.php\/wp-json\/wp\/v2\/product_tag?post=757299"}],"curies":[{"name":"wp","href":"https:\/\/api.w.org\/{rel}","templated":true}]}}