{"id":757296,"date":"2025-08-28T07:31:57","date_gmt":"2025-08-28T04:31:57","guid":{"rendered":"https:\/\/roveyayinevi.com.tr\/index.php\/urun\/yaninda-olmanin-gucu\/"},"modified":"2026-04-16T03:10:08","modified_gmt":"2026-04-16T00:10:08","slug":"yaninda-olmanin-gucu","status":"publish","type":"product","link":"https:\/\/roveyayinevi.com.tr\/index.php\/urun\/yaninda-olmanin-gucu\/","title":{"rendered":"Yan\u0131nda Olman\u0131n G\u00fcc\u00fc"},"content":{"rendered":"<p>Ebeveynlik yapmak zor, \u00e7ocu\u011fun yan\u0131nda olmaksa kolayd\u0131r. \u00c7ocu\u011funuzda yarataca\u011f\u0131n\u0131z en b\u00fcy\u00fck etki de tam olarak buradan ba\u015flar. \u00c7ok satan B\u00fct\u00fcn Beyinli \u00c7ocuk kitab\u0131n\u0131n yazarlar\u0131, \u015fimdi \u201cyan\u0131nda olma\u201d kavram\u0131n\u0131n \u00e7ocukluk d\u00f6nemi boyunca ne anlama geldi\u011fini a\u00e7\u0131kl\u0131yor.   Ger\u00e7ekten yan\u0131nda olmak i\u00e7in \u00e7ocu\u011fa \u015fu d\u00f6rd\u00fcn\u00fc hissettirmeniz gerekir:   Emniyette: \u00c7ocu\u011fu her zaman yaralanmaktan veya duygusal olarak incinmekten koruyamazs\u0131n\u0131z. Ancak ona s\u0131\u011f\u0131nabilece\u011fi g\u00fcvenli bir liman sundu\u011funuzda geli\u015fim ve de\u011fi\u015fim i\u00e7in gerekli riskleri alabilir. G\u00f6r\u00fclm\u00fc\u015f: \u00c7ocu\u011fu g\u00f6rmek ve anlamak, onun t\u00fcm duygular\u0131na dikkat etmek ve davran\u0131\u015flar\u0131n\u0131n alt\u0131nda olup bitenlere uyum sa\u011flamaya \u00e7al\u0131\u015fmakt\u0131r. \u00c7ocuk \u00f6nemsendi\u011fini hisseder. Yat\u0131\u015ft\u0131r\u0131lm\u0131\u015f: Bu, \u00e7ocu\u011funuza hayat\u0131n zorluklar\u0131yla nas\u0131l ba\u015fa \u00e7\u0131kaca\u011f\u0131n\u0131 \u00f6\u011fretmek ve her zaman yan\u0131nda olaca\u011f\u0131n\u0131z\u0131 g\u00f6stermektir. \u00c7ocuk, ac\u0131 \u00e7ekti\u011finde yan\u0131nda olaca\u011f\u0131n\u0131z\u0131 bilir. G\u00fcvenli: \u00c7ocu\u011funuz kendisini emniyette, g\u00f6r\u00fclm\u00fc\u015f ve yat\u0131\u015ft\u0131r\u0131lm\u0131\u015f hissetmeyi \u00f6\u011frenmesine yard\u0131mc\u0131 olaca\u011f\u0131n\u0131za g\u00fcvenir. G\u00fcvenli ba\u011flanma geli\u015ftirir.   Daniel Siegel ve Tina Payne Bryson, en yeni beyin ve ba\u011flanma ara\u015ft\u0131rmalar\u0131na dayanarak yazd\u0131klar\u0131 bu kitapta hik\u00e2yeleri, stratejileri, \u00e7izimleri ve ipu\u00e7lar\u0131n\u0131 kullanarak \u00e7ocu\u011funuzun yan\u0131nda olman\u0131z\u0131 sa\u011flayacak en etkili yollar\u0131 g\u00f6steriyor. Hatalar\u0131n her zaman telafi edilebilece\u011fini kan\u0131tlayarak \u201cm\u00fckemmel ebeveynlik\u201d mitini y\u0131kan kitap, \u00e7ocu\u011funuzun duygusal olarak sa\u011flam ve sa\u011fl\u0131kl\u0131 bir \u015fekilde geli\u015fmesi i\u00e7in g\u00fc\u00e7l\u00fc bir rehberlik sunuyor. <\/p>\n","protected":false},"excerpt":{"rendered":"<p>Ebeveynlik yapmak zor, \u00e7ocu\u011fun yan\u0131nda olmaksa kolayd\u0131r. \u00c7ocu\u011funuzda yarataca\u011f\u0131n\u0131z en b\u00fcy\u00fck etki de tam olarak buradan ba\u015flar. \u00c7ok satan B\u00fct\u00fcn Beyinli \u00c7ocuk kitab\u0131n\u0131n yazarlar\u0131, \u015fimdi \u201cyan\u0131nda<span class=\"excerpt-hellip\"> [\u2026]<\/span><\/p>\n","protected":false},"featured_media":0,"template":"","meta":{"_monsterinsights_skip_tracking":false,"_monsterinsights_sitenote_active":false,"_monsterinsights_sitenote_note":"","_monsterinsights_sitenote_category":0},"product_brand":[],"product_cat":[12831,12324],"product_tag":[],"class_list":{"0":"post-757296","1":"product","2":"type-product","3":"status-publish","5":"product_cat-aile-ve-cocuk","6":"product_cat-sosyoloji","7":"pa_cilt-ciltsiz","8":"pa_tur-kitap","9":"pa_yayinevi-diyojen-yayincilik","10":"pa_yazar-daniel-j-siegel-tina-payne-bryson","12":"first","13":"instock","14":"sale","15":"shipping-taxable","16":"purchasable","17":"product-type-simple"},"_links":{"self":[{"href":"https:\/\/roveyayinevi.com.tr\/index.php\/wp-json\/wp\/v2\/product\/757296","targetHints":{"allow":["GET"]}}],"collection":[{"href":"https:\/\/roveyayinevi.com.tr\/index.php\/wp-json\/wp\/v2\/product"}],"about":[{"href":"https:\/\/roveyayinevi.com.tr\/index.php\/wp-json\/wp\/v2\/types\/product"}],"wp:attachment":[{"href":"https:\/\/roveyayinevi.com.tr\/index.php\/wp-json\/wp\/v2\/media?parent=757296"}],"wp:term":[{"taxonomy":"product_brand","embeddable":true,"href":"https:\/\/roveyayinevi.com.tr\/index.php\/wp-json\/wp\/v2\/product_brand?post=757296"},{"taxonomy":"product_cat","embeddable":true,"href":"https:\/\/roveyayinevi.com.tr\/index.php\/wp-json\/wp\/v2\/product_cat?post=757296"},{"taxonomy":"product_tag","embeddable":true,"href":"https:\/\/roveyayinevi.com.tr\/index.php\/wp-json\/wp\/v2\/product_tag?post=757296"}],"curies":[{"name":"wp","href":"https:\/\/api.w.org\/{rel}","templated":true}]}}