{"id":757295,"date":"2025-08-28T07:31:56","date_gmt":"2025-08-28T04:31:56","guid":{"rendered":"https:\/\/roveyayinevi.com.tr\/index.php\/urun\/kensington-bahceleri\/"},"modified":"2026-04-16T03:10:08","modified_gmt":"2026-04-16T00:10:08","slug":"kensington-bahceleri","status":"publish","type":"product","link":"https:\/\/roveyayinevi.com.tr\/index.php\/urun\/kensington-bahceleri\/","title":{"rendered":"Kensington Bah\u00e7eleri"},"content":{"rendered":"<p>\u00c7ocuk edebiyat\u0131n\u0131n \u00e7ok satan yazar\u0131 Peter Hook, bir gece boyunca k\u00fc\u00e7\u00fck bir \u00e7ocu\u011fa Peter Pan&#8217;\u0131n yarat\u0131c\u0131s sir James Matthew Barrie&#8217;nin tuhaf hikayesini anlat\u0131r. Ancak bu sadece Barrie&#8217;nin hikayesi de\u011fildir: Hook, ortal\u0131\u011f\u0131n toz duman i\u00e7inde kald\u0131\u011f\u0131 altm\u0131\u015fl\u0131 y\u0131llarda ya\u015fad\u0131klar\u0131n\u0131 ve b\u00fcy\u00fcmemek i\u00e7in zamanda yolculuk eden gen\u00e7 kahraman\u0131 Jim Yang&#8217;\u0131n maceralar\u0131n\u0131 da anlat\u0131r. Viktorya D\u00f6nemi Londra&#8217;s\u0131 ile Swinging Sixties&#8217;in i\u00e7 i\u00e7e ge\u00e7ti\u011fi devasa bir labirentte, ba\u015frol\u00fc &#8220;b\u00fcy\u00fcmeme&#8221;nin oynad\u0131\u011f\u0131, masal\u0131ms\u0131 atmosferiyle tek ki\u015filik bir tiyatro oyunu ayn\u0131 zamanda Kensington Bah\u00e7eleri.<\/p>\n","protected":false},"excerpt":{"rendered":"<p>\u00c7ocuk edebiyat\u0131n\u0131n \u00e7ok satan yazar\u0131 Peter Hook, bir gece boyunca k\u00fc\u00e7\u00fck bir \u00e7ocu\u011fa Peter Pan&#8217;\u0131n yarat\u0131c\u0131s sir James Matthew Barrie&#8217;nin tuhaf hikayesini anlat\u0131r. Ancak bu sadece<span class=\"excerpt-hellip\"> [\u2026]<\/span><\/p>\n","protected":false},"featured_media":0,"template":"","meta":{"_monsterinsights_skip_tracking":false,"_monsterinsights_sitenote_active":false,"_monsterinsights_sitenote_note":"","_monsterinsights_sitenote_category":0},"product_brand":[],"product_cat":[12291,12711],"product_tag":[],"class_list":{"0":"post-757295","1":"product","2":"type-product","3":"status-publish","5":"product_cat-edebiyat","6":"product_cat-roman-oyku","7":"pa_cilt-ciltsiz","8":"pa_tur-kitap","9":"pa_yayinevi-yapi-kredi-yayinlari","10":"pa_yazar-rodrigo-fresan","12":"first","13":"instock","14":"sale","15":"shipping-taxable","16":"purchasable","17":"product-type-simple"},"_links":{"self":[{"href":"https:\/\/roveyayinevi.com.tr\/index.php\/wp-json\/wp\/v2\/product\/757295","targetHints":{"allow":["GET"]}}],"collection":[{"href":"https:\/\/roveyayinevi.com.tr\/index.php\/wp-json\/wp\/v2\/product"}],"about":[{"href":"https:\/\/roveyayinevi.com.tr\/index.php\/wp-json\/wp\/v2\/types\/product"}],"wp:attachment":[{"href":"https:\/\/roveyayinevi.com.tr\/index.php\/wp-json\/wp\/v2\/media?parent=757295"}],"wp:term":[{"taxonomy":"product_brand","embeddable":true,"href":"https:\/\/roveyayinevi.com.tr\/index.php\/wp-json\/wp\/v2\/product_brand?post=757295"},{"taxonomy":"product_cat","embeddable":true,"href":"https:\/\/roveyayinevi.com.tr\/index.php\/wp-json\/wp\/v2\/product_cat?post=757295"},{"taxonomy":"product_tag","embeddable":true,"href":"https:\/\/roveyayinevi.com.tr\/index.php\/wp-json\/wp\/v2\/product_tag?post=757295"}],"curies":[{"name":"wp","href":"https:\/\/api.w.org\/{rel}","templated":true}]}}