{"id":757294,"date":"2025-08-28T07:31:54","date_gmt":"2025-08-28T04:31:54","guid":{"rendered":"https:\/\/roveyayinevi.com.tr\/index.php\/urun\/edebiyatta-kadin-ve-damga\/"},"modified":"2026-04-16T03:10:08","modified_gmt":"2026-04-16T00:10:08","slug":"edebiyatta-kadin-ve-damga","status":"publish","type":"product","link":"https:\/\/roveyayinevi.com.tr\/index.php\/urun\/edebiyatta-kadin-ve-damga\/","title":{"rendered":"Edebiyatta Kad\u0131n ve Damga"},"content":{"rendered":"<p>Bir ki\u015finin zihinsel,fiziksel veya sosyal bir eksiklik olarak kabul edilebilcek bir \u00f6zelli\u011fine atfedilen olu\u00f6suz sosyal tutum, Bir toplumun ya da bir grup insan\u0131n bir \u015fey ya da biri hakk\u0131nda sahip olduklar\u0131 bir dizi olumsuz ve \u00e7o\u011fu zaman haks\u0131z inan\u0131\u015f,Bir toplumda \u00e7o\u011fu insan\u0131n bir \u015fey ya da biri hakk\u0131nda sahip olduklar\u0131 g\u00fc\u00e7l\u00fc bir onaylamama duygusu. Toplumsal bir utanc\u0131n ve rezaletin ay\u0131rt edici i\u015fareti,Toplumda belirli bir durumda olman\u0131n ya da belirli bir hastal\u0131\u011fa sahip olman\u0131n utan\u0131lcak bir \u015fey oldu\u011funa dair g\u00fc\u00e7l\u00fc bir duygu\u2026.<\/p>\n","protected":false},"excerpt":{"rendered":"<p>Bir ki\u015finin zihinsel,fiziksel veya sosyal bir eksiklik olarak kabul edilebilcek bir \u00f6zelli\u011fine atfedilen olu\u00f6suz sosyal tutum, Bir toplumun ya da bir grup insan\u0131n bir \u015fey ya<span class=\"excerpt-hellip\"> [\u2026]<\/span><\/p>\n","protected":false},"featured_media":0,"template":"","meta":{"_monsterinsights_skip_tracking":false,"_monsterinsights_sitenote_active":false,"_monsterinsights_sitenote_note":"","_monsterinsights_sitenote_category":0},"product_brand":[],"product_cat":[13072,12291],"product_tag":[],"class_list":{"0":"post-757294","1":"product","2":"type-product","3":"status-publish","5":"product_cat-arastirma-inceleme-referans","6":"product_cat-edebiyat","7":"pa_cilt-ciltsiz","8":"pa_tur-kitap","9":"pa_yayinevi-bilgin-kultur-sanat","10":"pa_yazar-ayten-er-yavuz-celik","12":"first","13":"instock","14":"sale","15":"shipping-taxable","16":"purchasable","17":"product-type-simple"},"_links":{"self":[{"href":"https:\/\/roveyayinevi.com.tr\/index.php\/wp-json\/wp\/v2\/product\/757294","targetHints":{"allow":["GET"]}}],"collection":[{"href":"https:\/\/roveyayinevi.com.tr\/index.php\/wp-json\/wp\/v2\/product"}],"about":[{"href":"https:\/\/roveyayinevi.com.tr\/index.php\/wp-json\/wp\/v2\/types\/product"}],"wp:attachment":[{"href":"https:\/\/roveyayinevi.com.tr\/index.php\/wp-json\/wp\/v2\/media?parent=757294"}],"wp:term":[{"taxonomy":"product_brand","embeddable":true,"href":"https:\/\/roveyayinevi.com.tr\/index.php\/wp-json\/wp\/v2\/product_brand?post=757294"},{"taxonomy":"product_cat","embeddable":true,"href":"https:\/\/roveyayinevi.com.tr\/index.php\/wp-json\/wp\/v2\/product_cat?post=757294"},{"taxonomy":"product_tag","embeddable":true,"href":"https:\/\/roveyayinevi.com.tr\/index.php\/wp-json\/wp\/v2\/product_tag?post=757294"}],"curies":[{"name":"wp","href":"https:\/\/api.w.org\/{rel}","templated":true}]}}