{"id":757292,"date":"2025-08-28T07:31:52","date_gmt":"2025-08-28T04:31:52","guid":{"rendered":"https:\/\/roveyayinevi.com.tr\/index.php\/urun\/demokrasi-modelleri\/"},"modified":"2026-04-16T03:10:08","modified_gmt":"2026-04-16T00:10:08","slug":"demokrasi-modelleri","status":"publish","type":"product","link":"https:\/\/roveyayinevi.com.tr\/index.php\/urun\/demokrasi-modelleri\/","title":{"rendered":"Demokrasi Modelleri"},"content":{"rendered":"<p>Arend Lijphart kar\u015f\u0131la\u015ft\u0131rmal\u0131 siyaset, anayasa hukuku ve se\u00e7im sistemleri konusunda bir ba\u015fvuru eseri olan \u201cDemokrasi Modelleri\u201d kitab\u0131nda d\u00fcnya \u00e7ap\u0131ndaki demokratik kurumlar\u0131n geni\u015f ve derin bir analizini sunuyor. 1945&#8217;ten 2010&#8217;a uzanan d\u00f6nemdeki otuz alt\u0131 demokrasiyi titizlikle inceleyen Lijphart, hangi t\u00fcr demokrasinin nas\u0131l i\u015fledi\u011fine dair \u00f6nemli sonu\u00e7lar\u0131 ortaya koyuyor. \u201cMuhte\u015fem\u2026 G\u00fcn\u00fcm\u00fczde demokrasiyi konu alan en iyi ara\u015ft\u0131rma kitab\u0131.\u201d\u2013Malcolm Mackerras, American Review of Politics \u201cB\u00f6yle bir kitab\u0131 ancak Lijphart kadar donan\u0131ml\u0131 ve yetkin bir bilim adam\u0131 yazabilirdi. Kendisi konuyla ilgili literat\u00fcre hayret verici hakimiyeti yan\u0131nda, k\u0131yaslanamaz \u00f6l\u00e7\u00fcdeki verileri bir araya getirmi\u015f bulunmaktad\u0131r.\u201d\u2013Robert A. Dahl, Yale \u00dcniversitesi <\/p>\n","protected":false},"excerpt":{"rendered":"<p>Arend Lijphart kar\u015f\u0131la\u015ft\u0131rmal\u0131 siyaset, anayasa hukuku ve se\u00e7im sistemleri konusunda bir ba\u015fvuru eseri olan \u201cDemokrasi Modelleri\u201d kitab\u0131nda d\u00fcnya \u00e7ap\u0131ndaki demokratik kurumlar\u0131n geni\u015f ve derin bir analizini<span class=\"excerpt-hellip\"> [\u2026]<\/span><\/p>\n","protected":false},"featured_media":0,"template":"","meta":{"_monsterinsights_skip_tracking":false,"_monsterinsights_sitenote_active":false,"_monsterinsights_sitenote_note":"","_monsterinsights_sitenote_category":0},"product_brand":[],"product_cat":[12337],"product_tag":[],"class_list":{"0":"post-757292","1":"product","2":"type-product","3":"status-publish","5":"product_cat-politika-siyaset","6":"pa_cilt-ciltsiz","7":"pa_tur-kitap","8":"pa_yayinevi-minotor-kitap","9":"pa_yazar-arend-lijphart","11":"first","12":"instock","13":"sale","14":"shipping-taxable","15":"purchasable","16":"product-type-simple"},"_links":{"self":[{"href":"https:\/\/roveyayinevi.com.tr\/index.php\/wp-json\/wp\/v2\/product\/757292","targetHints":{"allow":["GET"]}}],"collection":[{"href":"https:\/\/roveyayinevi.com.tr\/index.php\/wp-json\/wp\/v2\/product"}],"about":[{"href":"https:\/\/roveyayinevi.com.tr\/index.php\/wp-json\/wp\/v2\/types\/product"}],"wp:attachment":[{"href":"https:\/\/roveyayinevi.com.tr\/index.php\/wp-json\/wp\/v2\/media?parent=757292"}],"wp:term":[{"taxonomy":"product_brand","embeddable":true,"href":"https:\/\/roveyayinevi.com.tr\/index.php\/wp-json\/wp\/v2\/product_brand?post=757292"},{"taxonomy":"product_cat","embeddable":true,"href":"https:\/\/roveyayinevi.com.tr\/index.php\/wp-json\/wp\/v2\/product_cat?post=757292"},{"taxonomy":"product_tag","embeddable":true,"href":"https:\/\/roveyayinevi.com.tr\/index.php\/wp-json\/wp\/v2\/product_tag?post=757292"}],"curies":[{"name":"wp","href":"https:\/\/api.w.org\/{rel}","templated":true}]}}