{"id":757291,"date":"2025-08-28T07:31:51","date_gmt":"2025-08-28T04:31:51","guid":{"rendered":"https:\/\/roveyayinevi.com.tr\/index.php\/urun\/firtinanin-kalbine-in\/"},"modified":"2026-04-03T03:12:20","modified_gmt":"2026-04-03T00:12:20","slug":"firtinanin-kalbine-in","status":"publish","type":"product","link":"https:\/\/roveyayinevi.com.tr\/index.php\/urun\/firtinanin-kalbine-in\/","title":{"rendered":"F\u0131rt\u0131nan\u0131n Kalbine \u0130n"},"content":{"rendered":"<p>Ey a\u015fk\u0131 de\u011fil ya\u015famaya, konu\u015fmaya mecali kalmam\u0131\u015f yarat\u0131k; erkek. Ey emin ellerde oldu\u011funda bunun yetece\u011fini d\u00fc\u015f\u00fcn\u00fcp kalbini \u00f6teleyen yarat\u0131k; kad\u0131n. Ey daha kendi olamam\u0131\u015fken yaradana yak\u0131nla\u015ft\u0131\u011f\u0131n\u0131 zanneden yarat\u0131k; insan. Ey \u00f6zl\u00fc s\u00f6zleri a\u015fk felsefesi yapm\u0131\u015f, Rumi\u2019yi kalbiyle ve ruhuyla \u00e7\u00f6zemeyip laf diye okuyan\u2026 Yan, yan ki dolas\u0131n. D\u00f6n ki d\u00f6n\u00fc\u015fesin. Teslim ol ki kucaklanas\u0131n. D\u00fc\u015f ki kalkas\u0131n. D\u00fc\u015fle ki olas\u0131n. Bir aynan\u0131n s\u0131rr\u0131 kadars\u0131n. Ne zaman ki kendine de\u011fil de g\u00f6z\u00fcndeki d\u00fcnyalara ula\u015f\u0131rs\u0131n, s\u0131r kap\u0131s\u0131na bir ad\u0131m yakla\u015f\u0131rs\u0131n. Nimettir dostlar, yan\u0131ndad\u0131r. Sen onlara izin ver, g\u00fczel kalplerini a\u00e7t\u0131r. Yollar\u0131 g\u00f6rmeni sa\u011flayan o dostlard\u0131r. Lakin unutma, \u201c\u00d6Z\u201d yaln\u0131zca sendedir. D\u00fc\u015f\u00fcnsel oyunlar kalbine nifak sokacakt\u0131r. Yollar engebeli, yollar \u00e7etrefilli\u2026 Anahtar kalbinde, inan\u0131rsan ruhun \u00f6z\u00fcnden t\u00fcm haritay\u0131 \u00e7\u0131karacakt\u0131r. Oku, d\u00fc\u015f\u00fcn, d\u00fc\u015fle. Kalp sesin en g\u00fc\u00e7l\u00fc duand\u0131r. <\/p>\n","protected":false},"excerpt":{"rendered":"<p>Ey a\u015fk\u0131 de\u011fil ya\u015famaya, konu\u015fmaya mecali kalmam\u0131\u015f yarat\u0131k; erkek. Ey emin ellerde oldu\u011funda bunun yetece\u011fini d\u00fc\u015f\u00fcn\u00fcp kalbini \u00f6teleyen yarat\u0131k; kad\u0131n. Ey daha kendi olamam\u0131\u015fken yaradana yak\u0131nla\u015ft\u0131\u011f\u0131n\u0131<span class=\"excerpt-hellip\"> [\u2026]<\/span><\/p>\n","protected":false},"featured_media":0,"template":"","meta":{"_monsterinsights_skip_tracking":false,"_monsterinsights_sitenote_active":false,"_monsterinsights_sitenote_note":"","_monsterinsights_sitenote_category":0},"product_brand":[],"product_cat":[12364,12376],"product_tag":[],"class_list":{"0":"post-757291","1":"product","2":"type-product","3":"status-publish","5":"product_cat-genel-konular","6":"product_cat-kisisel-gelisim","7":"pa_cilt-ciltsiz","8":"pa_tur-kitap","9":"pa_yayinevi-muptela-yayinevi","10":"pa_yazar-melisa-dogu","12":"first","13":"instock","14":"sale","15":"shipping-taxable","16":"purchasable","17":"product-type-simple"},"_links":{"self":[{"href":"https:\/\/roveyayinevi.com.tr\/index.php\/wp-json\/wp\/v2\/product\/757291","targetHints":{"allow":["GET"]}}],"collection":[{"href":"https:\/\/roveyayinevi.com.tr\/index.php\/wp-json\/wp\/v2\/product"}],"about":[{"href":"https:\/\/roveyayinevi.com.tr\/index.php\/wp-json\/wp\/v2\/types\/product"}],"wp:attachment":[{"href":"https:\/\/roveyayinevi.com.tr\/index.php\/wp-json\/wp\/v2\/media?parent=757291"}],"wp:term":[{"taxonomy":"product_brand","embeddable":true,"href":"https:\/\/roveyayinevi.com.tr\/index.php\/wp-json\/wp\/v2\/product_brand?post=757291"},{"taxonomy":"product_cat","embeddable":true,"href":"https:\/\/roveyayinevi.com.tr\/index.php\/wp-json\/wp\/v2\/product_cat?post=757291"},{"taxonomy":"product_tag","embeddable":true,"href":"https:\/\/roveyayinevi.com.tr\/index.php\/wp-json\/wp\/v2\/product_tag?post=757291"}],"curies":[{"name":"wp","href":"https:\/\/api.w.org\/{rel}","templated":true}]}}