{"id":757287,"date":"2025-08-28T07:31:45","date_gmt":"2025-08-28T04:31:45","guid":{"rendered":"https:\/\/roveyayinevi.com.tr\/index.php\/urun\/kalabriyada\/"},"modified":"2026-04-16T03:10:08","modified_gmt":"2026-04-16T00:10:08","slug":"kalabriyada","status":"publish","type":"product","link":"https:\/\/roveyayinevi.com.tr\/index.php\/urun\/kalabriyada\/","title":{"rendered":"Kalabriya\u2019da"},"content":{"rendered":"<p>Fantastik edebiyat\u0131n ya\u015fayan en \u00f6nemli isimlerinden ve D\u00fcnya Fantazi \u00d6d\u00fclleri\u2019nde Hayat Boyu Ba\u015far\u0131 \u00d6d\u00fcl\u00fc sahibi Peter S. Beagle\u2019dan zarif bir modern \u00e7a\u011f masal\u0131: Kalabriya\u2019da.   Claudio Bianchi, G\u00fcney \u0130talya\u2019n\u0131n m\u00fckemmel manzaral\u0131 Kalabriya b\u00f6lgesindeki bir yama\u00e7ta uzun y\u0131llard\u0131r tek ba\u015f\u0131na ya\u015f\u0131yordu. Kendi h\u00e2linde bir insan olan ve yabanc\u0131lara \u015f\u00fcpheyle yakla\u015fan Claudio, g\u00fcnlerini \u00e7ift\u00e7ilik yaparak ve \u015fiir yazarak ge\u00e7iriyordu.   So\u011fuk bir sabah \u00e7iftlikte s\u0131rad\u0131\u015f\u0131 bir ziyaret\u00e7i belirdi\u011finde ise Claudio\u2019nun hayat\u0131 de\u011fi\u015fecekti. Sakin hayat\u0131 geride kalacak ve merakl\u0131 izleyiciler, gizlili\u011fe sayg\u0131s\u0131 olmayan medya ve bunlardan daha da k\u00f6t\u00fcc\u00fcl bir \u015feyle u\u011fra\u015fmak zorunda kalacakt\u0131.   Kalabriya\u2019da okurlara \u015fiirsel bir anlat\u0131m ve s\u00fcr\u00fckleyici bir hik\u00e2ye vaat ediyor. <\/p>\n","protected":false},"excerpt":{"rendered":"<p>Fantastik edebiyat\u0131n ya\u015fayan en \u00f6nemli isimlerinden ve D\u00fcnya Fantazi \u00d6d\u00fclleri\u2019nde Hayat Boyu Ba\u015far\u0131 \u00d6d\u00fcl\u00fc sahibi Peter S. Beagle\u2019dan zarif bir modern \u00e7a\u011f masal\u0131: Kalabriya\u2019da. Claudio Bianchi,<span class=\"excerpt-hellip\"> [\u2026]<\/span><\/p>\n","protected":false},"featured_media":0,"template":"","meta":{"_monsterinsights_skip_tracking":false,"_monsterinsights_sitenote_active":false,"_monsterinsights_sitenote_note":"","_monsterinsights_sitenote_category":0},"product_brand":[],"product_cat":[12291,14777],"product_tag":[],"class_list":{"0":"post-757287","1":"product","2":"type-product","3":"status-publish","5":"product_cat-edebiyat","6":"product_cat-fantastik","7":"pa_cilt-ciltsiz","8":"pa_tur-kitap","9":"pa_yayinevi-ithaki-yayinlari","10":"pa_yazar-peter-s-beagle","12":"first","13":"instock","14":"sale","15":"shipping-taxable","16":"purchasable","17":"product-type-simple"},"_links":{"self":[{"href":"https:\/\/roveyayinevi.com.tr\/index.php\/wp-json\/wp\/v2\/product\/757287","targetHints":{"allow":["GET"]}}],"collection":[{"href":"https:\/\/roveyayinevi.com.tr\/index.php\/wp-json\/wp\/v2\/product"}],"about":[{"href":"https:\/\/roveyayinevi.com.tr\/index.php\/wp-json\/wp\/v2\/types\/product"}],"wp:attachment":[{"href":"https:\/\/roveyayinevi.com.tr\/index.php\/wp-json\/wp\/v2\/media?parent=757287"}],"wp:term":[{"taxonomy":"product_brand","embeddable":true,"href":"https:\/\/roveyayinevi.com.tr\/index.php\/wp-json\/wp\/v2\/product_brand?post=757287"},{"taxonomy":"product_cat","embeddable":true,"href":"https:\/\/roveyayinevi.com.tr\/index.php\/wp-json\/wp\/v2\/product_cat?post=757287"},{"taxonomy":"product_tag","embeddable":true,"href":"https:\/\/roveyayinevi.com.tr\/index.php\/wp-json\/wp\/v2\/product_tag?post=757287"}],"curies":[{"name":"wp","href":"https:\/\/api.w.org\/{rel}","templated":true}]}}