{"id":757284,"date":"2025-08-28T07:31:40","date_gmt":"2025-08-28T04:31:40","guid":{"rendered":"https:\/\/roveyayinevi.com.tr\/index.php\/urun\/karabas-unyede\/"},"modified":"2026-04-16T03:10:08","modified_gmt":"2026-04-16T00:10:08","slug":"karabas-unyede","status":"publish","type":"product","link":"https:\/\/roveyayinevi.com.tr\/index.php\/urun\/karabas-unyede\/","title":{"rendered":"Karaba\u015f \u00dcnye\u2019de"},"content":{"rendered":"<p>\u201cEski zamanlarda evcille\u015fen kedi, k\u00f6pek ve at, e\u015fek gibi hayvanlarla k\u00fcmes hayvanlar\u0131n\u0131n hayat\u0131m\u0131z\u0131n ortas\u0131nda bizimle birlikte ya\u015famaktad\u0131rlar. Yery\u00fcz\u00fcnde b\u00fct\u00fcn canl\u0131lar do\u011fada ya\u015fam m\u00fccadelesi veriyorlar. Hayvanlar ile insanlar yery\u00fcz\u00fcn\u00fc payla\u015fan canl\u0131lard\u0131r. Sevimlili\u011fiyle evde yaln\u0131zl\u0131\u011f\u0131m\u0131z\u0131 payla\u015f\u0131p uyum sa\u011flayabilen kedilerimiz ile sad\u0131k i\u00e7ten davran\u0131\u015f\u0131yla onlara g\u00fcvendi\u011fimiz can dostlar\u0131m\u0131z olan k\u00f6pekler ya\u015fam\u0131m\u0131za farkl\u0131 de\u011fer katmaktad\u0131r.\u201d   Karadeniz&#8217;in e\u015fsiz g\u00fczelliklerini bar\u0131nd\u0131ran Ordu&#8217;nun \u00dcnye il\u00e7esinde ge\u00e7en s\u0131ms\u0131cak bir hik\u00e2ye\u2026 Sokakta ya\u015fayan k\u00f6peklere, d\u00f6v\u00fc\u015fe zorlanan horozlara, \u015fifa kayna\u011f\u0131 olan kedilere de yer vererek onlar\u0131n hayatlar\u0131ndan kesitler sunan ve bir mahallenin birbirinden ilgin\u00e7 sakinlerinin hayatlar\u0131na \u0131\u015f\u0131k tutan bir roman\u2026<\/p>\n","protected":false},"excerpt":{"rendered":"<p>\u201cEski zamanlarda evcille\u015fen kedi, k\u00f6pek ve at, e\u015fek gibi hayvanlarla k\u00fcmes hayvanlar\u0131n\u0131n hayat\u0131m\u0131z\u0131n ortas\u0131nda bizimle birlikte ya\u015famaktad\u0131rlar. Yery\u00fcz\u00fcnde b\u00fct\u00fcn canl\u0131lar do\u011fada ya\u015fam m\u00fccadelesi veriyorlar. Hayvanlar ile<span class=\"excerpt-hellip\"> [\u2026]<\/span><\/p>\n","protected":false},"featured_media":0,"template":"","meta":{"_monsterinsights_skip_tracking":false,"_monsterinsights_sitenote_active":false,"_monsterinsights_sitenote_note":"","_monsterinsights_sitenote_category":0},"product_brand":[],"product_cat":[12291,12711],"product_tag":[],"class_list":{"0":"post-757284","1":"product","2":"type-product","3":"status-publish","5":"product_cat-edebiyat","6":"product_cat-roman-oyku","7":"pa_cilt-ciltsiz","8":"pa_tur-kitap","9":"pa_yayinevi-elpis-yayinlari","10":"pa_yazar-kemal-kaya","12":"first","13":"instock","14":"sale","15":"shipping-taxable","16":"purchasable","17":"product-type-simple"},"_links":{"self":[{"href":"https:\/\/roveyayinevi.com.tr\/index.php\/wp-json\/wp\/v2\/product\/757284","targetHints":{"allow":["GET"]}}],"collection":[{"href":"https:\/\/roveyayinevi.com.tr\/index.php\/wp-json\/wp\/v2\/product"}],"about":[{"href":"https:\/\/roveyayinevi.com.tr\/index.php\/wp-json\/wp\/v2\/types\/product"}],"wp:attachment":[{"href":"https:\/\/roveyayinevi.com.tr\/index.php\/wp-json\/wp\/v2\/media?parent=757284"}],"wp:term":[{"taxonomy":"product_brand","embeddable":true,"href":"https:\/\/roveyayinevi.com.tr\/index.php\/wp-json\/wp\/v2\/product_brand?post=757284"},{"taxonomy":"product_cat","embeddable":true,"href":"https:\/\/roveyayinevi.com.tr\/index.php\/wp-json\/wp\/v2\/product_cat?post=757284"},{"taxonomy":"product_tag","embeddable":true,"href":"https:\/\/roveyayinevi.com.tr\/index.php\/wp-json\/wp\/v2\/product_tag?post=757284"}],"curies":[{"name":"wp","href":"https:\/\/api.w.org\/{rel}","templated":true}]}}