{"id":757279,"date":"2025-08-28T07:31:33","date_gmt":"2025-08-28T04:31:33","guid":{"rendered":"https:\/\/roveyayinevi.com.tr\/index.php\/urun\/elbet-acacak-icimdeki-nilufer\/"},"modified":"2026-04-03T03:12:20","modified_gmt":"2026-04-03T00:12:20","slug":"elbet-acacak-icimdeki-nilufer","status":"publish","type":"product","link":"https:\/\/roveyayinevi.com.tr\/index.php\/urun\/elbet-acacak-icimdeki-nilufer\/","title":{"rendered":"Elbet A\u00e7acak \u0130\u00e7imdeki Nil\u00fcfer"},"content":{"rendered":"<p>Hayat dedi\u011fimiz yolculukta insan olmaya \u00e7abalarken deneyimledi\u011fimiz engebelere kar\u015f\u0131 yaln\u0131z hissetmek istemedi\u011finizde rahatl\u0131kla bu kitab\u0131 kendinize hediye edebilirsiniz. -Canan Erg\u00fcder, Oyuncu  Didem Ergin, zihnimizi d\u00f6n\u00fc\u015ft\u00fcrme kapasitesine sahip \u00f6z \u015fefkatin g\u00fcc\u00fcn\u00fc, dokunakl\u0131 ve hayat dolu bir hik\u00e2ye arac\u0131l\u0131\u011f\u0131yla bizimle payla\u015f\u0131yor.-N\u00f6rocerrah Prof. Dr. James Doty, Stanford \u00dcniversitesi\u015eefkat ve Di\u011ferkaml\u0131k Ara\u015ft\u0131rma ve E\u011fitim Merkezi (CCARE)  Direkt\u00f6r\u00fc S\u00fcrekli olarak \u201cBen neden b\u00f6yleyim?\u201d diye kendini sorgulayan Deniz, i\u00e7indeki  zalim sesle daha \u015fefkatli bir ili\u015fki geli\u015ftirebilmenin ve kendini anlama yolculu\u011funun i\u00e7indedir. Hem ailesinden hem de ya\u015fad\u0131\u011f\u0131 \u015fehirden uzakla\u015f\u0131rken edindi\u011fi fark\u0131ndal\u0131klar sayesinde kendisiyle kurdu\u011fu h\u0131r\u00e7\u0131n ili\u015fkisine bir anlay\u0131\u015f ve yumu\u015fama h\u00e2kim olur. Hayat\u0131n zorluklar\u0131 herkeste oldu\u011fu gibi ona da manevi \u00f6\u011fretmenlik yapmaya ba\u015flar&#8230; Stanford \u00dcniversitesi \u015eefkat El\u00e7isi Didem Ergin, y\u0131llard\u0131r \u00fczerine \u00e7al\u0131\u015ft\u0131\u011f\u0131 Budist \u00f6\u011fretileri bilimsel y\u00f6ntemlerle harmanlayarak bir kad\u0131n\u0131n \u015fefkat yolculu\u011funu okurla payla\u015f\u0131yor. \u00d6zg\u00fcn dili ve yakla\u015f\u0131m\u0131yla, kendine do\u011fru i\u00e7sel bir ad\u0131m atmak isteyenlere i\u00e7ten bir davet sunuyor.<\/p>\n","protected":false},"excerpt":{"rendered":"<p>Hayat dedi\u011fimiz yolculukta insan olmaya \u00e7abalarken deneyimledi\u011fimiz engebelere kar\u015f\u0131 yaln\u0131z hissetmek istemedi\u011finizde rahatl\u0131kla bu kitab\u0131 kendinize hediye edebilirsiniz. -Canan Erg\u00fcder, Oyuncu Didem Ergin, zihnimizi d\u00f6n\u00fc\u015ft\u00fcrme kapasitesine<span class=\"excerpt-hellip\"> [\u2026]<\/span><\/p>\n","protected":false},"featured_media":0,"template":"","meta":{"_monsterinsights_skip_tracking":false,"_monsterinsights_sitenote_active":false,"_monsterinsights_sitenote_note":"","_monsterinsights_sitenote_category":0},"product_brand":[],"product_cat":[12364,12376],"product_tag":[],"class_list":{"0":"post-757279","1":"product","2":"type-product","3":"status-publish","5":"product_cat-genel-konular","6":"product_cat-kisisel-gelisim","7":"pa_cilt-ciltsiz","8":"pa_tur-kitap","9":"pa_yayinevi-nemesis-kitap","10":"pa_yazar-didem-ergin","12":"first","13":"instock","14":"sale","15":"shipping-taxable","16":"purchasable","17":"product-type-simple"},"_links":{"self":[{"href":"https:\/\/roveyayinevi.com.tr\/index.php\/wp-json\/wp\/v2\/product\/757279","targetHints":{"allow":["GET"]}}],"collection":[{"href":"https:\/\/roveyayinevi.com.tr\/index.php\/wp-json\/wp\/v2\/product"}],"about":[{"href":"https:\/\/roveyayinevi.com.tr\/index.php\/wp-json\/wp\/v2\/types\/product"}],"wp:attachment":[{"href":"https:\/\/roveyayinevi.com.tr\/index.php\/wp-json\/wp\/v2\/media?parent=757279"}],"wp:term":[{"taxonomy":"product_brand","embeddable":true,"href":"https:\/\/roveyayinevi.com.tr\/index.php\/wp-json\/wp\/v2\/product_brand?post=757279"},{"taxonomy":"product_cat","embeddable":true,"href":"https:\/\/roveyayinevi.com.tr\/index.php\/wp-json\/wp\/v2\/product_cat?post=757279"},{"taxonomy":"product_tag","embeddable":true,"href":"https:\/\/roveyayinevi.com.tr\/index.php\/wp-json\/wp\/v2\/product_tag?post=757279"}],"curies":[{"name":"wp","href":"https:\/\/api.w.org\/{rel}","templated":true}]}}