{"id":757278,"date":"2025-08-28T07:31:32","date_gmt":"2025-08-28T04:31:32","guid":{"rendered":"https:\/\/roveyayinevi.com.tr\/index.php\/urun\/bilimin-bilimi-ve-dusunumsellik\/"},"modified":"2026-04-16T03:10:08","modified_gmt":"2026-04-16T00:10:08","slug":"bilimin-bilimi-ve-dusunumsellik","status":"publish","type":"product","link":"https:\/\/roveyayinevi.com.tr\/index.php\/urun\/bilimin-bilimi-ve-dusunumsellik\/","title":{"rendered":"Bilimin Bilimi ve D\u00fc\u015f\u00fcn\u00fcmsellik"},"content":{"rendered":"<p>Nesnem olarak ald\u0131\u011f\u0131m d\u00fcnyan\u0131n i\u00e7inde oldu\u011fumu ve onun taraf\u0131ndan i\u00e7erildi\u011fimi biliyorum. Bir bilim insan\u0131 olarak, toplumsal d\u00fcnyadaki hakikat m\u00fccadelelerinde ne yapt\u0131\u011f\u0131m\u0131 bilmeden, bu m\u00fccadelelerde yer ald\u0131\u011f\u0131m\u0131 bilmeden bir pozisyon alamam; tek hakikat, hakikatin hem akademik d\u00fcnyada hem de bu akademik d\u00fcnyan\u0131n nesnesi olarak toplumsal d\u00fcnyadabir m\u00fccadele nesnesi oldu\u011fudur. Tam da bundan \u00f6t\u00fcr\u00fc bilimi tarihsel ve sosyolojik bir analize tabi tutmak bana hi\u00e7 olmad\u0131\u011f\u0131 kadar gerekli g\u00f6z\u00fckt\u00fc. Ama\u00e7lar\u0131mdan biri, bilimsel bilgiyi ortadan kald\u0131rmak ya da itibars\u0131zla\u015ft\u0131rmak i\u00e7in de\u011fil, aksine onu daha g\u00fc\u00e7l\u00fc bir kontrole tabi tutmak ve g\u00fc\u00e7lendirmek i\u00e7in bilginin \u00f6znesine kar\u015f\u0131 y\u00f6nlendirilebilecek bilgi ara\u00e7lar\u0131n\u0131 sa\u011flamakt\u0131r. Di\u011fer bilimlere toplumsal temelleri sorusunu y\u00f6nelten sosyoloji bu sorgulamadan kendisini muaf tutamaz. Toplumsal d\u00fcnyaya, if\u015fa eden, maskeyi d\u00fc\u015f\u00fcren, gizli olan\u0131 a\u00e7\u0131\u011fa \u00e7\u0131karan bir bak\u0131\u015f atan sosyoloji kendisine de ayn\u0131 \u015fekilde bakmaktan ka\u00e7\u0131namaz. Buradaki ama\u00e7, sosyolojiyi yok etmek de\u011fil, aksine ona hizmet etmek, daha iyi bir sosyoloji yapmak i\u00e7in sosyolojinin sosyolojisinden istifade etmektir. <\/p>\n","protected":false},"excerpt":{"rendered":"<p>Nesnem olarak ald\u0131\u011f\u0131m d\u00fcnyan\u0131n i\u00e7inde oldu\u011fumu ve onun taraf\u0131ndan i\u00e7erildi\u011fimi biliyorum. Bir bilim insan\u0131 olarak, toplumsal d\u00fcnyadaki hakikat m\u00fccadelelerinde ne yapt\u0131\u011f\u0131m\u0131 bilmeden, bu m\u00fccadelelerde yer ald\u0131\u011f\u0131m\u0131<span class=\"excerpt-hellip\"> [\u2026]<\/span><\/p>\n","protected":false},"featured_media":0,"template":"","meta":{"_monsterinsights_skip_tracking":false,"_monsterinsights_sitenote_active":false,"_monsterinsights_sitenote_note":"","_monsterinsights_sitenote_category":0},"product_brand":[],"product_cat":[12324],"product_tag":[],"class_list":{"0":"post-757278","1":"product","2":"type-product","3":"status-publish","5":"product_cat-sosyoloji","6":"pa_cilt-ciltsiz","7":"pa_tur-kitap","8":"pa_yayinevi-heretik-yayincilik","9":"pa_yazar-pierre-bourdieu","11":"first","12":"instock","13":"sale","14":"shipping-taxable","15":"purchasable","16":"product-type-simple"},"_links":{"self":[{"href":"https:\/\/roveyayinevi.com.tr\/index.php\/wp-json\/wp\/v2\/product\/757278","targetHints":{"allow":["GET"]}}],"collection":[{"href":"https:\/\/roveyayinevi.com.tr\/index.php\/wp-json\/wp\/v2\/product"}],"about":[{"href":"https:\/\/roveyayinevi.com.tr\/index.php\/wp-json\/wp\/v2\/types\/product"}],"wp:attachment":[{"href":"https:\/\/roveyayinevi.com.tr\/index.php\/wp-json\/wp\/v2\/media?parent=757278"}],"wp:term":[{"taxonomy":"product_brand","embeddable":true,"href":"https:\/\/roveyayinevi.com.tr\/index.php\/wp-json\/wp\/v2\/product_brand?post=757278"},{"taxonomy":"product_cat","embeddable":true,"href":"https:\/\/roveyayinevi.com.tr\/index.php\/wp-json\/wp\/v2\/product_cat?post=757278"},{"taxonomy":"product_tag","embeddable":true,"href":"https:\/\/roveyayinevi.com.tr\/index.php\/wp-json\/wp\/v2\/product_tag?post=757278"}],"curies":[{"name":"wp","href":"https:\/\/api.w.org\/{rel}","templated":true}]}}