{"id":757277,"date":"2025-08-28T07:31:30","date_gmt":"2025-08-28T04:31:30","guid":{"rendered":"https:\/\/roveyayinevi.com.tr\/index.php\/urun\/kimi-sevsem-sana-benziyor-hep-gunes-yemini\/"},"modified":"2026-04-16T03:10:08","modified_gmt":"2026-04-16T00:10:08","slug":"kimi-sevsem-sana-benziyor-hep-gunes-yemini","status":"publish","type":"product","link":"https:\/\/roveyayinevi.com.tr\/index.php\/urun\/kimi-sevsem-sana-benziyor-hep-gunes-yemini\/","title":{"rendered":"Kimi Sevsem Sana Benziyor Hep (G\u00fcne\u015f Yemini)"},"content":{"rendered":"<p>A\u015fklar yaln\u0131zl\u0131klarla, \u00f6l\u00fcmlerle daha \u00e7ok an\u0131l\u0131r oldu art\u0131k. A\u015fklar\u0131 hele zamanla a\u00e7\u0131klamaya kalk\u0131\u015ft\u0131\u011f\u0131n\u0131zda, k\u0131sal\u0131\u011f\u0131yla, s\u0131\u011fl\u0131\u011f\u0131yla ve k\u00fclt\u00fcrel planda alts\u0131zl\u0131\u011f\u0131yla sonunu hemen getiriveriyorsunuz. Kimi &#8220;A\u015fk\u0131n \u00f6mr\u00fc \u00fc\u00e7 y\u0131ld\u0131r&#8221; diyor, kimi &#8220;A\u015fk ba\u015fka, ho\u015flan\u0131m ba\u015fka&#8221; diyor, kimi de &#8220;A\u015fk, g\u00fczelli\u011fin arac\u0131l\u0131\u011f\u0131yla \u00e7o\u011falma arzusudur&#8221; diyor. Cemal S\u00fcreya ise sevgilisine &#8220;A\u015fklar da bak\u0131m istiyor, \u00f6\u011frenemedin gitti!&#8221; diye seslenir bir \u015fiirinde.Elinizde tuttu\u011funuz bu kitapta da y\u00fcre\u011fini \u015fiir duyarl\u0131\u011f\u0131yla beslemi\u015f gen\u00e7 bir adam\u0131n tutkuyla ba\u011fland\u0131\u011f\u0131 bir kad\u0131nla ya\u015fad\u0131\u011f\u0131 a\u015fk anlat\u0131l\u0131yor.Fakat her a\u015fk, yaln\u0131z kendine benzer.Bu da \u00f6yle: Bu a\u015fk da kendi kurallar\u0131n\u0131 kendi koyuyor ve anar\u015fist tavr\u0131n\u0131n sonunu kendi haz\u0131rl\u0131yor. Her a\u015fkta oldu\u011fu gibi, bunda da taraflar -belki- yaln\u0131zca birer akt\u00f6r&#8230;Do\u011fa ya da kader; onlar\u0131 yan yana getiriyor, rollerini veriyor ve sahneye sal\u0131yor.Onlara yaln\u0131zca oynamak kal\u0131yor.\u0130nanarak&#8230; Bilerek&#8230;&#8221;\u015eiirden gelme&#8221;nin bilinciyle yazan Kemal Demir&#8217;in bu kitab\u0131, a\u015fk konusunda \u00e7ok ciddi olarak kafa yoran, bunu tart\u0131\u015fan ve bir sonuca ula\u015ft\u0131rmak isteyenlerin ba\u015fucu kitab\u0131 olacak.<\/p>\n","protected":false},"excerpt":{"rendered":"<p>A\u015fklar yaln\u0131zl\u0131klarla, \u00f6l\u00fcmlerle daha \u00e7ok an\u0131l\u0131r oldu art\u0131k. A\u015fklar\u0131 hele zamanla a\u00e7\u0131klamaya kalk\u0131\u015ft\u0131\u011f\u0131n\u0131zda, k\u0131sal\u0131\u011f\u0131yla, s\u0131\u011fl\u0131\u011f\u0131yla ve k\u00fclt\u00fcrel planda alts\u0131zl\u0131\u011f\u0131yla sonunu hemen getiriveriyorsunuz. Kimi &#8220;A\u015fk\u0131n \u00f6mr\u00fc \u00fc\u00e7<span class=\"excerpt-hellip\"> [\u2026]<\/span><\/p>\n","protected":false},"featured_media":0,"template":"","meta":{"_monsterinsights_skip_tracking":false,"_monsterinsights_sitenote_active":false,"_monsterinsights_sitenote_note":"","_monsterinsights_sitenote_category":0},"product_brand":[],"product_cat":[12291,12509],"product_tag":[],"class_list":{"0":"post-757277","1":"product","2":"type-product","3":"status-publish","5":"product_cat-edebiyat","6":"product_cat-siir","7":"pa_cilt-ciltsiz","8":"pa_tur-kitap","9":"pa_yayinevi-kirmizi-ada-yayinlari","10":"pa_yazar-kemal-demir","12":"first","13":"instock","14":"sale","15":"shipping-taxable","16":"purchasable","17":"product-type-simple"},"_links":{"self":[{"href":"https:\/\/roveyayinevi.com.tr\/index.php\/wp-json\/wp\/v2\/product\/757277","targetHints":{"allow":["GET"]}}],"collection":[{"href":"https:\/\/roveyayinevi.com.tr\/index.php\/wp-json\/wp\/v2\/product"}],"about":[{"href":"https:\/\/roveyayinevi.com.tr\/index.php\/wp-json\/wp\/v2\/types\/product"}],"wp:attachment":[{"href":"https:\/\/roveyayinevi.com.tr\/index.php\/wp-json\/wp\/v2\/media?parent=757277"}],"wp:term":[{"taxonomy":"product_brand","embeddable":true,"href":"https:\/\/roveyayinevi.com.tr\/index.php\/wp-json\/wp\/v2\/product_brand?post=757277"},{"taxonomy":"product_cat","embeddable":true,"href":"https:\/\/roveyayinevi.com.tr\/index.php\/wp-json\/wp\/v2\/product_cat?post=757277"},{"taxonomy":"product_tag","embeddable":true,"href":"https:\/\/roveyayinevi.com.tr\/index.php\/wp-json\/wp\/v2\/product_tag?post=757277"}],"curies":[{"name":"wp","href":"https:\/\/api.w.org\/{rel}","templated":true}]}}