{"id":757276,"date":"2025-08-28T07:31:29","date_gmt":"2025-08-28T04:31:29","guid":{"rendered":"https:\/\/roveyayinevi.com.tr\/index.php\/urun\/din-uzerine-diyaloglar\/"},"modified":"2026-02-03T03:24:41","modified_gmt":"2026-02-03T00:24:41","slug":"din-uzerine-diyaloglar","status":"publish","type":"product","link":"https:\/\/roveyayinevi.com.tr\/index.php\/urun\/din-uzerine-diyaloglar\/","title":{"rendered":"Din \u00dczerine Diyaloglar"},"content":{"rendered":"<p>Alman felsefesinin \u00f6nc\u00fc isimlerinden Arthur Schopenhauer, &#8220;Din \u00dczerine Diyaloglar&#8221; adl\u0131 eserinde, insan\u0131n varolu\u015fsal aray\u0131\u015f\u0131n\u0131 ve bu aray\u0131\u015f\u0131n dini inan\u00e7larla nas\u0131l i\u00e7 i\u00e7e ge\u00e7ti\u011fini sorguluyor. Schopenhauer, okuyucuyu, dini inan\u00e7lar\u0131n k\u00f6kenine ve bu inan\u00e7lar\u0131n insan hayat\u0131 \u00fczerindeki etkilerine dair derin bir ke\u015ffe davet ediyor. Bu eserde, Schopenhauer&#8217;un kendine has \u00fcslubu ve keskin zek\u00e2s\u0131, dinin felsefi temelleri \u00fczerine kurulu bir diyalogla harmanlan\u0131yor. Yazar, dinin insan ya\u015fam\u0131ndaki yerini ve toplumsal yap\u0131lar \u00fczerindeki etkisini, ele\u015ftirel bir bak\u0131\u015f a\u00e7\u0131s\u0131yla inceliyor. Bu diyalogda, insan\u0131n evren i\u00e7indeki yerini anlamaya \u00e7al\u0131\u015f\u0131rken, dini inan\u00e7lar\u0131n insan davran\u0131\u015flar\u0131 ve d\u00fc\u015f\u00fcnceleri \u00fczerindeki g\u00fcc\u00fcn\u00fc de tart\u0131\u015f\u0131yor. Schopenhauer, dinin insanl\u0131k tarihi \u00fczerindeki rol\u00fcn\u00fc sorgularken, ayn\u0131 zamanda bireysel \u00f6zg\u00fcrl\u00fc\u011f\u00fcn ve ak\u0131l y\u00fcr\u00fctmenin \u00f6nemini vurguluyor. &#8220;Din \u00dczerine Diyaloglar&#8221;, okuyucuya, dini inan\u00e7lar\u0131n ki\u015fisel ve toplumsal d\u00fczeyde nas\u0131l \u015fekillendi\u011fini ve bu inan\u00e7lar\u0131n insan do\u011fas\u0131yla nas\u0131l etkile\u015fim i\u00e7inde oldu\u011funu d\u00fc\u015f\u00fcnd\u00fcr\u00fcyor. Bu etkileyici eser, Schopenhauer&#8217;un d\u00fc\u015f\u00fcnce d\u00fcnyas\u0131na bir pencere a\u00e7arken, ayn\u0131 zamanda okuyucuya, din ve felsefenin karma\u015f\u0131k ili\u015fkisini yeniden de\u011ferlendirme f\u0131rsat\u0131 sunuyor. &#8220;Din \u00dczerine Diyaloglar&#8221;, felsefe ve din \u00fczerine d\u00fc\u015f\u00fcnmeyi seven herkes i\u00e7in ka\u00e7\u0131r\u0131lmamas\u0131 gereken bir ba\u015fyap\u0131t. <\/p>\n","protected":false},"excerpt":{"rendered":"<p>Alman felsefesinin \u00f6nc\u00fc isimlerinden Arthur Schopenhauer, &#8220;Din \u00dczerine Diyaloglar&#8221; adl\u0131 eserinde, insan\u0131n varolu\u015fsal aray\u0131\u015f\u0131n\u0131 ve bu aray\u0131\u015f\u0131n dini inan\u00e7larla nas\u0131l i\u00e7 i\u00e7e ge\u00e7ti\u011fini sorguluyor. Schopenhauer, okuyucuyu,<span class=\"excerpt-hellip\"> [\u2026]<\/span><\/p>\n","protected":false},"featured_media":0,"template":"","meta":{"_monsterinsights_skip_tracking":false,"_monsterinsights_sitenote_active":false,"_monsterinsights_sitenote_note":"","_monsterinsights_sitenote_category":0},"product_brand":[],"product_cat":[12388],"product_tag":[],"class_list":{"0":"post-757276","1":"product","2":"type-product","3":"status-publish","5":"product_cat-felsefe","6":"pa_cilt-ciltsiz","7":"pa_tur-kitap","8":"pa_yayinevi-kirmizi-ada-yayinlari","9":"pa_yazar-arthur-schopenhauer","11":"first","12":"instock","13":"sale","14":"shipping-taxable","15":"purchasable","16":"product-type-simple"},"_links":{"self":[{"href":"https:\/\/roveyayinevi.com.tr\/index.php\/wp-json\/wp\/v2\/product\/757276","targetHints":{"allow":["GET"]}}],"collection":[{"href":"https:\/\/roveyayinevi.com.tr\/index.php\/wp-json\/wp\/v2\/product"}],"about":[{"href":"https:\/\/roveyayinevi.com.tr\/index.php\/wp-json\/wp\/v2\/types\/product"}],"wp:attachment":[{"href":"https:\/\/roveyayinevi.com.tr\/index.php\/wp-json\/wp\/v2\/media?parent=757276"}],"wp:term":[{"taxonomy":"product_brand","embeddable":true,"href":"https:\/\/roveyayinevi.com.tr\/index.php\/wp-json\/wp\/v2\/product_brand?post=757276"},{"taxonomy":"product_cat","embeddable":true,"href":"https:\/\/roveyayinevi.com.tr\/index.php\/wp-json\/wp\/v2\/product_cat?post=757276"},{"taxonomy":"product_tag","embeddable":true,"href":"https:\/\/roveyayinevi.com.tr\/index.php\/wp-json\/wp\/v2\/product_tag?post=757276"}],"curies":[{"name":"wp","href":"https:\/\/api.w.org\/{rel}","templated":true}]}}