{"id":757274,"date":"2025-08-28T07:31:26","date_gmt":"2025-08-28T04:31:26","guid":{"rendered":"https:\/\/roveyayinevi.com.tr\/index.php\/urun\/seraph-of-the-end-kiyamet-melegi-27\/"},"modified":"2026-04-16T03:10:08","modified_gmt":"2026-04-16T00:10:08","slug":"seraph-of-the-end-kiyamet-melegi-27","status":"publish","type":"product","link":"https:\/\/roveyayinevi.com.tr\/index.php\/urun\/seraph-of-the-end-kiyamet-melegi-27\/","title":{"rendered":"Seraph of the End \u2013 K\u0131yamet Mele\u011fi 27"},"content":{"rendered":"<p>Ger\u00e7ek plan\u0131n\u0131n ayr\u0131nt\u0131lar\u0131n\u0131 \u00f6\u011frenmek i\u00e7in Guren&#8217;in g\u00fcvenli evine giden Yui\u00e7iro, ona beklenmedik bir soru sorar: &#8220;Ailemi sen mi \u00f6ld\u00fcrd\u00fcn?&#8221; Guren cevap vermekte teredd\u00fct eder ve ne olursa olsun net bir yan\u0131t isteyen Yui\u00e7iro, onu kendisiyle d\u00f6v\u00fc\u015fmeye davet eder. D\u00f6v\u00fc\u015f ba\u015flad\u0131\u011f\u0131nda, Guren, Yui\u00e7iro&#8217;nun geli\u015fiminin fark\u0131na var\u0131rken Yui\u00e7iro da Guren&#8217;in ola\u011fan\u00fcst\u00fc g\u00fcc\u00fcn\u00fc hisseder<\/p>\n","protected":false},"excerpt":{"rendered":"<p>Ger\u00e7ek plan\u0131n\u0131n ayr\u0131nt\u0131lar\u0131n\u0131 \u00f6\u011frenmek i\u00e7in Guren&#8217;in g\u00fcvenli evine giden Yui\u00e7iro, ona beklenmedik bir soru sorar: &#8220;Ailemi sen mi \u00f6ld\u00fcrd\u00fcn?&#8221; Guren cevap vermekte teredd\u00fct eder ve ne<span class=\"excerpt-hellip\"> [\u2026]<\/span><\/p>\n","protected":false},"featured_media":0,"template":"","meta":{"_monsterinsights_skip_tracking":false,"_monsterinsights_sitenote_active":false,"_monsterinsights_sitenote_note":"","_monsterinsights_sitenote_category":0},"product_brand":[],"product_cat":[12416,12291],"product_tag":[],"class_list":{"0":"post-757274","1":"product","2":"type-product","3":"status-publish","5":"product_cat-cizgi-roman","6":"product_cat-edebiyat","7":"pa_cilt-ciltsiz","8":"pa_tur-kitap","9":"pa_yayinevi-kurukafa","10":"pa_yazar-takaya-kagami","12":"first","13":"instock","14":"sale","15":"shipping-taxable","16":"purchasable","17":"product-type-simple"},"_links":{"self":[{"href":"https:\/\/roveyayinevi.com.tr\/index.php\/wp-json\/wp\/v2\/product\/757274","targetHints":{"allow":["GET"]}}],"collection":[{"href":"https:\/\/roveyayinevi.com.tr\/index.php\/wp-json\/wp\/v2\/product"}],"about":[{"href":"https:\/\/roveyayinevi.com.tr\/index.php\/wp-json\/wp\/v2\/types\/product"}],"wp:attachment":[{"href":"https:\/\/roveyayinevi.com.tr\/index.php\/wp-json\/wp\/v2\/media?parent=757274"}],"wp:term":[{"taxonomy":"product_brand","embeddable":true,"href":"https:\/\/roveyayinevi.com.tr\/index.php\/wp-json\/wp\/v2\/product_brand?post=757274"},{"taxonomy":"product_cat","embeddable":true,"href":"https:\/\/roveyayinevi.com.tr\/index.php\/wp-json\/wp\/v2\/product_cat?post=757274"},{"taxonomy":"product_tag","embeddable":true,"href":"https:\/\/roveyayinevi.com.tr\/index.php\/wp-json\/wp\/v2\/product_tag?post=757274"}],"curies":[{"name":"wp","href":"https:\/\/api.w.org\/{rel}","templated":true}]}}