{"id":757273,"date":"2025-08-28T07:31:24","date_gmt":"2025-08-28T04:31:24","guid":{"rendered":"https:\/\/roveyayinevi.com.tr\/index.php\/urun\/golgenin-gunesi\/"},"modified":"2026-04-16T03:10:08","modified_gmt":"2026-04-16T00:10:08","slug":"golgenin-gunesi","status":"publish","type":"product","link":"https:\/\/roveyayinevi.com.tr\/index.php\/urun\/golgenin-gunesi\/","title":{"rendered":"G\u00f6lgenin G\u00fcne\u015fi"},"content":{"rendered":"<p>Hayallerine ula\u015fan cesur bir asker olarak ilk g\u00f6rev yerime atand\u0131\u011f\u0131mda, verdi\u011fim sava\u015f\u0131 kazanm\u0131\u015f olman\u0131n hakl\u0131 gururu vard\u0131 \u00fczerimde. Ancak daha ilk g\u00fcnden ekipte istenmedi\u011fimi \u00f6\u011frenmek hayallerimi y\u0131kmak i\u00e7in yetmi\u015fti.Kazand\u0131\u011f\u0131m zaferin g\u00f6stermelik oldu\u011funu yeni bir sava\u015f\u0131n i\u00e7ine girdi\u011fimde anlad\u0131m. T\u00fcm s\u00f6ylenenlere inat mesle\u011fimden \u00f6d\u00fcn vermemek i\u00e7in dimdik ayakta dururken, kap\u0131m\u0131 \u00e7alan a\u015fka kar\u015f\u0131 haz\u0131rl\u0131ks\u0131zd\u0131m. Beni istemeyen bir adama \u00e2\u015f\u0131k olacak kadar da aptald\u0131m.Zorlu g\u00f6revler, korkusuz bir ekip, g\u00f6z\u00fc kara bir adam, saklanan s\u0131rlar ve ac\u0131larla dolu hayat\u0131n i\u00e7ine h\u0131zl\u0131 bir giri\u015f yapt\u0131\u011f\u0131mda art\u0131k hi\u00e7bir \u015fey eskisi gibi olmayacakt\u0131.Can\u0131m\u0131z yanacak ama al\u0131\u015facakt\u0131k\u2026 Biz bu meslekte en \u00e7ok bunu \u00f6\u011frenmi\u015ftik.\u201cTan vakti,\u201d dedim hayranl\u0131kla. Ge\u00e7 de olsa anlam\u0131\u015ft\u0131m; bu manzaray\u0131 g\u00f6rmemi istemi\u015fti. Tan vakti, g\u00fcne\u015fin do\u011fdu\u011fu zamand\u0131. Kara g\u00f6zleri beni buldu\u011funda g\u00fcl\u00fcmsedi. \u201cDo\u011fma vaktin geldi G\u00fcne\u015f.\u201d<\/p>\n","protected":false},"excerpt":{"rendered":"<p>Hayallerine ula\u015fan cesur bir asker olarak ilk g\u00f6rev yerime atand\u0131\u011f\u0131mda, verdi\u011fim sava\u015f\u0131 kazanm\u0131\u015f olman\u0131n hakl\u0131 gururu vard\u0131 \u00fczerimde. Ancak daha ilk g\u00fcnden ekipte istenmedi\u011fimi \u00f6\u011frenmek hayallerimi<span class=\"excerpt-hellip\"> [\u2026]<\/span><\/p>\n","protected":false},"featured_media":0,"template":"","meta":{"_monsterinsights_skip_tracking":false,"_monsterinsights_sitenote_active":false,"_monsterinsights_sitenote_note":"","_monsterinsights_sitenote_category":0},"product_brand":[],"product_cat":[12291,12711],"product_tag":[],"class_list":{"0":"post-757273","1":"product","2":"type-product","3":"status-publish","5":"product_cat-edebiyat","6":"product_cat-roman-oyku","7":"pa_cilt-ciltsiz","8":"pa_tur-kitap","9":"pa_yayinevi-parola-yayinlari","10":"pa_yazar-meryem-soylu","12":"first","13":"instock","14":"sale","15":"shipping-taxable","16":"purchasable","17":"product-type-simple"},"_links":{"self":[{"href":"https:\/\/roveyayinevi.com.tr\/index.php\/wp-json\/wp\/v2\/product\/757273","targetHints":{"allow":["GET"]}}],"collection":[{"href":"https:\/\/roveyayinevi.com.tr\/index.php\/wp-json\/wp\/v2\/product"}],"about":[{"href":"https:\/\/roveyayinevi.com.tr\/index.php\/wp-json\/wp\/v2\/types\/product"}],"wp:attachment":[{"href":"https:\/\/roveyayinevi.com.tr\/index.php\/wp-json\/wp\/v2\/media?parent=757273"}],"wp:term":[{"taxonomy":"product_brand","embeddable":true,"href":"https:\/\/roveyayinevi.com.tr\/index.php\/wp-json\/wp\/v2\/product_brand?post=757273"},{"taxonomy":"product_cat","embeddable":true,"href":"https:\/\/roveyayinevi.com.tr\/index.php\/wp-json\/wp\/v2\/product_cat?post=757273"},{"taxonomy":"product_tag","embeddable":true,"href":"https:\/\/roveyayinevi.com.tr\/index.php\/wp-json\/wp\/v2\/product_tag?post=757273"}],"curies":[{"name":"wp","href":"https:\/\/api.w.org\/{rel}","templated":true}]}}