{"id":757272,"date":"2025-08-28T07:31:23","date_gmt":"2025-08-28T04:31:23","guid":{"rendered":"https:\/\/roveyayinevi.com.tr\/index.php\/urun\/fire-force-alev-gucu-5\/"},"modified":"2026-04-16T03:10:08","modified_gmt":"2026-04-16T00:10:08","slug":"fire-force-alev-gucu-5","status":"publish","type":"product","link":"https:\/\/roveyayinevi.com.tr\/index.php\/urun\/fire-force-alev-gucu-5\/","title":{"rendered":"Fire Force &#8211; Alev G\u00fcc\u00fc 5"},"content":{"rendered":"<p>Alevli bir maceraya haz\u0131r m\u0131s\u0131n\u0131z?     \u015einra, karde\u015finin hayatta oldu\u011funu ve d\u00fc\u015fman i\u00e7in \u00e7al\u0131\u015ft\u0131\u011f\u0131n\u0131 \u00f6\u011frenir! 8. Alev G\u00fcc\u00fc Tak\u0131m\u0131\u2019n\u0131n g\u00fc\u00e7l\u00fc adalet duygusu, bu geli\u015fme y\u00fcz\u00fcnden \u015einra\u2019y\u0131 kendi ailesiyle kar\u015f\u0131 kar\u015f\u0131ya m\u0131 getirecek? Bu ciltte, 8. Tak\u0131m\u0131n nas\u0131l kuruldu\u011funun \u00f6yk\u00fcs\u00fcn\u00fc \u00f6\u011frenirken Uyan\u0131\u015f\u00e7\u0131\u2019y\u0131 bulma aray\u0131\u015flar\u0131nda, kendine has farkl\u0131 bir tarz\u0131 olan 7. Tak\u0131m ile y\u00fczle\u015fmelerine ve beklenmedik geli\u015fmelere haz\u0131r olun! <\/p>\n","protected":false},"excerpt":{"rendered":"<p>Alevli bir maceraya haz\u0131r m\u0131s\u0131n\u0131z? \u015einra, karde\u015finin hayatta oldu\u011funu ve d\u00fc\u015fman i\u00e7in \u00e7al\u0131\u015ft\u0131\u011f\u0131n\u0131 \u00f6\u011frenir! 8. Alev G\u00fcc\u00fc Tak\u0131m\u0131\u2019n\u0131n g\u00fc\u00e7l\u00fc adalet duygusu, bu geli\u015fme y\u00fcz\u00fcnden \u015einra\u2019y\u0131 kendi<span class=\"excerpt-hellip\"> [\u2026]<\/span><\/p>\n","protected":false},"featured_media":0,"template":"","meta":{"_monsterinsights_skip_tracking":false,"_monsterinsights_sitenote_active":false,"_monsterinsights_sitenote_note":"","_monsterinsights_sitenote_category":0},"product_brand":[],"product_cat":[12416,12291],"product_tag":[],"class_list":{"0":"post-757272","1":"product","2":"type-product","3":"status-publish","5":"product_cat-cizgi-roman","6":"product_cat-edebiyat","7":"pa_cilt-ciltsiz","8":"pa_tur-kitap","9":"pa_yayinevi-akil-celen-kitaplar","10":"pa_yazar-atsushi-ohkubo","12":"first","13":"instock","14":"sale","15":"shipping-taxable","16":"purchasable","17":"product-type-simple"},"_links":{"self":[{"href":"https:\/\/roveyayinevi.com.tr\/index.php\/wp-json\/wp\/v2\/product\/757272","targetHints":{"allow":["GET"]}}],"collection":[{"href":"https:\/\/roveyayinevi.com.tr\/index.php\/wp-json\/wp\/v2\/product"}],"about":[{"href":"https:\/\/roveyayinevi.com.tr\/index.php\/wp-json\/wp\/v2\/types\/product"}],"wp:attachment":[{"href":"https:\/\/roveyayinevi.com.tr\/index.php\/wp-json\/wp\/v2\/media?parent=757272"}],"wp:term":[{"taxonomy":"product_brand","embeddable":true,"href":"https:\/\/roveyayinevi.com.tr\/index.php\/wp-json\/wp\/v2\/product_brand?post=757272"},{"taxonomy":"product_cat","embeddable":true,"href":"https:\/\/roveyayinevi.com.tr\/index.php\/wp-json\/wp\/v2\/product_cat?post=757272"},{"taxonomy":"product_tag","embeddable":true,"href":"https:\/\/roveyayinevi.com.tr\/index.php\/wp-json\/wp\/v2\/product_tag?post=757272"}],"curies":[{"name":"wp","href":"https:\/\/api.w.org\/{rel}","templated":true}]}}