{"id":757271,"date":"2025-08-28T07:31:21","date_gmt":"2025-08-28T04:31:21","guid":{"rendered":"https:\/\/roveyayinevi.com.tr\/index.php\/urun\/horimiya-horisan-ile-miyamurakun-10-cilt\/"},"modified":"2026-04-16T03:10:08","modified_gmt":"2026-04-16T00:10:08","slug":"horimiya-horisan-ile-miyamurakun-10-cilt","status":"publish","type":"product","link":"https:\/\/roveyayinevi.com.tr\/index.php\/urun\/horimiya-horisan-ile-miyamurakun-10-cilt\/","title":{"rendered":"Horimiya Horisan ile Miyamurakun 10. Cilt"},"content":{"rendered":"<p>Horisan ile Miyamurakun\u2019un etkileyici hik\u00e2yesi devam ediyor!     Hori ve Miyamura, yeni y\u0131l\u0131 birlikte kutlamaya karar verirler&#8230; Yeni y\u0131l\u0131 mutlulukla kar\u015f\u0131lasalar da bu, lisede birlikte ge\u00e7irecekleri son y\u0131l olaca\u011f\u0131ndan biraz da h\u00fcz\u00fcnl\u00fcler. \u0130kili ve arkada\u015flar\u0131 g\u00fcnl\u00fck hayatlar\u0131na ve her zamanki e\u011flencelerine geri d\u00f6nerler ama biliyorlar ki birlikte ge\u00e7irdikleri \u00f6zel g\u00fcnler kadar s\u0131k\u0131c\u0131 g\u00fcnlerin bile yeri doldurulamaz art\u0131k. Ne var ki bu de\u011ferli g\u00fcnler sonsuza kadar s\u00fcremez&#8230;     Okul hayat\u0131, arkada\u015fl\u0131klar ve kendini ke\u015ffetme hakk\u0131nda ilham verici hik\u00e2yesiyle Horimiya sizi etkisi alt\u0131na alacak! <\/p>\n","protected":false},"excerpt":{"rendered":"<p>Horisan ile Miyamurakun\u2019un etkileyici hik\u00e2yesi devam ediyor! Hori ve Miyamura, yeni y\u0131l\u0131 birlikte kutlamaya karar verirler&#8230; Yeni y\u0131l\u0131 mutlulukla kar\u015f\u0131lasalar da bu, lisede birlikte ge\u00e7irecekleri son<span class=\"excerpt-hellip\"> [\u2026]<\/span><\/p>\n","protected":false},"featured_media":0,"template":"","meta":{"_monsterinsights_skip_tracking":false,"_monsterinsights_sitenote_active":false,"_monsterinsights_sitenote_note":"","_monsterinsights_sitenote_category":0},"product_brand":[],"product_cat":[12416,12291],"product_tag":[],"class_list":{"0":"post-757271","1":"product","2":"type-product","3":"status-publish","5":"product_cat-cizgi-roman","6":"product_cat-edebiyat","7":"pa_cilt-ciltsiz","8":"pa_tur-kitap","9":"pa_yayinevi-akil-celen-kitaplar","10":"pa_yazar-hero","12":"first","13":"instock","14":"sale","15":"shipping-taxable","16":"purchasable","17":"product-type-simple"},"_links":{"self":[{"href":"https:\/\/roveyayinevi.com.tr\/index.php\/wp-json\/wp\/v2\/product\/757271","targetHints":{"allow":["GET"]}}],"collection":[{"href":"https:\/\/roveyayinevi.com.tr\/index.php\/wp-json\/wp\/v2\/product"}],"about":[{"href":"https:\/\/roveyayinevi.com.tr\/index.php\/wp-json\/wp\/v2\/types\/product"}],"wp:attachment":[{"href":"https:\/\/roveyayinevi.com.tr\/index.php\/wp-json\/wp\/v2\/media?parent=757271"}],"wp:term":[{"taxonomy":"product_brand","embeddable":true,"href":"https:\/\/roveyayinevi.com.tr\/index.php\/wp-json\/wp\/v2\/product_brand?post=757271"},{"taxonomy":"product_cat","embeddable":true,"href":"https:\/\/roveyayinevi.com.tr\/index.php\/wp-json\/wp\/v2\/product_cat?post=757271"},{"taxonomy":"product_tag","embeddable":true,"href":"https:\/\/roveyayinevi.com.tr\/index.php\/wp-json\/wp\/v2\/product_tag?post=757271"}],"curies":[{"name":"wp","href":"https:\/\/api.w.org\/{rel}","templated":true}]}}