{"id":757269,"date":"2025-08-28T07:31:18","date_gmt":"2025-08-28T04:31:18","guid":{"rendered":"https:\/\/roveyayinevi.com.tr\/index.php\/urun\/dunyanin-paralel-tarihi\/"},"modified":"2026-04-16T03:10:08","modified_gmt":"2026-04-16T00:10:08","slug":"dunyanin-paralel-tarihi","status":"publish","type":"product","link":"https:\/\/roveyayinevi.com.tr\/index.php\/urun\/dunyanin-paralel-tarihi\/","title":{"rendered":"D\u00fcnyan\u0131n Paralel Tarihi"},"content":{"rendered":"<p>D\u00fcnyan\u0131n Paralel Tarihi insan deneyiminin canl\u0131 bir mozai\u011fini yaratmak i\u00e7in ge\u00e7mi\u015fin karma\u015f\u0131k ipliklerini tarihin sayfalar\u0131nda bir araya getiriyor. Alf Henrikson, M\u00d6 2000 y\u0131l\u0131ndan ba\u015flat\u0131p MS 2000 y\u0131l\u0131na kadar s\u00fcrd\u00fcrd\u00fc\u011f\u00fc anlat\u0131da, okurlar\u0131 tarihin e\u015fzamanl\u0131 bir yolculu\u011funa \u00e7\u0131kar\u0131yor. K\u00fcresel d\u00fcnya tarihine hem daha geni\u015f hem de e\u015fzamanl\u0131 bir perspektiften bakmam\u0131z\u0131 isteyen Henrikson, anlat\u0131s\u0131nda 4000 y\u0131ll\u0131k tarihi ony\u0131ll\u0131k periyotlara b\u00f6l\u00fcyor. Her ony\u0131ll\u0131k periyotta k\u0131talar ve milletler aras\u0131ndaki \u00f6nemli de\u011fi\u015fimleri anlat\u0131yor; tarihin sayfas\u0131nda ilk defa ortaya \u00e7\u0131kan milletler, tozlu sayfalar aras\u0131nda kaybolan medeniyetler, d\u00fcnyan\u0131n gidi\u015fat\u0131n\u0131 de\u011fi\u015ftirecek icatlar, sava\u015flar\u2026 Bu anlat\u0131lar\u0131n\u0131 zaman \u00e7izelgeleriyle de destekliyor ve \u00e7izelgelerde o d\u00f6nemin h\u00fck\u00fcmdarlar\u0131na da yer veriyor. Alf Henrikson\u2019un \u201cBj\u00f6rn\u2019\u00fcn ne\u015feli adamlar\u0131\u201d olarak tan\u0131mlad\u0131\u011f\u0131 Bj\u00f6rn Berg\u2019in e\u015fsiz grav\u00fcrleri de kitap boyunca okurlara e\u015flik ediyor. Alf Henrikson, tarihin tozlu sayfalar\u0131n\u0131 kaleminden d\u00f6k\u00fclen s\u00f6zc\u00fcklerle aralad\u0131\u011f\u0131 D\u00fcnyan\u0131n Paralel Tarihi\u2019nde okurlar\u0131n\u0131 k\u00fcresek d\u00fcnya tarihinin zengin desenlerini ke\u015ffetmeye \u00e7a\u011f\u0131r\u0131yor. <\/p>\n","protected":false},"excerpt":{"rendered":"<p>D\u00fcnyan\u0131n Paralel Tarihi insan deneyiminin canl\u0131 bir mozai\u011fini yaratmak i\u00e7in ge\u00e7mi\u015fin karma\u015f\u0131k ipliklerini tarihin sayfalar\u0131nda bir araya getiriyor. Alf Henrikson, M\u00d6 2000 y\u0131l\u0131ndan ba\u015flat\u0131p MS 2000<span class=\"excerpt-hellip\"> [\u2026]<\/span><\/p>\n","protected":false},"featured_media":0,"template":"","meta":{"_monsterinsights_skip_tracking":false,"_monsterinsights_sitenote_active":false,"_monsterinsights_sitenote_note":"","_monsterinsights_sitenote_category":0},"product_brand":[],"product_cat":[12304],"product_tag":[],"class_list":{"0":"post-757269","1":"product","2":"type-product","3":"status-publish","5":"product_cat-tarih","6":"pa_cilt-ciltsiz","7":"pa_tur-kitap","8":"pa_yayinevi-inkilap-kitabevi","9":"pa_yazar-alf-henrikson-ulker-livaneli","11":"first","12":"instock","13":"sale","14":"shipping-taxable","15":"purchasable","16":"product-type-simple"},"_links":{"self":[{"href":"https:\/\/roveyayinevi.com.tr\/index.php\/wp-json\/wp\/v2\/product\/757269","targetHints":{"allow":["GET"]}}],"collection":[{"href":"https:\/\/roveyayinevi.com.tr\/index.php\/wp-json\/wp\/v2\/product"}],"about":[{"href":"https:\/\/roveyayinevi.com.tr\/index.php\/wp-json\/wp\/v2\/types\/product"}],"wp:attachment":[{"href":"https:\/\/roveyayinevi.com.tr\/index.php\/wp-json\/wp\/v2\/media?parent=757269"}],"wp:term":[{"taxonomy":"product_brand","embeddable":true,"href":"https:\/\/roveyayinevi.com.tr\/index.php\/wp-json\/wp\/v2\/product_brand?post=757269"},{"taxonomy":"product_cat","embeddable":true,"href":"https:\/\/roveyayinevi.com.tr\/index.php\/wp-json\/wp\/v2\/product_cat?post=757269"},{"taxonomy":"product_tag","embeddable":true,"href":"https:\/\/roveyayinevi.com.tr\/index.php\/wp-json\/wp\/v2\/product_tag?post=757269"}],"curies":[{"name":"wp","href":"https:\/\/api.w.org\/{rel}","templated":true}]}}