{"id":757260,"date":"2025-08-28T07:31:06","date_gmt":"2025-08-28T04:31:06","guid":{"rendered":"https:\/\/roveyayinevi.com.tr\/index.php\/urun\/imparatorluk-tasavvurlari\/"},"modified":"2026-04-16T03:10:08","modified_gmt":"2026-04-16T00:10:08","slug":"imparatorluk-tasavvurlari","status":"publish","type":"product","link":"https:\/\/roveyayinevi.com.tr\/index.php\/urun\/imparatorluk-tasavvurlari\/","title":{"rendered":"\u0130mparatorluk Tasavvurlar\u0131"},"content":{"rendered":"<p>\u0130mparatorluk Tasavvurlar\u0131 tarihin en can al\u0131c\u0131 meselelerini do\u011frudan g\u00fcn\u00fcm\u00fcze ta\u015f\u0131yan bir eserdir. \u0130mparatorluklar\u0131n farkl\u0131 tarihsel geli\u015fimlerini ortak bir zeminde d\u00fc\u015f\u00fcnmemizi sa\u011flayan senteze dayal\u0131 ve son derece kapsaml\u0131 bir \u00e7al\u0131\u015fmad\u0131r. Krishan Kumar en temelde \u015fu sorular\u0131 sorar: \u0130mparatorluklar nas\u0131l idare edilir? \u0130mparatorlu\u011fu idare edenler, fethettikleri halklar\u0131 nas\u0131l bu kadar uzun s\u00fcre ve ba\u015far\u0131yla bir arada tutabildiler? Emperyal d\u00fc\u015f\u00fcncenin k\u00fclt\u00fcrel ve dinsel farkl\u0131l\u0131\u011fa bak\u0131\u015f\u0131 neydi? Bu, kurucu halklar\u0131n kendi kimliklerine y\u00f6nelik de bir soruydu. Ulusal farkl\u0131l\u0131klar\u0131n \u00fczerinde bir imparatorluk kimli\u011fi ve aidiyetinin yarat\u0131lmas\u0131, b\u00fct\u00fcn imparatorluklar\u0131n temel gayesiydi. \u0130lham\u0131n\u0131 Roma\u2019dan alan b\u00fct\u00fcn halklar\u0131n imparatorluk vatanda\u015flar\u0131 haline getirilmesi hayali, nihayetinde ba\u015far\u0131s\u0131zl\u0131\u011fa u\u011frasa da, buradaki be\u015f imparatorlu\u011fun i\u00e7inden ge\u00e7mek zorunda kald\u0131klar\u0131 b\u00fcy\u00fck tarihsel bir imtihand\u0131r.   Ulus-devletlerden farkl\u0131 olarak imparatorluk iddias\u0131 evrensel bir iddiad\u0131r. \u0130ster din, ister medeniyet, ister bir siyasi ideoloji olsun, kendi halklar\u0131n\u0131 evrensel bir misyon etraf\u0131nda \u00f6rg\u00fctleyebilmi\u015flerdir. Dolay\u0131s\u0131yla bu imparatorluk misyonu ve anlat\u0131s\u0131n\u0131n kayb\u0131, bir\u00e7ok ulus-devletin tarihinin ayr\u0131lmaz bir par\u00e7as\u0131n\u0131 olu\u015fturur. Miad\u0131n\u0131 doldurdu\u011fu s\u00f6ylenen imparatorlu\u011fun, halklar\u0131n kolektif kimliklerindeki yeri nedir? \u0130mparatorluklar ger\u00e7ekten \u00f6ld\u00fc m\u00fc yoksa yeni ya\u015fam bi\u00e7imleri mi kazan\u0131yor? G\u00f6\u00e7 krizi, k\u00fcreselle\u015fme, y\u00fckselen pop\u00fclizm gibi g\u00fcncel olgular\u0131 anlamakta imparatorluklar faydal\u0131 tarihsel ara\u00e7lar olabilir mi? \u0130mparatorluklar\u0131n y\u00fckseli\u015f ve \u00e7\u00f6k\u00fc\u015flerinden \u00e7\u0131kar\u0131lacak olumlu dersler var m\u0131d\u0131r? Osmanl\u0131 Devleti\u2019nin de d\u00e2hil oldu\u011fu Avrupa\u2019n\u0131n be\u015f b\u00fcy\u00fck imparatorlu\u011funun kar\u015f\u0131la\u015ft\u0131r\u0131ld\u0131\u011f\u0131 bu devasa \u00e7al\u0131\u015fma, bu sorulardan hareketle, g\u00fcn\u00fcm\u00fcz\u00fcn en yak\u0131c\u0131 meselelerine de de\u011finiyor. <\/p>\n","protected":false},"excerpt":{"rendered":"<p>\u0130mparatorluk Tasavvurlar\u0131 tarihin en can al\u0131c\u0131 meselelerini do\u011frudan g\u00fcn\u00fcm\u00fcze ta\u015f\u0131yan bir eserdir. \u0130mparatorluklar\u0131n farkl\u0131 tarihsel geli\u015fimlerini ortak bir zeminde d\u00fc\u015f\u00fcnmemizi sa\u011flayan senteze dayal\u0131 ve son derece<span class=\"excerpt-hellip\"> [\u2026]<\/span><\/p>\n","protected":false},"featured_media":0,"template":"","meta":{"_monsterinsights_skip_tracking":false,"_monsterinsights_sitenote_active":false,"_monsterinsights_sitenote_note":"","_monsterinsights_sitenote_category":0},"product_brand":[],"product_cat":[12304],"product_tag":[],"class_list":{"0":"post-757260","1":"product","2":"type-product","3":"status-publish","5":"product_cat-tarih","6":"pa_cilt-ciltsiz","7":"pa_tur-kitap","8":"pa_yayinevi-dogu-bati-yayinlari","9":"pa_yazar-krishan-kumar","11":"first","12":"instock","13":"sale","14":"shipping-taxable","15":"purchasable","16":"product-type-simple"},"_links":{"self":[{"href":"https:\/\/roveyayinevi.com.tr\/index.php\/wp-json\/wp\/v2\/product\/757260","targetHints":{"allow":["GET"]}}],"collection":[{"href":"https:\/\/roveyayinevi.com.tr\/index.php\/wp-json\/wp\/v2\/product"}],"about":[{"href":"https:\/\/roveyayinevi.com.tr\/index.php\/wp-json\/wp\/v2\/types\/product"}],"wp:attachment":[{"href":"https:\/\/roveyayinevi.com.tr\/index.php\/wp-json\/wp\/v2\/media?parent=757260"}],"wp:term":[{"taxonomy":"product_brand","embeddable":true,"href":"https:\/\/roveyayinevi.com.tr\/index.php\/wp-json\/wp\/v2\/product_brand?post=757260"},{"taxonomy":"product_cat","embeddable":true,"href":"https:\/\/roveyayinevi.com.tr\/index.php\/wp-json\/wp\/v2\/product_cat?post=757260"},{"taxonomy":"product_tag","embeddable":true,"href":"https:\/\/roveyayinevi.com.tr\/index.php\/wp-json\/wp\/v2\/product_tag?post=757260"}],"curies":[{"name":"wp","href":"https:\/\/api.w.org\/{rel}","templated":true}]}}