{"id":757259,"date":"2025-08-28T07:31:05","date_gmt":"2025-08-28T04:31:05","guid":{"rendered":"https:\/\/roveyayinevi.com.tr\/index.php\/urun\/bir-modernlik-zemini-barok-asirilik\/"},"modified":"2026-04-16T03:10:08","modified_gmt":"2026-04-16T00:10:08","slug":"bir-modernlik-zemini-barok-asirilik","status":"publish","type":"product","link":"https:\/\/roveyayinevi.com.tr\/index.php\/urun\/bir-modernlik-zemini-barok-asirilik\/","title":{"rendered":"Bir Modernlik Zemini: Barok A\u015f\u0131r\u0131l\u0131k"},"content":{"rendered":"<p>Klasik mimarl\u0131k ve sanat tarihyaz\u0131m\u0131nda &#8220;barok&#8221; \u00e7okluk ya estetik bir kategori ya da bir d\u00f6nem ad\u0131 olarak an\u0131l\u0131r. Ba\u015flang\u0131\u00e7ta, al\u0131\u015f\u0131ld\u0131k olan\u0131n d\u0131\u015f\u0131ndaki her \u015feyi i\u015faret ederken, sonradan eksik, sapk\u0131n gibi olumsuz bir anlam kazanm\u0131\u015ft\u0131r. 19. y\u00fczy\u0131lda, d\u00f6nemselle\u015ftirici tarih anlat\u0131s\u0131nda kabaca 1600-1750 y\u0131llar\u0131 aras\u0131nda Avrupa&#8217;da ba\u015fg\u00f6steren sanatsal \u00fcretimi adland\u0131rmak i\u00e7in kullan\u0131l\u0131rken, giderek d\u00f6nemin, k\u00fclt\u00fcr s\u0131n\u0131f\u0131na sokulabilecek t\u00fcm pratiklerinin ard\u0131nda yatan motivasyonu a\u00e7\u0131klar bir kavrama d\u00f6n\u00fc\u015f\u00fcr.Barok, pratik i\u00e7inden varolur. Faili, nas\u0131l yap\u0131lmas\u0131 gerekti\u011fi sorusuna soyut kategoriler de\u011fil, halihaz\u0131rda yapt\u0131klar\u0131 \u00fczerinden yan\u0131t bulur. Kuramsal k\u0131staslardan azadedir. Nerede duraca\u011f\u0131n\u0131 hi\u00e7 bilmez. O y\u00fczden a\u015f\u0131r\u0131l\u0131k i\u00e7inde bir araya gelmi\u015f y\u0131\u011f\u0131n g\u00f6r\u00fcnt\u00fcs\u00fc verir \u00fcretimi. Karma\u015fay\u0131 \u00e7\u00f6zmeyi sa\u011flayacak, g\u00fcven telkin eder bir k\u0131lavuz da yoktur. Bu haliyle barok, farkl\u0131 okumalara elveri\u015fli, tahrip g\u00fcc\u00fc y\u00fcksek bir metafordur.Mehtap Serim Bir Modernlik Zemini: Barok A\u015f\u0131r\u0131l\u0131k&#8217;ta, yerle\u015fik tarihyaz\u0131m\u0131na ele\u015ftirel mesafeyle, geli\u015fim seyrini izledi\u011fi baro\u011fu Bat\u0131&#8217;n\u0131n ve hatta d\u00fcnyan\u0131n ilk modernitesi olarak nitelendiriyor. Bilginin, insan ve nesnenin de\u011fi\u015fime u\u011framadan tan\u0131ml\u0131 g\u00fczerg\u00e2hlar aras\u0131ndan akmas\u0131n\u0131 sa\u011flayacak kanallar\u0131n hen\u00fcz in\u015fa edilmedi\u011fi erken modern d\u00fcnyada disiplinsiz bir anlaman\u0131n k\u00f6klerini bulurken bizleri u\u00e7suz bucaks\u0131z bir imgeler koleksiyonu i\u00e7inde gezintiye \u00e7\u0131kar\u0131yor.<\/p>\n","protected":false},"excerpt":{"rendered":"<p>Klasik mimarl\u0131k ve sanat tarihyaz\u0131m\u0131nda &#8220;barok&#8221; \u00e7okluk ya estetik bir kategori ya da bir d\u00f6nem ad\u0131 olarak an\u0131l\u0131r. Ba\u015flang\u0131\u00e7ta, al\u0131\u015f\u0131ld\u0131k olan\u0131n d\u0131\u015f\u0131ndaki her \u015feyi i\u015faret ederken,<span class=\"excerpt-hellip\"> [\u2026]<\/span><\/p>\n","protected":false},"featured_media":0,"template":"","meta":{"_monsterinsights_skip_tracking":false,"_monsterinsights_sitenote_active":false,"_monsterinsights_sitenote_note":"","_monsterinsights_sitenote_category":0},"product_brand":[],"product_cat":[13548,12408],"product_tag":[],"class_list":{"0":"post-757259","1":"product","2":"type-product","3":"status-publish","5":"product_cat-kuram","6":"product_cat-sanat","7":"pa_cilt-ciltsiz","8":"pa_tur-kitap","9":"pa_yayinevi-sel-yayincilik","10":"pa_yazar-mehtap-serim","12":"first","13":"instock","14":"sale","15":"shipping-taxable","16":"purchasable","17":"product-type-simple"},"_links":{"self":[{"href":"https:\/\/roveyayinevi.com.tr\/index.php\/wp-json\/wp\/v2\/product\/757259","targetHints":{"allow":["GET"]}}],"collection":[{"href":"https:\/\/roveyayinevi.com.tr\/index.php\/wp-json\/wp\/v2\/product"}],"about":[{"href":"https:\/\/roveyayinevi.com.tr\/index.php\/wp-json\/wp\/v2\/types\/product"}],"wp:attachment":[{"href":"https:\/\/roveyayinevi.com.tr\/index.php\/wp-json\/wp\/v2\/media?parent=757259"}],"wp:term":[{"taxonomy":"product_brand","embeddable":true,"href":"https:\/\/roveyayinevi.com.tr\/index.php\/wp-json\/wp\/v2\/product_brand?post=757259"},{"taxonomy":"product_cat","embeddable":true,"href":"https:\/\/roveyayinevi.com.tr\/index.php\/wp-json\/wp\/v2\/product_cat?post=757259"},{"taxonomy":"product_tag","embeddable":true,"href":"https:\/\/roveyayinevi.com.tr\/index.php\/wp-json\/wp\/v2\/product_tag?post=757259"}],"curies":[{"name":"wp","href":"https:\/\/api.w.org\/{rel}","templated":true}]}}