{"id":757256,"date":"2025-08-28T07:31:01","date_gmt":"2025-08-28T04:31:01","guid":{"rendered":"https:\/\/roveyayinevi.com.tr\/index.php\/urun\/otizm-spektrum-bozukluguna-yonelik-kapsamli-uygulamalar\/"},"modified":"2026-04-16T03:10:08","modified_gmt":"2026-04-16T00:10:08","slug":"otizm-spektrum-bozukluguna-yonelik-kapsamli-uygulamalar","status":"publish","type":"product","link":"https:\/\/roveyayinevi.com.tr\/index.php\/urun\/otizm-spektrum-bozukluguna-yonelik-kapsamli-uygulamalar\/","title":{"rendered":"Otizm Spektrum Bozuklu\u011funa Y\u00f6nelik Kapsaml\u0131 Uygulamalar"},"content":{"rendered":"<p>Otizm spektrum bozuklu\u011fu tan\u0131s\u0131 alan bireylerin say\u0131s\u0131n\u0131n g\u00fcnden g\u00fcne art\u0131\u015f g\u00f6stermesi, bu alanda uygulamalar\u0131n \u00e7e\u015fitlenerek \u00e7o\u011falmas\u0131yla birlikte kan\u0131t temellerinin sorgulanmas\u0131na zemin haz\u0131rlam\u0131\u015ft\u0131r. Bu uygulama yelpazesi i\u00e7inde; k\u0131sa vadede birka\u00e7 beceri \u00f6\u011fretmeyi hedefleyen odaklanm\u0131\u015f uygulamalar\u0131n yan\u0131 s\u0131ra uzun zaman diliminde geni\u015f \u00e7apta beceriler \u00f6\u011freterek \u00f6nemli de\u011fi\u015fimler yaratmay\u0131 ama\u00e7layan kapsaml\u0131 uygulamalar\u0131n da yer ald\u0131\u011f\u0131 g\u00f6r\u00fclmektedir. Kapsaml\u0131 uygulamalar, farkl\u0131 teorik k\u00f6kenlere dayanmas\u0131 nedeniyle i\u00e7inde \u00e7e\u015fitli odaklanm\u0131\u015f uygulamalar, teknikler ve stratejiler bar\u0131nd\u0131rmaktad\u0131r. Ayr\u0131ca kapsaml\u0131 uygulamalar \u00e7at\u0131s\u0131 alt\u0131na girenlerden baz\u0131lar\u0131, OSB olan bireyi erken \u00e7ocukluk d\u00f6neminden yeti\u015fkinli\u011fe kadar her y\u00f6nden destekleyebilecek programlara sahip olmaktad\u0131r. G\u00fcn\u00fcm\u00fczde ara\u015ft\u0131rmac\u0131lar, odaklanm\u0131\u015f uygulamalar ve kan\u0131t temellerini belirleme konusunda ilerleme kaydetmekle birlikte art\u0131k b\u00fct\u00fcn\u00fcyle bireyin ve ailelerinin gereksinimlerini \u00f6n plana alarak etkili olan kapsaml\u0131 uygulamalara yo\u011funla\u015fmakta ve kan\u0131t temelli olanlar\u0131 yayg\u0131nla\u015ft\u0131rma yolunda \u00f6nemli \u00e7al\u0131\u015fmalar y\u00fcr\u00fctmektedirler. Kapsaml\u0131 bir uygulaman\u0131n etkilerini ortaya koyabilmenin en \u00f6nemli unsurlar\u0131ndan biri nitelikli uygulamad\u0131r. Bu nedenle OSB olan bireylerle \u00e7al\u0131\u015fanlar\u0131n; kapsaml\u0131 uygulamalar\u0131 tan\u0131mas\u0131, farkl\u0131l\u0131klar\u0131 belirlemesi, kullan\u0131m\u0131 etkili olan uygulaman\u0131n se\u00e7ilmesinin ard\u0131ndan nitelikli kullan\u0131lmas\u0131 gibi konularda bilgi ve donan\u0131mlar\u0131n\u0131n artmas\u0131 elzem g\u00f6r\u00fclmektedir. Bu gerekliliklerden yola \u00e7\u0131k\u0131larak haz\u0131rlanan kitapta, y\u00fcksek ve orta d\u00fczey davran\u0131\u015fsal olan ve olmayan kapsaml\u0131 uygulama \u00f6rnekleri hem ara\u015ft\u0131rma hem de uygulama boyutunda derinlemesine ele al\u0131nmaktad\u0131r.   <\/p>\n","protected":false},"excerpt":{"rendered":"<p>Otizm spektrum bozuklu\u011fu tan\u0131s\u0131 alan bireylerin say\u0131s\u0131n\u0131n g\u00fcnden g\u00fcne art\u0131\u015f g\u00f6stermesi, bu alanda uygulamalar\u0131n \u00e7e\u015fitlenerek \u00e7o\u011falmas\u0131yla birlikte kan\u0131t temellerinin sorgulanmas\u0131na zemin haz\u0131rlam\u0131\u015ft\u0131r. Bu uygulama yelpazesi i\u00e7inde;<span class=\"excerpt-hellip\"> [\u2026]<\/span><\/p>\n","protected":false},"featured_media":0,"template":"","meta":{"_monsterinsights_skip_tracking":false,"_monsterinsights_sitenote_active":false,"_monsterinsights_sitenote_note":"","_monsterinsights_sitenote_category":0},"product_brand":[],"product_cat":[12357],"product_tag":[],"class_list":{"0":"post-757256","1":"product","2":"type-product","3":"status-publish","5":"product_cat-psikoloji","6":"pa_cilt-ciltsiz","7":"pa_tur-kitap","8":"pa_yayinevi-ani-yayincilik","9":"pa_yazar-kolektif","11":"first","12":"instock","13":"sale","14":"shipping-taxable","15":"purchasable","16":"product-type-simple"},"_links":{"self":[{"href":"https:\/\/roveyayinevi.com.tr\/index.php\/wp-json\/wp\/v2\/product\/757256","targetHints":{"allow":["GET"]}}],"collection":[{"href":"https:\/\/roveyayinevi.com.tr\/index.php\/wp-json\/wp\/v2\/product"}],"about":[{"href":"https:\/\/roveyayinevi.com.tr\/index.php\/wp-json\/wp\/v2\/types\/product"}],"wp:attachment":[{"href":"https:\/\/roveyayinevi.com.tr\/index.php\/wp-json\/wp\/v2\/media?parent=757256"}],"wp:term":[{"taxonomy":"product_brand","embeddable":true,"href":"https:\/\/roveyayinevi.com.tr\/index.php\/wp-json\/wp\/v2\/product_brand?post=757256"},{"taxonomy":"product_cat","embeddable":true,"href":"https:\/\/roveyayinevi.com.tr\/index.php\/wp-json\/wp\/v2\/product_cat?post=757256"},{"taxonomy":"product_tag","embeddable":true,"href":"https:\/\/roveyayinevi.com.tr\/index.php\/wp-json\/wp\/v2\/product_tag?post=757256"}],"curies":[{"name":"wp","href":"https:\/\/api.w.org\/{rel}","templated":true}]}}