{"id":757255,"date":"2025-08-28T07:31:00","date_gmt":"2025-08-28T04:31:00","guid":{"rendered":"https:\/\/roveyayinevi.com.tr\/index.php\/urun\/cagimizin-tedirgin-insani\/"},"modified":"2026-04-16T03:10:08","modified_gmt":"2026-04-16T00:10:08","slug":"cagimizin-tedirgin-insani","status":"publish","type":"product","link":"https:\/\/roveyayinevi.com.tr\/index.php\/urun\/cagimizin-tedirgin-insani\/","title":{"rendered":"\u00c7a\u011f\u0131m\u0131z\u0131n Tedirgin \u0130nsan\u0131"},"content":{"rendered":"<p>Karen Horney; Adler, Fromm ve Sullivan gibi sosyal psikolojik ki\u015filik teorisi geli\u015ftirmi\u015f ve bu teoriyi yayg\u0131nla\u015ft\u0131rm\u0131\u015f \u00f6nde gelen psikiyatristlerden biridir. Berlin Psikanaliz Enstit\u00fcs\u00fc\u2019nde Karl Abraham ve Hanns Sachs taraf\u0131ndan analiz edildikten ve yeti\u015ftirildikten sonra Franz Alexander\u2019\u0131n davetiyle ABD\u2019ye gitmi\u015f; \u00f6nce Chicago Psikanalist Enstit\u00fcs\u00fc\u2019nde, daha sonra \u00e7e\u015fitli kurulu\u015flarda \u00fcst d\u00fczey y\u00f6netici olarak \u00e7al\u0131\u015fm\u0131\u015ft\u0131r. Bilim \u00e7evrelerinde takdirle kar\u015f\u0131lanm\u0131\u015f ve eserler \u00fcretmi\u015f bir bilim kad\u0131n\u0131d\u0131r.   Horney\u2019in \u00c7a\u011f\u0131m\u0131z\u0131n Tedirgin \u0130nsan\u0131 ad\u0131yla T\u00fcrk\u00e7esini yay\u0131mlad\u0131\u011f\u0131m\u0131z kitap etkisini yaz\u0131ld\u0131\u011f\u0131 g\u00fcnden bu yana yitirmemi\u015ftir. Geni\u015f bir kitlenin anlayabilece\u011fi bir dille yaz\u0131lm\u0131\u015f bu kitap, bug\u00fcn\u00fcn k\u00fclt\u00fcr\u00fcnde nevrozlu\u011fun olu\u015fma \u015fekillerini inceleme konusu yapan \u00f6nc\u00fc kitaplardan biri olmu\u015ftur.   Karen Horney\u2019e g\u00f6re Freud\u2019da bireyin kar\u015f\u0131la\u015ft\u0131\u011f\u0131 sorunlar\u0131n biyolojik bir y\u00f6neli\u015fle ele al\u0131nmas\u0131na kar\u015f\u0131l\u0131k sosyolojik y\u00f6neli\u015f eksik kalm\u0131\u015ft\u0131r. Freud sosyal olaylar\u0131 daha \u00e7ok psikolojik etkenlerle ve psikolojik etkenleri de daha \u00e7ok biyolojik etkenlerle a\u00e7\u0131klamaya \u00e7al\u0131\u015fm\u0131\u015f bir ki\u015fidir. Horney\u2019e g\u00f6re \u201cnevrozlar, insanl\u0131\u011f\u0131n k\u00fclt\u00fcrel geli\u015fme i\u00e7in \u00f6demek zorunda kald\u0131\u011f\u0131 bir bedeldir\u201d, karakter geli\u015fiminde meydana gelen de\u011fi\u015fikliklerin sebebi de budur.   Horney, elinizdeki kitapta \u015f\u00f6yle bir uyar\u0131da bulunmaktad\u0131r: \u201cK\u00fclt\u00fcrel olarak belirlenmi\u015f g\u00fc\u00e7l\u00fckleri \u015fiddetli bir \u015fekilde hisseden kimseler \u2013\u00f6zellikle \u00e7ocukluk ya\u015fant\u0131lar\u0131nda bu gibi g\u00fc\u00e7l\u00fcklerin etkisini \u015fiddetle duymu\u015f olanlar\u2013, bunun sonucu olarak da bu g\u00fc\u00e7l\u00fcklerin i\u00e7inden \u00e7\u0131kamayanlar ya da ki\u015filiklerinden \u00e7ok \u015fey yitirerek \u00e7\u0131kabilenler b\u00fcy\u00fck bir olas\u0131l\u0131kla nevrotiktirler. Onlar\u0131 k\u00fclt\u00fcr\u00fcm\u00fcz\u00fcn \u00fcvey \u00e7ocuklar\u0131 olarak niteleyebiliriz\u201d.  <\/p>\n","protected":false},"excerpt":{"rendered":"<p>Karen Horney; Adler, Fromm ve Sullivan gibi sosyal psikolojik ki\u015filik teorisi geli\u015ftirmi\u015f ve bu teoriyi yayg\u0131nla\u015ft\u0131rm\u0131\u015f \u00f6nde gelen psikiyatristlerden biridir. Berlin Psikanaliz Enstit\u00fcs\u00fc\u2019nde Karl Abraham ve<span class=\"excerpt-hellip\"> [\u2026]<\/span><\/p>\n","protected":false},"featured_media":0,"template":"","meta":{"_monsterinsights_skip_tracking":false,"_monsterinsights_sitenote_active":false,"_monsterinsights_sitenote_note":"","_monsterinsights_sitenote_category":0},"product_brand":[],"product_cat":[12357],"product_tag":[],"class_list":{"0":"post-757255","1":"product","2":"type-product","3":"status-publish","5":"product_cat-psikoloji","6":"pa_cilt-ciltsiz","7":"pa_tur-kitap","8":"pa_yayinevi-dogu-bati-yayinlari","9":"pa_yazar-karen-horney","11":"first","12":"instock","13":"sale","14":"shipping-taxable","15":"purchasable","16":"product-type-simple"},"_links":{"self":[{"href":"https:\/\/roveyayinevi.com.tr\/index.php\/wp-json\/wp\/v2\/product\/757255","targetHints":{"allow":["GET"]}}],"collection":[{"href":"https:\/\/roveyayinevi.com.tr\/index.php\/wp-json\/wp\/v2\/product"}],"about":[{"href":"https:\/\/roveyayinevi.com.tr\/index.php\/wp-json\/wp\/v2\/types\/product"}],"wp:attachment":[{"href":"https:\/\/roveyayinevi.com.tr\/index.php\/wp-json\/wp\/v2\/media?parent=757255"}],"wp:term":[{"taxonomy":"product_brand","embeddable":true,"href":"https:\/\/roveyayinevi.com.tr\/index.php\/wp-json\/wp\/v2\/product_brand?post=757255"},{"taxonomy":"product_cat","embeddable":true,"href":"https:\/\/roveyayinevi.com.tr\/index.php\/wp-json\/wp\/v2\/product_cat?post=757255"},{"taxonomy":"product_tag","embeddable":true,"href":"https:\/\/roveyayinevi.com.tr\/index.php\/wp-json\/wp\/v2\/product_tag?post=757255"}],"curies":[{"name":"wp","href":"https:\/\/api.w.org\/{rel}","templated":true}]}}