{"id":757252,"date":"2025-08-28T07:30:56","date_gmt":"2025-08-28T04:30:56","guid":{"rendered":"https:\/\/roveyayinevi.com.tr\/index.php\/urun\/komplo-teorilerine-neden-inaniriz\/"},"modified":"2026-04-16T03:10:07","modified_gmt":"2026-04-16T00:10:07","slug":"komplo-teorilerine-neden-inaniriz","status":"publish","type":"product","link":"https:\/\/roveyayinevi.com.tr\/index.php\/urun\/komplo-teorilerine-neden-inaniriz\/","title":{"rendered":"Komplo Teorilerine Neden \u0130nan\u0131r\u0131z?"},"content":{"rendered":"<p>\u201cD\u00fcnyadaki her geli\u015fmeyi y\u00f6nlendiren bir gizli \u00f6rg\u00fcte dair olduk\u00e7a kapsaml\u0131 bir inan\u00e7 da olsa, Ay\u2019a asl\u0131nda hi\u00e7 gidilmedi\u011fine dair \u00e7ok daha dar kapsaml\u0131 bir inan\u00e7 da olsa, bir grubun gizli ve k\u00f6t\u00fcc\u00fcl ama\u00e7larla \u00e7e\u015fitli eylemler y\u00fcr\u00fctt\u00fc\u011f\u00fcne dair kan\u0131ta dayal\u0131 olmayan inan\u00e7lara\u2018komplo teorisi\u2019 denmektedir.\u201d    Peki komplo teorilerine neden inan\u0131r\u0131z? Komplo teorilerine inanmak insanlar\u0131n bir zaaf\u0131 m\u0131, yoksa do\u011fal bir \u00f6zelli\u011fi mi? Sadece belli insanlar m\u0131 komplo teorilerine inan\u0131r?Son zamanlarda komplo teorilerinde bir art\u0131\u015f var m\u0131? Sonradan ger\u00e7ek oldu\u011fu ortaya \u00e7\u0131km\u0131\u015f komplo teorileri yok mu? Bilimsel teoriler ile komplo teorileri aras\u0131ndaki farklar nelerdir? Komplo teorilerine kar\u015f\u0131 ba\u011f\u0131\u015f\u0131kl\u0131k geli\u015ftirmemiz m\u00fcmk\u00fcn m\u00fc?    Sinan Alper ve Onurcan Y\u0131lmaz, komplo teorileri hakk\u0131nda merak edilen t\u00fcm sorulara bu kitapta yan\u0131t veriyorlar. Komplo teorilerine inanmam\u0131z\u0131n ard\u0131nda yatan ger\u00e7ekleri \u00f6\u011frendi\u011finizde insan psikolojisinin dinamiklerini \u00e7ok daha farkl\u0131 de\u011ferlendireceksiniz. <\/p>\n","protected":false},"excerpt":{"rendered":"<p>\u201cD\u00fcnyadaki her geli\u015fmeyi y\u00f6nlendiren bir gizli \u00f6rg\u00fcte dair olduk\u00e7a kapsaml\u0131 bir inan\u00e7 da olsa, Ay\u2019a asl\u0131nda hi\u00e7 gidilmedi\u011fine dair \u00e7ok daha dar kapsaml\u0131 bir inan\u00e7 da<span class=\"excerpt-hellip\"> [\u2026]<\/span><\/p>\n","protected":false},"featured_media":0,"template":"","meta":{"_monsterinsights_skip_tracking":false,"_monsterinsights_sitenote_active":false,"_monsterinsights_sitenote_note":"","_monsterinsights_sitenote_category":0},"product_brand":[],"product_cat":[12357],"product_tag":[],"class_list":{"0":"post-757252","1":"product","2":"type-product","3":"status-publish","5":"product_cat-psikoloji","6":"pa_cilt-ciltsiz","7":"pa_tur-kitap","8":"pa_yayinevi-dogan-kitap","9":"pa_yazar-sinan-alper-onurcan-yilmaz","11":"first","12":"instock","13":"sale","14":"shipping-taxable","15":"purchasable","16":"product-type-simple"},"_links":{"self":[{"href":"https:\/\/roveyayinevi.com.tr\/index.php\/wp-json\/wp\/v2\/product\/757252","targetHints":{"allow":["GET"]}}],"collection":[{"href":"https:\/\/roveyayinevi.com.tr\/index.php\/wp-json\/wp\/v2\/product"}],"about":[{"href":"https:\/\/roveyayinevi.com.tr\/index.php\/wp-json\/wp\/v2\/types\/product"}],"wp:attachment":[{"href":"https:\/\/roveyayinevi.com.tr\/index.php\/wp-json\/wp\/v2\/media?parent=757252"}],"wp:term":[{"taxonomy":"product_brand","embeddable":true,"href":"https:\/\/roveyayinevi.com.tr\/index.php\/wp-json\/wp\/v2\/product_brand?post=757252"},{"taxonomy":"product_cat","embeddable":true,"href":"https:\/\/roveyayinevi.com.tr\/index.php\/wp-json\/wp\/v2\/product_cat?post=757252"},{"taxonomy":"product_tag","embeddable":true,"href":"https:\/\/roveyayinevi.com.tr\/index.php\/wp-json\/wp\/v2\/product_tag?post=757252"}],"curies":[{"name":"wp","href":"https:\/\/api.w.org\/{rel}","templated":true}]}}