{"id":757250,"date":"2025-08-28T07:30:53","date_gmt":"2025-08-28T04:30:53","guid":{"rendered":"https:\/\/roveyayinevi.com.tr\/index.php\/urun\/belirsiz-gecmis-zaman\/"},"modified":"2026-04-16T03:10:07","modified_gmt":"2026-04-16T00:10:07","slug":"belirsiz-gecmis-zaman","status":"publish","type":"product","link":"https:\/\/roveyayinevi.com.tr\/index.php\/urun\/belirsiz-gecmis-zaman\/","title":{"rendered":"Belirsiz Ge\u00e7mi\u015f Zaman"},"content":{"rendered":"<p>Belirsiz Ge\u00e7mi\u015f Zaman, Ali Yayc\u0131o\u011flu\u2019nun 2021\u2019in ba\u015f\u0131ndan 2023\u2019\u00fcn sonuna kadar, \u00fc\u00e7 y\u0131l boyunca Gazete Oksijen&#8217;de kaleme ald\u0131\u011f\u0131 yaz\u0131lardan bir derleme\u2026 Bir tarih\u00e7inin T\u00fcrkiye ve d\u00fcnyan\u0131n \u00e7alkant\u0131l\u0131 \u00fc\u00e7 y\u0131l\u0131nda tuttu\u011fu bir g\u00fcnce. Bu f\u0131rt\u0131nal\u0131 d\u00f6neme ve arkas\u0131ndaki geni\u015f zamana bakma \u00e7abas\u0131. G\u00fcn\u00fcm\u00fcz siyasetini ve toplumsal hayat\u0131 tarihsel bir mercekten yola \u00e7\u0131karak anlamland\u0131rma giri\u015fimi&#8230;     Ali Yayc\u0131o\u011flu, iyi bir tarih\u00e7i olarak sadece \u201cge\u00e7mi\u015flik hali\u201d ile ilgilenmiyor. Daha iyi bir hayat i\u00e7in umudun pe\u015finde ge\u00e7mi\u015fe bak\u0131yor. T\u00fcrkiye ve d\u00fcnyay\u0131 belirsizli\u011fin \u015fiddetine hapseden d\u00f6nemi, tarihten ustal\u0131kla s\u00fczd\u00fc\u011f\u00fc bilgiler \u0131\u015f\u0131\u011f\u0131nda yeniden anlamland\u0131rmaya \u00e7al\u0131\u015f\u0131rken, okuru da \u00e7o\u011ful bir T\u00fcrkiye anlat\u0131s\u0131 kurman\u0131n imk\u00e2nlar\u0131 ve s\u0131n\u0131rlar\u0131 \u00fczerinde d\u00fc\u015f\u00fcnmeye ve yeni bir demokrasi tasavvuru olu\u015fturmaya davet ediyor. Nesrin Nas, siyaset\u00e7i-iktisat\u00e7\u0131   T\u00fcrkiye\u2019nin bug\u00fcn\u00fcne ve gelece\u011fine dair bu yetkin denemeler, ancak uluslararas\u0131 bir tarih\u00e7i olan Ali Yayc\u0131o\u011flu\u2019nun sahip oldu\u011fu derin perspektifle yaz\u0131labilirdi. Okurken akl\u0131n\u0131za s\u0131k s\u0131k \u201cK\u00f6k\u00fc mazide olan atiyiz\u201d dizesi geliyor. B\u00fcy\u00fck bir ba\u015far\u0131! Z\u00fclf\u00fc Livaneli, yazar-besteci    Ali Yayc\u0131o\u011flu, Belirsiz Ge\u00e7mi\u015f Zaman\u2019da, yak\u0131n siyasi tarihimizi zaman\u0131n s\u00fczgecinden ge\u00e7iriyor. Gelecekten ge\u00e7mi\u015fe bakarak tarihi siyasal gerilimlerin arac\u0131 olmaktan \u00e7\u0131kar\u0131p ele\u015ftirel d\u00fc\u015f\u00fcncenin, hakikat aray\u0131\u015f\u0131n\u0131n ve toplumsal uzla\u015f\u0131n\u0131n par\u00e7as\u0131 yapan bir anlat\u0131n\u0131n pe\u015fine d\u00fc\u015f\u00fcyor. Evren Balta, siyaset bilimci    Cumhuriyet ikinci y\u00fczy\u0131l\u0131na girerken, Ali Yayc\u0131o\u011flu kendini ve \u00f6ncelini y\u0131kmak veya yok saymak de\u011fil, anlamak ve geli\u015ftirmek i\u00e7in metodik, mukayeseli, \u00f6zele\u015ftirel tarih ve gelecek anlat\u0131lar\u0131 kuruyor. Belirsize a\u00e7\u0131k analizlerinde, ge\u00e7mi\u015fimizi daha i\u00e7eriden ve yeniden, daha korkusuz ve evrensel bir g\u00f6zl\u00fckle g\u00f6rerek gelece\u011fe daha \u00fcmitvar pencereler a\u00e7abilmemizi sa\u011flayan bilgi ve a\u00e7\u0131lar\u0131 sunuyor ve bizi ayn\u0131 anda hem daha bural\u0131 hem daha d\u00fcnyal\u0131 olmaya davet ediyor.                                                                                          Murat Somer, siyaset bilimci   Ali Yayc\u0131o\u011flu, Stanford \u00dcniversitesi Tarih B\u00f6l\u00fcm\u00fc&#8217;nde \u00f6\u011fretim \u00fcyesidir. Osmanl\u0131 d\u00fcnyas\u0131, modern T\u00fcrkiye tarihi ve Ortado\u011fu \u00fczerine \u00e7al\u0131\u015f\u0131yor ve dersler veriyor. <\/p>\n","protected":false},"excerpt":{"rendered":"<p>Belirsiz Ge\u00e7mi\u015f Zaman, Ali Yayc\u0131o\u011flu\u2019nun 2021\u2019in ba\u015f\u0131ndan 2023\u2019\u00fcn sonuna kadar, \u00fc\u00e7 y\u0131l boyunca Gazete Oksijen&#8217;de kaleme ald\u0131\u011f\u0131 yaz\u0131lardan bir derleme\u2026 Bir tarih\u00e7inin T\u00fcrkiye ve d\u00fcnyan\u0131n \u00e7alkant\u0131l\u0131<span class=\"excerpt-hellip\"> [\u2026]<\/span><\/p>\n","protected":false},"featured_media":0,"template":"","meta":{"_monsterinsights_skip_tracking":false,"_monsterinsights_sitenote_active":false,"_monsterinsights_sitenote_note":"","_monsterinsights_sitenote_category":0},"product_brand":[],"product_cat":[12304],"product_tag":[],"class_list":{"0":"post-757250","1":"product","2":"type-product","3":"status-publish","5":"product_cat-tarih","6":"pa_cilt-ciltsiz","7":"pa_tur-kitap","8":"pa_yayinevi-dogan-kitap","9":"pa_yazar-ali-yaycioglu","11":"first","12":"instock","13":"sale","14":"shipping-taxable","15":"purchasable","16":"product-type-simple"},"_links":{"self":[{"href":"https:\/\/roveyayinevi.com.tr\/index.php\/wp-json\/wp\/v2\/product\/757250","targetHints":{"allow":["GET"]}}],"collection":[{"href":"https:\/\/roveyayinevi.com.tr\/index.php\/wp-json\/wp\/v2\/product"}],"about":[{"href":"https:\/\/roveyayinevi.com.tr\/index.php\/wp-json\/wp\/v2\/types\/product"}],"wp:attachment":[{"href":"https:\/\/roveyayinevi.com.tr\/index.php\/wp-json\/wp\/v2\/media?parent=757250"}],"wp:term":[{"taxonomy":"product_brand","embeddable":true,"href":"https:\/\/roveyayinevi.com.tr\/index.php\/wp-json\/wp\/v2\/product_brand?post=757250"},{"taxonomy":"product_cat","embeddable":true,"href":"https:\/\/roveyayinevi.com.tr\/index.php\/wp-json\/wp\/v2\/product_cat?post=757250"},{"taxonomy":"product_tag","embeddable":true,"href":"https:\/\/roveyayinevi.com.tr\/index.php\/wp-json\/wp\/v2\/product_tag?post=757250"}],"curies":[{"name":"wp","href":"https:\/\/api.w.org\/{rel}","templated":true}]}}