{"id":757249,"date":"2025-08-28T07:30:51","date_gmt":"2025-08-28T04:30:51","guid":{"rendered":"https:\/\/roveyayinevi.com.tr\/index.php\/urun\/sorularla-oguz-atay\/"},"modified":"2026-04-16T03:10:07","modified_gmt":"2026-04-16T00:10:07","slug":"sorularla-oguz-atay","status":"publish","type":"product","link":"https:\/\/roveyayinevi.com.tr\/index.php\/urun\/sorularla-oguz-atay\/","title":{"rendered":"Sorularla O\u011fuz Atay"},"content":{"rendered":"<p>O\u011fuz Atay, 40 y\u0131l\u0131 a\u015fan bir s\u00fcredir edebiyat\u0131m\u0131z\u0131n en \u00e7ok tart\u0131\u015f\u0131lan yazarlar\u0131ndan biri. Yap\u0131tlar\u0131 bi\u00e7imsel \u00f6zellikleri, tarihsel referanslar\u0131, \u00e7ok seslili\u011fi ve d\u00fc\u015f\u00fcnsel derinli\u011fi a\u00e7\u0131s\u0131ndan okurlara zengin bir d\u00fcnya sunuyor. Bununla birlikte Atay\u2019\u0131n okurlar\u0131 zorlayan bir yazar oldu\u011fu da s\u0131kl\u0131kla s\u00f6yleniyor.Hatta \u00e7o\u011fu okur, O\u011fuz Atay\u2019\u0131n bi\u00e7imsel deneylerle \u00f6r\u00fcl\u00fc hacimli yap\u0131tlar\u0131 kar\u015f\u0131s\u0131nda duraks\u0131yor.   Elinizdeki kitap O\u011fuz Atay\u2019\u0131n yap\u0131tlar\u0131 ve d\u00fc\u015f\u00fcncesiyle ilgili m\u00fctevaz\u0131 bir rehber olarak tasarland\u0131. O\u011fuz Atay\u2019\u0131n yap\u0131tlar\u0131yla yeni tan\u0131\u015fm\u0131\u015f okurlar kadar Atay\u2019la ilgili meraklar\u0131n\u0131 ileriye ta\u015f\u0131mak isteyenlere yol arkada\u015fl\u0131\u011f\u0131 etmesi umularak yaz\u0131ld\u0131. Sorularla ayr\u0131\u015ft\u0131r\u0131lan b\u00f6l\u00fcmlerde O\u011fuz Atay\u2019\u0131n yap\u0131tlar\u0131n\u0131n yan\u0131 s\u0131ra ya\u015fad\u0131\u011f\u0131 d\u00f6nem, dostlar\u0131 ve ki\u015fisel hayat\u0131na dair (dedikoduya ka\u00e7madan!) ayr\u0131nt\u0131lar da bulacaks\u0131n\u0131z.   \u201cYukar\u0131da \u2018m\u00fctevaz\u0131 bir rehber\u2019 yazd\u0131\u011f\u0131na bakmay\u0131n. Harika bir kitap bu!\u201d Murat Mente\u015f <\/p>\n","protected":false},"excerpt":{"rendered":"<p>O\u011fuz Atay, 40 y\u0131l\u0131 a\u015fan bir s\u00fcredir edebiyat\u0131m\u0131z\u0131n en \u00e7ok tart\u0131\u015f\u0131lan yazarlar\u0131ndan biri. Yap\u0131tlar\u0131 bi\u00e7imsel \u00f6zellikleri, tarihsel referanslar\u0131, \u00e7ok seslili\u011fi ve d\u00fc\u015f\u00fcnsel derinli\u011fi a\u00e7\u0131s\u0131ndan okurlara zengin<span class=\"excerpt-hellip\"> [\u2026]<\/span><\/p>\n","protected":false},"featured_media":0,"template":"","meta":{"_monsterinsights_skip_tracking":false,"_monsterinsights_sitenote_active":false,"_monsterinsights_sitenote_note":"","_monsterinsights_sitenote_category":0},"product_brand":[],"product_cat":[13072,12291],"product_tag":[],"class_list":{"0":"post-757249","1":"product","2":"type-product","3":"status-publish","5":"product_cat-arastirma-inceleme-referans","6":"product_cat-edebiyat","7":"pa_cilt-ciltsiz","8":"pa_tur-kitap","9":"pa_yayinevi-dogan-kitap","10":"pa_yazar-selcuk-orhan","12":"first","13":"instock","14":"sale","15":"shipping-taxable","16":"purchasable","17":"product-type-simple"},"_links":{"self":[{"href":"https:\/\/roveyayinevi.com.tr\/index.php\/wp-json\/wp\/v2\/product\/757249","targetHints":{"allow":["GET"]}}],"collection":[{"href":"https:\/\/roveyayinevi.com.tr\/index.php\/wp-json\/wp\/v2\/product"}],"about":[{"href":"https:\/\/roveyayinevi.com.tr\/index.php\/wp-json\/wp\/v2\/types\/product"}],"wp:attachment":[{"href":"https:\/\/roveyayinevi.com.tr\/index.php\/wp-json\/wp\/v2\/media?parent=757249"}],"wp:term":[{"taxonomy":"product_brand","embeddable":true,"href":"https:\/\/roveyayinevi.com.tr\/index.php\/wp-json\/wp\/v2\/product_brand?post=757249"},{"taxonomy":"product_cat","embeddable":true,"href":"https:\/\/roveyayinevi.com.tr\/index.php\/wp-json\/wp\/v2\/product_cat?post=757249"},{"taxonomy":"product_tag","embeddable":true,"href":"https:\/\/roveyayinevi.com.tr\/index.php\/wp-json\/wp\/v2\/product_tag?post=757249"}],"curies":[{"name":"wp","href":"https:\/\/api.w.org\/{rel}","templated":true}]}}