{"id":757243,"date":"2025-08-28T07:30:43","date_gmt":"2025-08-28T04:30:43","guid":{"rendered":"https:\/\/roveyayinevi.com.tr\/index.php\/urun\/kucuk-nese-kutusu-ciltli-cep-boy\/"},"modified":"2026-04-16T03:10:07","modified_gmt":"2026-04-16T00:10:07","slug":"kucuk-nese-kutusu-ciltli-cep-boy","status":"publish","type":"product","link":"https:\/\/roveyayinevi.com.tr\/index.php\/urun\/kucuk-nese-kutusu-ciltli-cep-boy\/","title":{"rendered":"K\u00fc\u00e7\u00fck Ne\u015fe Kutusu (Ciltli-Cep Boy)"},"content":{"rendered":"<p>30 bilin\u00e7 geli\u015ftirici aktivite i\u00e7eren bu kutuyla minik yavrunuzu her g\u00fcnden keyif almas\u0131 i\u00e7in te\u015fvik edin. Basit sorular,s\u00f6zc\u00fckler ve uygulamas\u0131 kolay al\u0131\u015ft\u0131rmalar , \u00e7ocuklar\u0131 i\u00e7inde d\u00fcnyaya dikkat etmeye ve b\u00f6ylece onu keyifle deneyimlemeye davet eder.<\/p>\n","protected":false},"excerpt":{"rendered":"<p>30 bilin\u00e7 geli\u015ftirici aktivite i\u00e7eren bu kutuyla minik yavrunuzu her g\u00fcnden keyif almas\u0131 i\u00e7in te\u015fvik edin. Basit sorular,s\u00f6zc\u00fckler ve uygulamas\u0131 kolay al\u0131\u015ft\u0131rmalar , \u00e7ocuklar\u0131 i\u00e7inde d\u00fcnyaya<span class=\"excerpt-hellip\"> [\u2026]<\/span><\/p>\n","protected":false},"featured_media":0,"template":"","meta":{"_monsterinsights_skip_tracking":false,"_monsterinsights_sitenote_active":false,"_monsterinsights_sitenote_note":"","_monsterinsights_sitenote_category":0},"product_brand":[],"product_cat":[12274,15842],"product_tag":[],"class_list":{"0":"post-757243","1":"product","2":"type-product","3":"status-publish","5":"product_cat-cocuk-ve-genclik-kitaplari","6":"product_cat-egitici-kitaplar","7":"pa_cilt-ciltli","8":"pa_tur-kitap","9":"pa_yayinevi-megakids-yayincilik","10":"pa_yazar-joanne-ruelos-diaz","12":"first","13":"instock","14":"sale","15":"shipping-taxable","16":"purchasable","17":"product-type-simple"},"_links":{"self":[{"href":"https:\/\/roveyayinevi.com.tr\/index.php\/wp-json\/wp\/v2\/product\/757243","targetHints":{"allow":["GET"]}}],"collection":[{"href":"https:\/\/roveyayinevi.com.tr\/index.php\/wp-json\/wp\/v2\/product"}],"about":[{"href":"https:\/\/roveyayinevi.com.tr\/index.php\/wp-json\/wp\/v2\/types\/product"}],"wp:attachment":[{"href":"https:\/\/roveyayinevi.com.tr\/index.php\/wp-json\/wp\/v2\/media?parent=757243"}],"wp:term":[{"taxonomy":"product_brand","embeddable":true,"href":"https:\/\/roveyayinevi.com.tr\/index.php\/wp-json\/wp\/v2\/product_brand?post=757243"},{"taxonomy":"product_cat","embeddable":true,"href":"https:\/\/roveyayinevi.com.tr\/index.php\/wp-json\/wp\/v2\/product_cat?post=757243"},{"taxonomy":"product_tag","embeddable":true,"href":"https:\/\/roveyayinevi.com.tr\/index.php\/wp-json\/wp\/v2\/product_tag?post=757243"}],"curies":[{"name":"wp","href":"https:\/\/api.w.org\/{rel}","templated":true}]}}