{"id":757242,"date":"2025-08-28T07:30:42","date_gmt":"2025-08-28T04:30:42","guid":{"rendered":"https:\/\/roveyayinevi.com.tr\/index.php\/urun\/kaygi-ve-korkular-hakkinda-her-sey\/"},"modified":"2026-04-16T03:10:07","modified_gmt":"2026-04-16T00:10:07","slug":"kaygi-ve-korkular-hakkinda-her-sey","status":"publish","type":"product","link":"https:\/\/roveyayinevi.com.tr\/index.php\/urun\/kaygi-ve-korkular-hakkinda-her-sey\/","title":{"rendered":"Kayg\u0131 ve Korkular Hakk\u0131nda Her \u015eey"},"content":{"rendered":"<p>Neden kayg\u0131 ve korku duyar\u0131z? Bu duygular\u0131n bizi rahats\u0131z etmesini engellemek i\u00e7in neler yapabiliriz? Duygular\u0131 olabildi\u011fince basit bir dille tan\u0131tan bu kitap, k\u00fc\u00e7\u00fck \u00e7ocuklar\u0131n g\u00fcnl\u00fck hayatta ya\u015fad\u0131klar\u0131 endi\u015feleri anlamalar\u0131na ve bu duygular\u0131 y\u00f6netmelerine yard\u0131mc\u0131 olacak.<\/p>\n","protected":false},"excerpt":{"rendered":"<p>Neden kayg\u0131 ve korku duyar\u0131z? Bu duygular\u0131n bizi rahats\u0131z etmesini engellemek i\u00e7in neler yapabiliriz? Duygular\u0131 olabildi\u011fince basit bir dille tan\u0131tan bu kitap, k\u00fc\u00e7\u00fck \u00e7ocuklar\u0131n g\u00fcnl\u00fck hayatta<span class=\"excerpt-hellip\"> [\u2026]<\/span><\/p>\n","protected":false},"featured_media":0,"template":"","meta":{"_monsterinsights_skip_tracking":false,"_monsterinsights_sitenote_active":false,"_monsterinsights_sitenote_note":"","_monsterinsights_sitenote_category":0},"product_brand":[],"product_cat":[13366,13365],"product_tag":[],"class_list":{"0":"post-757242","1":"product","2":"type-product","3":"status-publish","5":"product_cat-diger-saglik","6":"product_cat-saglik","7":"pa_cilt-ciltsiz","8":"pa_tur-kitap","9":"pa_yayinevi-megakids-yayincilik","10":"pa_yazar-felicity-brooks-mar-ferrero","12":"first","13":"instock","14":"sale","15":"shipping-taxable","16":"purchasable","17":"product-type-simple"},"_links":{"self":[{"href":"https:\/\/roveyayinevi.com.tr\/index.php\/wp-json\/wp\/v2\/product\/757242","targetHints":{"allow":["GET"]}}],"collection":[{"href":"https:\/\/roveyayinevi.com.tr\/index.php\/wp-json\/wp\/v2\/product"}],"about":[{"href":"https:\/\/roveyayinevi.com.tr\/index.php\/wp-json\/wp\/v2\/types\/product"}],"wp:attachment":[{"href":"https:\/\/roveyayinevi.com.tr\/index.php\/wp-json\/wp\/v2\/media?parent=757242"}],"wp:term":[{"taxonomy":"product_brand","embeddable":true,"href":"https:\/\/roveyayinevi.com.tr\/index.php\/wp-json\/wp\/v2\/product_brand?post=757242"},{"taxonomy":"product_cat","embeddable":true,"href":"https:\/\/roveyayinevi.com.tr\/index.php\/wp-json\/wp\/v2\/product_cat?post=757242"},{"taxonomy":"product_tag","embeddable":true,"href":"https:\/\/roveyayinevi.com.tr\/index.php\/wp-json\/wp\/v2\/product_tag?post=757242"}],"curies":[{"name":"wp","href":"https:\/\/api.w.org\/{rel}","templated":true}]}}