{"id":757235,"date":"2025-08-28T07:30:31","date_gmt":"2025-08-28T04:30:31","guid":{"rendered":"https:\/\/roveyayinevi.com.tr\/index.php\/urun\/charlienin-super-kahraman-donu\/"},"modified":"2026-04-16T03:10:07","modified_gmt":"2026-04-16T00:10:07","slug":"charlienin-super-kahraman-donu","status":"publish","type":"product","link":"https:\/\/roveyayinevi.com.tr\/index.php\/urun\/charlienin-super-kahraman-donu\/","title":{"rendered":"Charlie&#8217;nin S\u00fcper Kahraman Donu"},"content":{"rendered":"<p>R\u00fczgarl\u0131,esintili bir g\u00fcnde t\u00fcm \u00e7ama\u015f\u0131rlar u\u00e7ar. \u00c7oraplar ve yelekler, y\u00fcn bir bere ve en k\u00f6t\u00fcs\u00fc de Charlie&#8217;nin S\u00fcper Kahraman Donu! Charlie donunu bulmak i\u00e7in d\u00fcnyay\u0131 dola\u015f\u0131p maceraya ko\u015far. \u00c7izgili g\u00f6mlekli ve kravatl\u0131 bir aslanla tan\u0131\u015f\u0131r, erkek karde\u015fi Ben&#8217;in pijamalar\u0131n\u0131 giyen lamalarla kar\u015f\u0131la\u015f\u0131r.Ama Charlie&#8217;nin S\u00fcper Kahraman Donu acaba K\u0130MDED\u0130R?<\/p>\n","protected":false},"excerpt":{"rendered":"<p>R\u00fczgarl\u0131,esintili bir g\u00fcnde t\u00fcm \u00e7ama\u015f\u0131rlar u\u00e7ar. \u00c7oraplar ve yelekler, y\u00fcn bir bere ve en k\u00f6t\u00fcs\u00fc de Charlie&#8217;nin S\u00fcper Kahraman Donu! Charlie donunu bulmak i\u00e7in d\u00fcnyay\u0131 dola\u015f\u0131p<span class=\"excerpt-hellip\"> [\u2026]<\/span><\/p>\n","protected":false},"featured_media":0,"template":"","meta":{"_monsterinsights_skip_tracking":false,"_monsterinsights_sitenote_active":false,"_monsterinsights_sitenote_note":"","_monsterinsights_sitenote_category":0},"product_brand":[],"product_cat":[12274,12284],"product_tag":[],"class_list":{"0":"post-757235","1":"product","2":"type-product","3":"status-publish","5":"product_cat-cocuk-ve-genclik-kitaplari","6":"product_cat-hikayeler","7":"pa_cilt-ciltsiz","8":"pa_tur-kitap","9":"pa_yayinevi-megakids-yayincilik","10":"pa_yazar-paul-bright","12":"first","13":"instock","14":"sale","15":"shipping-taxable","16":"purchasable","17":"product-type-simple"},"_links":{"self":[{"href":"https:\/\/roveyayinevi.com.tr\/index.php\/wp-json\/wp\/v2\/product\/757235","targetHints":{"allow":["GET"]}}],"collection":[{"href":"https:\/\/roveyayinevi.com.tr\/index.php\/wp-json\/wp\/v2\/product"}],"about":[{"href":"https:\/\/roveyayinevi.com.tr\/index.php\/wp-json\/wp\/v2\/types\/product"}],"wp:attachment":[{"href":"https:\/\/roveyayinevi.com.tr\/index.php\/wp-json\/wp\/v2\/media?parent=757235"}],"wp:term":[{"taxonomy":"product_brand","embeddable":true,"href":"https:\/\/roveyayinevi.com.tr\/index.php\/wp-json\/wp\/v2\/product_brand?post=757235"},{"taxonomy":"product_cat","embeddable":true,"href":"https:\/\/roveyayinevi.com.tr\/index.php\/wp-json\/wp\/v2\/product_cat?post=757235"},{"taxonomy":"product_tag","embeddable":true,"href":"https:\/\/roveyayinevi.com.tr\/index.php\/wp-json\/wp\/v2\/product_tag?post=757235"}],"curies":[{"name":"wp","href":"https:\/\/api.w.org\/{rel}","templated":true}]}}