{"id":757232,"date":"2025-08-28T07:30:26","date_gmt":"2025-08-28T04:30:26","guid":{"rendered":"https:\/\/roveyayinevi.com.tr\/index.php\/urun\/samanin-ozgurluge-giden-yolu\/"},"modified":"2026-04-16T03:10:07","modified_gmt":"2026-04-16T00:10:07","slug":"samanin-ozgurluge-giden-yolu","status":"publish","type":"product","link":"https:\/\/roveyayinevi.com.tr\/index.php\/urun\/samanin-ozgurluge-giden-yolu\/","title":{"rendered":"\u015eaman\u0131n \u00d6zg\u00fcrl\u00fc\u011fe Giden Yolu"},"content":{"rendered":"<p>KO\u015eULSUZ SEVG\u0130YLE GELEN \u00d6ZG\u00dcRL\u00dcK! \u0130nsanl\u0131k bir kriz ya\u015f\u0131yor! Sava\u015f, yoksulluk, \u00e7evresel felaketler gezegeni bir y\u0131k\u0131m noktas\u0131na getirdi. \u00c7o\u011fumuz derinlerde korku i\u00e7indeyiz, hatta k\u0131rg\u0131nl\u0131k, \u00f6fke ve nefretle doluyuz. Toltek \u015famanlar\u0131 antik \u00e7a\u011flardan beri bunlar\u0131n k\u00f6keninin, zihnimizde ve onlar\u0131n deyimiyle \u201cac\u0131 \u00e7ekme ba\u011f\u0131ml\u0131l\u0131\u011f\u0131m\u0131zda\u201d bulunabilece\u011fini, ayr\u0131ca bu ba\u011f\u0131ml\u0131l\u0131ktan kurtulmak veya nihai bedeli \u00f6demek aras\u0131nda bir se\u00e7im yapmam\u0131z gerekece\u011fini anlat\u0131yorlar. Toltek \u015faman\u0131 Don Jose Ruiz\u2019e g\u00f6re art\u0131k zaman\u0131 geldi ve bu ancak i\u00e7inizde m\u00fcmk\u00fcn. \u015eaman\u0131n \u00d6zg\u00fcrl\u00fc\u011fe Giden Yolu\u2019nda Ruiz size ki\u015fisel \u00f6zg\u00fcrl\u00fc\u011f\u00fcn\u00fcz\u00fc kendinize ve ba\u015fkalar\u0131na y\u00f6nelik ko\u015fulsuz sevgiyle bulmay\u0131, ona sahip \u00e7\u0131kmay\u0131 ve bunu yaparken ac\u0131 \u00e7ekme ba\u011f\u0131ml\u0131l\u0131\u011f\u0131n\u0131 k\u0131rmay\u0131 \u00f6\u011fretecek. B\u00f6ylece d\u00fcnyada ihtiya\u00e7 duyulan de\u011fi\u015fimi ger\u00e7ekle\u015ftirmenin ilk ad\u0131m\u0131 olarak huzur ve uyum i\u00e7inde ya\u015fayabileceksiniz. Ki\u015fisel \u00f6zg\u00fcrl\u00fc\u011f\u00fc sa\u011flamaya y\u00f6nelik Toltek uygulamalar\u0131n\u0131 i\u00e7eren ve Don Jose Ruiz\u2019in \u015fimdiye kadarki en radikal kitab\u0131 say\u0131lan \u015eaman\u0131n \u00d6zg\u00fcrl\u00fc\u011fe Giden Yolu, yazar\u0131n eski ve yeni t\u00fcm okurlar\u0131n\u0131 fazlas\u0131yla heyecanland\u0131racak bir deneyimi sunuyor. <\/p>\n","protected":false},"excerpt":{"rendered":"<p>KO\u015eULSUZ SEVG\u0130YLE GELEN \u00d6ZG\u00dcRL\u00dcK! \u0130nsanl\u0131k bir kriz ya\u015f\u0131yor! Sava\u015f, yoksulluk, \u00e7evresel felaketler gezegeni bir y\u0131k\u0131m noktas\u0131na getirdi. \u00c7o\u011fumuz derinlerde korku i\u00e7indeyiz, hatta k\u0131rg\u0131nl\u0131k, \u00f6fke ve nefretle<span class=\"excerpt-hellip\"> [\u2026]<\/span><\/p>\n","protected":false},"featured_media":0,"template":"","meta":{"_monsterinsights_skip_tracking":false,"_monsterinsights_sitenote_active":false,"_monsterinsights_sitenote_note":"","_monsterinsights_sitenote_category":0},"product_brand":[],"product_cat":[12364,12376],"product_tag":[],"class_list":{"0":"post-757232","1":"product","2":"type-product","3":"status-publish","5":"product_cat-genel-konular","6":"product_cat-kisisel-gelisim","7":"pa_cilt-ciltsiz","8":"pa_tur-kitap","9":"pa_yayinevi-destek-yayinlari","10":"pa_yazar-don-jose-ruiz","12":"first","13":"instock","14":"sale","15":"shipping-taxable","16":"purchasable","17":"product-type-simple"},"_links":{"self":[{"href":"https:\/\/roveyayinevi.com.tr\/index.php\/wp-json\/wp\/v2\/product\/757232","targetHints":{"allow":["GET"]}}],"collection":[{"href":"https:\/\/roveyayinevi.com.tr\/index.php\/wp-json\/wp\/v2\/product"}],"about":[{"href":"https:\/\/roveyayinevi.com.tr\/index.php\/wp-json\/wp\/v2\/types\/product"}],"wp:attachment":[{"href":"https:\/\/roveyayinevi.com.tr\/index.php\/wp-json\/wp\/v2\/media?parent=757232"}],"wp:term":[{"taxonomy":"product_brand","embeddable":true,"href":"https:\/\/roveyayinevi.com.tr\/index.php\/wp-json\/wp\/v2\/product_brand?post=757232"},{"taxonomy":"product_cat","embeddable":true,"href":"https:\/\/roveyayinevi.com.tr\/index.php\/wp-json\/wp\/v2\/product_cat?post=757232"},{"taxonomy":"product_tag","embeddable":true,"href":"https:\/\/roveyayinevi.com.tr\/index.php\/wp-json\/wp\/v2\/product_tag?post=757232"}],"curies":[{"name":"wp","href":"https:\/\/api.w.org\/{rel}","templated":true}]}}