{"id":757231,"date":"2025-08-28T07:30:25","date_gmt":"2025-08-28T04:30:25","guid":{"rendered":"https:\/\/roveyayinevi.com.tr\/index.php\/urun\/sirtimdaki-ruh-izi\/"},"modified":"2026-04-16T03:10:07","modified_gmt":"2026-04-16T00:10:07","slug":"sirtimdaki-ruh-izi","status":"publish","type":"product","link":"https:\/\/roveyayinevi.com.tr\/index.php\/urun\/sirtimdaki-ruh-izi\/","title":{"rendered":"S\u0131rt\u0131mdaki Ruh \u0130zi"},"content":{"rendered":"<p>\u201cBen hayat\u0131n s\u0131rr\u0131y\u0131m, hayat\u0131n s\u0131rr\u0131 insan.\u201d \u0130nsano\u011flu olarak bir yandan y\u00fczy\u0131llard\u0131r hayat\u0131n s\u0131rr\u0131n\u0131 ar\u0131yorken di\u011fer yandan bu yolculukta hep yalanlar s\u00f6ylemi\u015fiz kendimize ve herkese. Bilmeden kaderimizin \u00f6rg\u00fcs\u00fcne katk\u0131 olmu\u015fuz ve bir ilmek daha atm\u0131\u015f\u0131z s\u0131rr\u0131 saklayarak. Yalan ve s\u0131r ayn\u0131ym\u0131\u015f oysa, s\u0131rr\u0131n oldu\u011fu yerde yalan, yalan\u0131n oldu\u011fu yerde s\u0131r varm\u0131\u015f, bu s\u0131rlar bizi hasta etmi\u015f. Hayat\u0131n s\u0131rr\u0131 insanm\u0131\u015f oysa, her \u015fey bize bizi anlatmak i\u00e7in varm\u0131\u015f, g\u00f6rmemi\u015fiz, duymam\u0131\u015f\u0131z, bilmemi\u015fiz. \u0130nsan\u0131n s\u0131rr\u0131 hayat\u0131n\u0131 belirlerken hasta olmu\u015fuz, biz kader sanm\u0131\u015f\u0131z, hayat sanm\u0131\u015f\u0131z, de\u011fi\u015fmez sanm\u0131\u015f\u0131z. Kendi hayat\u0131n\u0131n k\u0131ymetini bilmek ve HAYAT\u2019\u0131n k\u0131ymetini bilmek yolculu\u011fundaysan \u00e7al kap\u0131y\u0131 gir i\u00e7eri. Y\u00fczle\u015f kendinle. \u00c7\u00fcnk\u00fc hayat\u0131n\u0131n s\u0131rr\u0131 da anahtar\u0131 da sende&#8230; SEN HAYATIN SIRRISIN. \u2013 Hanife Deniz Y\u0131ld\u0131z <\/p>\n","protected":false},"excerpt":{"rendered":"<p>\u201cBen hayat\u0131n s\u0131rr\u0131y\u0131m, hayat\u0131n s\u0131rr\u0131 insan.\u201d \u0130nsano\u011flu olarak bir yandan y\u00fczy\u0131llard\u0131r hayat\u0131n s\u0131rr\u0131n\u0131 ar\u0131yorken di\u011fer yandan bu yolculukta hep yalanlar s\u00f6ylemi\u015fiz kendimize ve herkese. Bilmeden kaderimizin<span class=\"excerpt-hellip\"> [\u2026]<\/span><\/p>\n","protected":false},"featured_media":0,"template":"","meta":{"_monsterinsights_skip_tracking":false,"_monsterinsights_sitenote_active":false,"_monsterinsights_sitenote_note":"","_monsterinsights_sitenote_category":0},"product_brand":[],"product_cat":[12364,12376],"product_tag":[],"class_list":{"0":"post-757231","1":"product","2":"type-product","3":"status-publish","5":"product_cat-genel-konular","6":"product_cat-kisisel-gelisim","7":"pa_cilt-ciltsiz","8":"pa_tur-kitap","9":"pa_yayinevi-destek-yayinlari","10":"pa_yazar-bulent-demircioglu","12":"first","13":"instock","14":"sale","15":"shipping-taxable","16":"purchasable","17":"product-type-simple"},"_links":{"self":[{"href":"https:\/\/roveyayinevi.com.tr\/index.php\/wp-json\/wp\/v2\/product\/757231","targetHints":{"allow":["GET"]}}],"collection":[{"href":"https:\/\/roveyayinevi.com.tr\/index.php\/wp-json\/wp\/v2\/product"}],"about":[{"href":"https:\/\/roveyayinevi.com.tr\/index.php\/wp-json\/wp\/v2\/types\/product"}],"wp:attachment":[{"href":"https:\/\/roveyayinevi.com.tr\/index.php\/wp-json\/wp\/v2\/media?parent=757231"}],"wp:term":[{"taxonomy":"product_brand","embeddable":true,"href":"https:\/\/roveyayinevi.com.tr\/index.php\/wp-json\/wp\/v2\/product_brand?post=757231"},{"taxonomy":"product_cat","embeddable":true,"href":"https:\/\/roveyayinevi.com.tr\/index.php\/wp-json\/wp\/v2\/product_cat?post=757231"},{"taxonomy":"product_tag","embeddable":true,"href":"https:\/\/roveyayinevi.com.tr\/index.php\/wp-json\/wp\/v2\/product_tag?post=757231"}],"curies":[{"name":"wp","href":"https:\/\/api.w.org\/{rel}","templated":true}]}}