{"id":757228,"date":"2025-08-28T07:30:14","date_gmt":"2025-08-28T04:30:14","guid":{"rendered":"https:\/\/roveyayinevi.com.tr\/index.php\/urun\/mavi-kapili-evler\/"},"modified":"2026-04-16T03:10:07","modified_gmt":"2026-04-16T00:10:07","slug":"mavi-kapili-evler","status":"publish","type":"product","link":"https:\/\/roveyayinevi.com.tr\/index.php\/urun\/mavi-kapili-evler\/","title":{"rendered":"Mavi Kap\u0131l\u0131 Evler"},"content":{"rendered":"<p>&#8221;Kap\u0131y\u0131 itip i\u00e7eriye ad\u0131m\u0131m\u0131z\u0131 at\u0131nca nemli toprak kokusu \u00e7arpt\u0131 y\u00fcz\u00fcm\u00fcze. Ya\u015flan\u0131nca boyu k\u0131salan insanlar gibi, omuzlar\u0131 d\u00fc\u015fm\u00fc\u015ft\u00fc evin. Her \u015fey yerli yerinde; ocakl\u0131\u011f\u0131n i\u00e7indeki soba, ambar\u0131n \u00fczerindeki s\u00fct sitilleri, kap\u0131n\u0131n arkas\u0131ndaki \u00e7al\u0131 s\u00fcp\u00fcrge, duvarda as\u0131l\u0131 gaz lambas\u0131\u2026  \u0130nsanlar d\u0131\u015f\u0131nda bir evi ev yapan her \u015fey yerli yerinde duruyordu. G\u00f6zlerim kapal\u0131 hepsinin yerini bulabilirdim, hatta g\u00f6zlerim kapal\u0131 evin i\u00e7inde dolansam sobaya kozalak atan Nazl\u0131&#8217;ya, diki\u015f diken Neriman Teyze&#8217;ye, sigara i\u00e7en Rag\u0131p&#8217;a \u00e7arpabilirdim.&#8221; Kitap sizi modern d\u00fcnyan\u0131n esaretinden ka\u00e7\u0131\u015f\u0131n daha \u00e7ok anlam kazand\u0131\u011f\u0131 g\u00fcn\u00fcm\u00fczde yazar\u0131n kendi i\u00e7sel yolculu\u011fu, samimi ili\u015fkiler ve k\u00f6y\u00fcn kendine has ritmi vas\u0131tas\u0131yla do\u011fan\u0131n ve geleneksel ya\u015fam\u0131n g\u00fczelli\u011fini ke\u015ffetmeye davet ediyor.<\/p>\n","protected":false},"excerpt":{"rendered":"<p>&#8221;Kap\u0131y\u0131 itip i\u00e7eriye ad\u0131m\u0131m\u0131z\u0131 at\u0131nca nemli toprak kokusu \u00e7arpt\u0131 y\u00fcz\u00fcm\u00fcze. Ya\u015flan\u0131nca boyu k\u0131salan insanlar gibi, omuzlar\u0131 d\u00fc\u015fm\u00fc\u015ft\u00fc evin. Her \u015fey yerli yerinde; ocakl\u0131\u011f\u0131n i\u00e7indeki soba, ambar\u0131n<span class=\"excerpt-hellip\"> [\u2026]<\/span><\/p>\n","protected":false},"featured_media":0,"template":"","meta":{"_monsterinsights_skip_tracking":false,"_monsterinsights_sitenote_active":false,"_monsterinsights_sitenote_note":"","_monsterinsights_sitenote_category":0},"product_brand":[],"product_cat":[12291,12711],"product_tag":[],"class_list":{"0":"post-757228","1":"product","2":"type-product","3":"status-publish","5":"product_cat-edebiyat","6":"product_cat-roman-oyku","7":"pa_cilt-ciltsiz","8":"pa_tur-kitap","9":"pa_yayinevi-elpis-yayinlari","10":"pa_yazar-gul-kilickaya","12":"first","13":"instock","14":"sale","15":"shipping-taxable","16":"purchasable","17":"product-type-simple"},"_links":{"self":[{"href":"https:\/\/roveyayinevi.com.tr\/index.php\/wp-json\/wp\/v2\/product\/757228","targetHints":{"allow":["GET"]}}],"collection":[{"href":"https:\/\/roveyayinevi.com.tr\/index.php\/wp-json\/wp\/v2\/product"}],"about":[{"href":"https:\/\/roveyayinevi.com.tr\/index.php\/wp-json\/wp\/v2\/types\/product"}],"wp:attachment":[{"href":"https:\/\/roveyayinevi.com.tr\/index.php\/wp-json\/wp\/v2\/media?parent=757228"}],"wp:term":[{"taxonomy":"product_brand","embeddable":true,"href":"https:\/\/roveyayinevi.com.tr\/index.php\/wp-json\/wp\/v2\/product_brand?post=757228"},{"taxonomy":"product_cat","embeddable":true,"href":"https:\/\/roveyayinevi.com.tr\/index.php\/wp-json\/wp\/v2\/product_cat?post=757228"},{"taxonomy":"product_tag","embeddable":true,"href":"https:\/\/roveyayinevi.com.tr\/index.php\/wp-json\/wp\/v2\/product_tag?post=757228"}],"curies":[{"name":"wp","href":"https:\/\/api.w.org\/{rel}","templated":true}]}}