{"id":757227,"date":"2025-08-28T07:30:12","date_gmt":"2025-08-28T04:30:12","guid":{"rendered":"https:\/\/roveyayinevi.com.tr\/index.php\/urun\/kocanin-kocasi\/"},"modified":"2026-04-16T03:10:07","modified_gmt":"2026-04-16T00:10:07","slug":"kocanin-kocasi","status":"publish","type":"product","link":"https:\/\/roveyayinevi.com.tr\/index.php\/urun\/kocanin-kocasi\/","title":{"rendered":"Kocan\u0131n Kocas\u0131"},"content":{"rendered":"<p>A\u015fk evlili\u011fi yapt\u0131\u011f\u0131n\u0131 zanneden De\u011fer, narsist e\u015fi Adnan&#8217;\u0131n s\u0131rlarla dolu hayat\u0131n\u0131n i\u00e7inde kaybolacakt\u0131.   Onlar\u0131n \u0130li\u015fkileri etraf\u0131ndaki bir\u00e7ok insan\u0131n hayat\u0131n\u0131 derinden etkileyecek, \u00e7\u0131k\u0131\u015f yoluna katt\u0131\u011f\u0131 bu ki\u015filer ise bamba\u015fka olaylar\u0131n perdesini aralayacak.   Bakal\u0131m Zerrin ve Sinem&#8217;in \u015feytani oyunlar\u0131 De\u011fer&#8217;in yuvas\u0131n\u0131 ate\u015f topuna \u00e7evirirken, ilahi adaletin cilvesi nas\u0131l tecelli edecek? \u0130hanetin, yalanlar\u0131n ve manip\u00fclasyonun karma\u015f\u0131k labirentinde dola\u015f\u0131rken Adnan&#8217;\u0131n ger\u00e7ek y\u00fcz\u00fc ortaya \u00e7\u0131kacak m\u0131? Kad\u0131nlar\u0131 bask\u0131 alt\u0131na almas\u0131n\u0131n ard\u0131ndaki ger\u00e7ek sebep ne? Ataerkil bir toplumda erkek ger\u00e7ekte ne kadar \u00f6zg\u00fcr?   T\u00fcm bunlar\u0131n cevaplar\u0131n\u0131 bulaca\u011f\u0131n\u0131z romanda sadece bir kad\u0131n\u0131n \u00e7aresizli\u011finin i\u00e7 sesini okumayacaks\u0131n\u0131z. Ayn\u0131 zamanda toplum bask\u0131s\u0131 y\u00fcz\u00fcnden kendine se\u00e7im hakk\u0131 tan\u0131nmad\u0131\u011f\u0131 i\u00e7in gizli duygular\u0131n alt\u0131nda ezilen karakterlerin hayatlar\u0131na da bak\u0131yor olacaks\u0131n\u0131z.<\/p>\n","protected":false},"excerpt":{"rendered":"<p>A\u015fk evlili\u011fi yapt\u0131\u011f\u0131n\u0131 zanneden De\u011fer, narsist e\u015fi Adnan&#8217;\u0131n s\u0131rlarla dolu hayat\u0131n\u0131n i\u00e7inde kaybolacakt\u0131. Onlar\u0131n \u0130li\u015fkileri etraf\u0131ndaki bir\u00e7ok insan\u0131n hayat\u0131n\u0131 derinden etkileyecek, \u00e7\u0131k\u0131\u015f yoluna katt\u0131\u011f\u0131 bu ki\u015filer<span class=\"excerpt-hellip\"> [\u2026]<\/span><\/p>\n","protected":false},"featured_media":0,"template":"","meta":{"_monsterinsights_skip_tracking":false,"_monsterinsights_sitenote_active":false,"_monsterinsights_sitenote_note":"","_monsterinsights_sitenote_category":0},"product_brand":[],"product_cat":[12291,12711],"product_tag":[],"class_list":{"0":"post-757227","1":"product","2":"type-product","3":"status-publish","5":"product_cat-edebiyat","6":"product_cat-roman-oyku","7":"pa_cilt-ciltsiz","8":"pa_tur-kitap","9":"pa_yayinevi-theseus-yayinevi","10":"pa_yazar-eda-gokceli","12":"first","13":"instock","14":"sale","15":"shipping-taxable","16":"purchasable","17":"product-type-simple"},"_links":{"self":[{"href":"https:\/\/roveyayinevi.com.tr\/index.php\/wp-json\/wp\/v2\/product\/757227","targetHints":{"allow":["GET"]}}],"collection":[{"href":"https:\/\/roveyayinevi.com.tr\/index.php\/wp-json\/wp\/v2\/product"}],"about":[{"href":"https:\/\/roveyayinevi.com.tr\/index.php\/wp-json\/wp\/v2\/types\/product"}],"wp:attachment":[{"href":"https:\/\/roveyayinevi.com.tr\/index.php\/wp-json\/wp\/v2\/media?parent=757227"}],"wp:term":[{"taxonomy":"product_brand","embeddable":true,"href":"https:\/\/roveyayinevi.com.tr\/index.php\/wp-json\/wp\/v2\/product_brand?post=757227"},{"taxonomy":"product_cat","embeddable":true,"href":"https:\/\/roveyayinevi.com.tr\/index.php\/wp-json\/wp\/v2\/product_cat?post=757227"},{"taxonomy":"product_tag","embeddable":true,"href":"https:\/\/roveyayinevi.com.tr\/index.php\/wp-json\/wp\/v2\/product_tag?post=757227"}],"curies":[{"name":"wp","href":"https:\/\/api.w.org\/{rel}","templated":true}]}}