{"id":757226,"date":"2025-08-28T07:30:10","date_gmt":"2025-08-28T04:30:10","guid":{"rendered":"https:\/\/roveyayinevi.com.tr\/index.php\/urun\/kaos-projesi\/"},"modified":"2026-04-16T03:10:07","modified_gmt":"2026-04-16T00:10:07","slug":"kaos-projesi","status":"publish","type":"product","link":"https:\/\/roveyayinevi.com.tr\/index.php\/urun\/kaos-projesi\/","title":{"rendered":"Kaos Projesi"},"content":{"rendered":"<p>\u201cBelki de bir anlam ifade etmedikleri i\u00e7indir.&#8221; dedi kad\u0131n ve elini adam\u0131n kolunun i\u00e7 taraf\u0131na i\u015flenmi\u015f d\u00f6vmesinin \u00fczerinde nazik\u00e7e gezdirdi. Parmaklar\u0131 \u00fczerinden ge\u00e7erken d\u00f6vme odan\u0131n lo\u015f karanl\u0131\u011f\u0131nda hafif\u00e7e \u0131\u015f\u0131ldad\u0131 ama \u0131\u015f\u0131lt\u0131 hemencecik s\u00f6nd\u00fc ve tekrar kara bir \u00e7izim halini ald\u0131. \u201cD\u00f6vmeni seviyorum.\u201d dedi. \u201cAma neden bir ayna?\u201d \u201cGer\u00e7ekleri g\u00f6rebilmek i\u00e7in.\u201d   Bir cinayet ara\u015ft\u0131rmas\u0131 i\u00e7in kendisine ba\u015fvuruldu\u011funda \u00d6zel Ara\u015ft\u0131rmac\u0131 Yaprak \u00c7\u0131nar&#8217;\u0131n isteksizce de olsa kabul etti\u011fi ara\u015ft\u0131rma, onu y\u00fcz y\u0131l \u00f6nceki bir uzay g\u00f6revine kadar g\u00f6t\u00fcr\u00fcrken Yaprak bu esnada eksantrik karakterlerle kar\u015f\u0131la\u015facak, arkada\u015flar\u0131n\u0131n bilmedi\u011fi y\u00f6nlerini ke\u015ffedecek, siborg kiral\u0131k katillerle, esrarengiz ve tehlikeli d\u00fc\u015fmanlarla dolu bir d\u00fcnyaya ad\u0131m atacakt\u0131r. Kaos Projesi kozmik korku ile harmanlanm\u0131\u015f bir siberpunk, noir dedektif d\u00fcnyas\u0131..<\/p>\n","protected":false},"excerpt":{"rendered":"<p>\u201cBelki de bir anlam ifade etmedikleri i\u00e7indir.&#8221; dedi kad\u0131n ve elini adam\u0131n kolunun i\u00e7 taraf\u0131na i\u015flenmi\u015f d\u00f6vmesinin \u00fczerinde nazik\u00e7e gezdirdi. Parmaklar\u0131 \u00fczerinden ge\u00e7erken d\u00f6vme odan\u0131n lo\u015f<span class=\"excerpt-hellip\"> [\u2026]<\/span><\/p>\n","protected":false},"featured_media":0,"template":"","meta":{"_monsterinsights_skip_tracking":false,"_monsterinsights_sitenote_active":false,"_monsterinsights_sitenote_note":"","_monsterinsights_sitenote_category":0},"product_brand":[],"product_cat":[12540,12291],"product_tag":[],"class_list":{"0":"post-757226","1":"product","2":"type-product","3":"status-publish","5":"product_cat-bilim-kurgu","6":"product_cat-edebiyat","7":"pa_cilt-ciltsiz","8":"pa_tur-kitap","9":"pa_yayinevi-perseus","10":"pa_yazar-anil-sahal","12":"first","13":"instock","14":"sale","15":"shipping-taxable","16":"purchasable","17":"product-type-simple"},"_links":{"self":[{"href":"https:\/\/roveyayinevi.com.tr\/index.php\/wp-json\/wp\/v2\/product\/757226","targetHints":{"allow":["GET"]}}],"collection":[{"href":"https:\/\/roveyayinevi.com.tr\/index.php\/wp-json\/wp\/v2\/product"}],"about":[{"href":"https:\/\/roveyayinevi.com.tr\/index.php\/wp-json\/wp\/v2\/types\/product"}],"wp:attachment":[{"href":"https:\/\/roveyayinevi.com.tr\/index.php\/wp-json\/wp\/v2\/media?parent=757226"}],"wp:term":[{"taxonomy":"product_brand","embeddable":true,"href":"https:\/\/roveyayinevi.com.tr\/index.php\/wp-json\/wp\/v2\/product_brand?post=757226"},{"taxonomy":"product_cat","embeddable":true,"href":"https:\/\/roveyayinevi.com.tr\/index.php\/wp-json\/wp\/v2\/product_cat?post=757226"},{"taxonomy":"product_tag","embeddable":true,"href":"https:\/\/roveyayinevi.com.tr\/index.php\/wp-json\/wp\/v2\/product_tag?post=757226"}],"curies":[{"name":"wp","href":"https:\/\/api.w.org\/{rel}","templated":true}]}}