{"id":757225,"date":"2025-08-28T07:30:09","date_gmt":"2025-08-28T04:30:09","guid":{"rendered":"https:\/\/roveyayinevi.com.tr\/index.php\/urun\/yeni-nesil-dil-ogrenme\/"},"modified":"2026-04-16T03:10:07","modified_gmt":"2026-04-16T00:10:07","slug":"yeni-nesil-dil-ogrenme","status":"publish","type":"product","link":"https:\/\/roveyayinevi.com.tr\/index.php\/urun\/yeni-nesil-dil-ogrenme\/","title":{"rendered":"Yeni Nesil Dil \u00d6\u011frenme"},"content":{"rendered":"<p>E\u011fer siz de dil \u00f6\u011frenmeye ilgi duyanlardansan\u0131z bu kitapta kendinize dair pek \u00e7ok \u015fey bulacaks\u0131n\u0131z. Neden mi? \u00c7\u00fcnk\u00fc y\u0131llar i\u00e7inde tekrar tekrar ba\u015flay\u0131p ancak sonunu bir t\u00fcrl\u00fc getiremedi\u011finiz dil \u00f6\u011frenme ser\u00fcveninizde \u00e7o\u011fu zaman hayal k\u0131r\u0131kl\u0131\u011f\u0131 ya\u015fad\u0131n\u0131z. Kapaktaki sorular ve benzerleriyle s\u0131k s\u0131k kar\u015f\u0131la\u015ft\u0131n\u0131z, \u00f6yle de\u011fil mi?Bu sorular\u0131n bilimsel anlamdaki analizlerini yapan bir akademisyen olan Prof. Dr. Cem Bal\u00e7\u0131kanl\u0131 ve haz\u0131rlad\u0131\u011f\u0131 videolarla milyonlarca ki\u015fiye nas\u0131l yabanc\u0131 dil \u00f6\u011frenilece\u011fi konusunda yol g\u00f6steren \u0130ngilizce \u00d6\u011fretmeni &#8211; \u0130\u00e7erik \u00dcreticisi \u00c7ilem Akar, kapaktaki sorulara ili\u015fkin sadece pratik d\u00fczeyde yan\u0131tlar vermiyor ayn\u0131 zamanda bu yan\u0131tlar\u0131n teorik derinli\u011fine de de\u011finiyor. Ayr\u0131ca kitapta bulunan karekodlar sayesinde dil \u00f6\u011frenmenize destek olacak birbirinden de\u011ferli uygulama ve siteye h\u0131zl\u0131ca ula\u015fabileceksiniz.Elinizdeki bu kitap kendi ba\u015f\u0131n\u0131za dil \u00f6\u011frenme rehberiniz olarak size yard\u0131m edecek. Bu keyifli yolculu\u011fa \u00e7\u0131kmaya var m\u0131s\u0131n\u0131z?Yeni Nesil Dil \u00d6\u011frenme ba\u015flas\u0131n!<\/p>\n","protected":false},"excerpt":{"rendered":"<p>E\u011fer siz de dil \u00f6\u011frenmeye ilgi duyanlardansan\u0131z bu kitapta kendinize dair pek \u00e7ok \u015fey bulacaks\u0131n\u0131z. Neden mi? \u00c7\u00fcnk\u00fc y\u0131llar i\u00e7inde tekrar tekrar ba\u015flay\u0131p ancak sonunu bir<span class=\"excerpt-hellip\"> [\u2026]<\/span><\/p>\n","protected":false},"featured_media":0,"template":"","meta":{"_monsterinsights_skip_tracking":false,"_monsterinsights_sitenote_active":false,"_monsterinsights_sitenote_note":"","_monsterinsights_sitenote_category":0},"product_brand":[],"product_cat":[14597,12566],"product_tag":[],"class_list":{"0":"post-757225","1":"product","2":"type-product","3":"status-publish","5":"product_cat-dil-ogrenimi","6":"product_cat-egitim","7":"pa_cilt-ciltsiz","8":"pa_tur-kitap","9":"pa_yayinevi-altin-kitaplar-akademi","10":"pa_yazar-cem-balcikanli-cilem-akar","12":"first","13":"instock","14":"sale","15":"shipping-taxable","16":"purchasable","17":"product-type-simple"},"_links":{"self":[{"href":"https:\/\/roveyayinevi.com.tr\/index.php\/wp-json\/wp\/v2\/product\/757225","targetHints":{"allow":["GET"]}}],"collection":[{"href":"https:\/\/roveyayinevi.com.tr\/index.php\/wp-json\/wp\/v2\/product"}],"about":[{"href":"https:\/\/roveyayinevi.com.tr\/index.php\/wp-json\/wp\/v2\/types\/product"}],"wp:attachment":[{"href":"https:\/\/roveyayinevi.com.tr\/index.php\/wp-json\/wp\/v2\/media?parent=757225"}],"wp:term":[{"taxonomy":"product_brand","embeddable":true,"href":"https:\/\/roveyayinevi.com.tr\/index.php\/wp-json\/wp\/v2\/product_brand?post=757225"},{"taxonomy":"product_cat","embeddable":true,"href":"https:\/\/roveyayinevi.com.tr\/index.php\/wp-json\/wp\/v2\/product_cat?post=757225"},{"taxonomy":"product_tag","embeddable":true,"href":"https:\/\/roveyayinevi.com.tr\/index.php\/wp-json\/wp\/v2\/product_tag?post=757225"}],"curies":[{"name":"wp","href":"https:\/\/api.w.org\/{rel}","templated":true}]}}