{"id":757224,"date":"2025-08-28T07:30:08","date_gmt":"2025-08-28T04:30:08","guid":{"rendered":"https:\/\/roveyayinevi.com.tr\/index.php\/urun\/leviathandan-21-yuzyila-enuma-elis-dongusu\/"},"modified":"2026-04-16T03:10:07","modified_gmt":"2026-04-16T00:10:07","slug":"leviathandan-21-yuzyila-enuma-elis-dongusu","status":"publish","type":"product","link":"https:\/\/roveyayinevi.com.tr\/index.php\/urun\/leviathandan-21-yuzyila-enuma-elis-dongusu\/","title":{"rendered":"Leviathan&#8217;dan 21. Y\u00fczy\u0131la Enuma Eli\u015f D\u00f6ng\u00fcs\u00fc"},"content":{"rendered":"<p>Kadim Mezopotamya edebi gelene\u011fi i\u00e7erisindeki motifler, okuyucunun bir dizi ortak soruyu sormas\u0131na ve yan\u0131tlamas\u0131na izin verir: \u201cYaratan kimdir ve Yaratan nas\u0131ld\u0131r? Varsa, ba\u015flang\u0131\u00e7ta Yaradan\u2019la birlikte olan kimdi? Yarat\u0131l\u0131\u015f\u0131n, \u00f6zellikle de insan\u0131n yarat\u0131l\u0131\u015f\u0131n\u0131n amac\u0131 nedir?\u201d Ve sonunda, en \u00e7e\u015fitli cevaplar\u0131 olan soruyu sordu\u011fumuzda: \u201cBu hik\u00e2ye nedir ve neden anlat\u0131ld\u0131?\u201d Bu sorular\u0131n cevab\u0131n\u0131n bulundu\u011fu kadim Mezopotamya edebiyat\u00e7\u0131lar\u0131n\u0131n en b\u00fcy\u00fck ba\u015far\u0131lar\u0131ndan birisi de yedi tabletlik bir eser olan ve Akadca \u201cEnuma Eli\u015f\u201d (Y\u00fcksekteyken) olarak bilinen, Marduk\u2019un tanr\u0131lar\u0131n krall\u0131\u011f\u0131na y\u00fckseli\u015fini tan\u0131mlayan \u201cBabil Yarat\u0131l\u0131\u015f Destan\u0131\u201dd\u0131r. Yedi tabletten olu\u015fan eser, a\u00e7\u0131l\u0131\u015f s\u00f6zlerinden sonra, 12 g\u00fcnl\u00fck Yeni Y\u0131l\/Akitu festivallerinin 4. g\u00fcn\u00fcnde okunmaktayd\u0131. Metnin en \u00f6nemli i\u015flevlerinden biri, Babil \u015fehrinin iddia etti\u011fi dini ve siyasi \u00fcst\u00fcnl\u00fc\u011f\u00fcn bir etiyolojisini sa\u011flamakt\u0131. Enuma Eli\u015f alan\u0131ndaki T\u00fcrk\u00e7e kaynaklar\u0131n azl\u0131\u011f\u0131 g\u00f6z \u00f6n\u00fcnde bulunduruldu\u011funda, edit\u00f6rl\u00fc\u011f\u00fcn\u00fc Tel Aviv \u00dcniversitesi\u2019nden etno-arkeolojinin \u00f6nde gelen isimlerinden Prof. Dr. Jak Yakar\u2019\u0131n \u00fcstlendi\u011fi elinizde tutmu\u015f oldu\u011funuz bu \u00e7al\u0131\u015fma \u00f6nemli bir bo\u015flu\u011fu doldurarak okuyucunun konuya farkl\u0131 bak\u0131\u015f a\u00e7\u0131lar\u0131ndan bakmas\u0131n\u0131 sa\u011flayacakt\u0131r.<\/p>\n","protected":false},"excerpt":{"rendered":"<p>Kadim Mezopotamya edebi gelene\u011fi i\u00e7erisindeki motifler, okuyucunun bir dizi ortak soruyu sormas\u0131na ve yan\u0131tlamas\u0131na izin verir: \u201cYaratan kimdir ve Yaratan nas\u0131ld\u0131r? Varsa, ba\u015flang\u0131\u00e7ta Yaradan\u2019la birlikte olan<span class=\"excerpt-hellip\"> [\u2026]<\/span><\/p>\n","protected":false},"featured_media":0,"template":"","meta":{"_monsterinsights_skip_tracking":false,"_monsterinsights_sitenote_active":false,"_monsterinsights_sitenote_note":"","_monsterinsights_sitenote_category":0},"product_brand":[],"product_cat":[52477,52478],"product_tag":[],"class_list":{"0":"post-757224","1":"product","2":"type-product","3":"status-publish","5":"product_cat-arastirma","6":"product_cat-arkeoloji","7":"pa_cilt-ciltsiz","8":"pa_tur-kitap","9":"pa_yayinevi-bilgin-kultur-sanat","10":"pa_yazar-serdar-ozbilen","12":"first","13":"instock","14":"sale","15":"shipping-taxable","16":"purchasable","17":"product-type-simple"},"_links":{"self":[{"href":"https:\/\/roveyayinevi.com.tr\/index.php\/wp-json\/wp\/v2\/product\/757224","targetHints":{"allow":["GET"]}}],"collection":[{"href":"https:\/\/roveyayinevi.com.tr\/index.php\/wp-json\/wp\/v2\/product"}],"about":[{"href":"https:\/\/roveyayinevi.com.tr\/index.php\/wp-json\/wp\/v2\/types\/product"}],"wp:attachment":[{"href":"https:\/\/roveyayinevi.com.tr\/index.php\/wp-json\/wp\/v2\/media?parent=757224"}],"wp:term":[{"taxonomy":"product_brand","embeddable":true,"href":"https:\/\/roveyayinevi.com.tr\/index.php\/wp-json\/wp\/v2\/product_brand?post=757224"},{"taxonomy":"product_cat","embeddable":true,"href":"https:\/\/roveyayinevi.com.tr\/index.php\/wp-json\/wp\/v2\/product_cat?post=757224"},{"taxonomy":"product_tag","embeddable":true,"href":"https:\/\/roveyayinevi.com.tr\/index.php\/wp-json\/wp\/v2\/product_tag?post=757224"}],"curies":[{"name":"wp","href":"https:\/\/api.w.org\/{rel}","templated":true}]}}