{"id":757223,"date":"2025-08-28T07:30:07","date_gmt":"2025-08-28T04:30:07","guid":{"rendered":"https:\/\/roveyayinevi.com.tr\/index.php\/urun\/iletisim-ve-kulturun-dijital-donusumu\/"},"modified":"2026-01-29T03:47:38","modified_gmt":"2026-01-29T00:47:38","slug":"iletisim-ve-kulturun-dijital-donusumu","status":"publish","type":"product","link":"https:\/\/roveyayinevi.com.tr\/index.php\/urun\/iletisim-ve-kulturun-dijital-donusumu\/","title":{"rendered":"\u0130leti\u015fim Ve K\u00fclt\u00fcr\u00fcn Dijital D\u00f6n\u00fc\u015f\u00fcm\u00fc"},"content":{"rendered":"<p>\u0130nsan do\u011fa ko\u015fullar\u0131nda hayatta kalmak i\u00e7in di\u011fer hayvan t\u00fcrlerinden daha zay\u0131f olmas\u0131na ra\u011fmen, do\u011fay\u0131 d\u00f6n\u00fc\u015ft\u00fcrerek hayat\u0131n\u0131 s\u00fcrd\u00fcrm\u00fc\u015ft\u00fcr. Bununla birlikte, insan\u0131n do\u011fay\u0131 d\u00f6n\u00fc\u015ft\u00fcrmesi kendisini d\u00f6n\u00fc\u015ft\u00fcrmesine yol a\u00e7m\u0131\u015ft\u0131r. K\u00fclt\u00fcr ve toplum bu d\u00f6n\u00fc\u015f\u00fcm\u00fcn sonu\u00e7lar\u0131 olarak g\u00f6r\u00fclebilir. Teknoloji ve yap\u0131nt\u0131lar, k\u00fclt\u00fcr ve toplumun ba\u015fl\u0131ca olu\u015fturucular\u0131 aras\u0131ndad\u0131r. Her d\u00f6neme damgas\u0131n\u0131 vuran ileti\u015fim teknolojileri o denemin k\u00fclt\u00fcrel ve toplumsal d\u00fczeni i\u00e7inde kritik bir \u00f6neme sahiptir. Genel olarak, s\u00f6zl\u00fc ileti\u015fim, yaz\u0131l\u0131 ileti\u015fim, kitle ileti\u015fimi ve dijital ileti\u015fimden her biri h\u00e2kim olduklar\u0131 d\u00f6nemin k\u00fclt\u00fcrel ve toplumsal yap\u0131s\u0131yla kar\u015f\u0131l\u0131kl\u0131 etkile\u015fim i\u00e7inde de\u011ferlendirilebilir. Son d\u00f6nemde enformasyon ve ileti\u015fim teknolojilerindeki d\u00f6n\u00fc\u015f\u00fcm sonucunda kitle ileti\u015fimi yerini dijital ileti\u015fime, kitle k\u00fclt\u00fcr\u00fc yerini dijital k\u00fclt\u00fcre b\u0131rakmaktad\u0131r. Ayn\u0131 zamanda bu d\u00f6n\u00fc\u015f\u00fcm, insan ve toplum bilimlerinde \u00f6nemli ara\u015ft\u0131rmalara konu olmaktad\u0131r. Bu ba\u011flamda dijital kapitalizm, a\u011f ileti\u015fimi, sanall\u0131k, do\u011fruluk-sonras\u0131, yak\u0131nsama, yapay zek\u00e2 dijital ileti\u015fim ara\u015ft\u0131rmalar\u0131n\u0131n \u00fczerinde odakland\u0131\u011f\u0131 temel konulard\u0131r. Bu kitapta, k\u00fclt\u00fcr ve ileti\u015fimin dijital d\u00f6n\u00fc\u015f\u00fcm\u00fcyle ortaya \u00e7\u0131kan pratikler ve s\u00fcre\u00e7ler hem kuramsal bak\u0131\u015f a\u00e7\u0131lar\u0131 hem de daha \u00f6nceki ara\u015ft\u0131rmalar\u0131n sonu\u00e7lar\u0131 dikkate al\u0131narak incelenmektedir. <\/p>\n","protected":false},"excerpt":{"rendered":"<p>\u0130nsan do\u011fa ko\u015fullar\u0131nda hayatta kalmak i\u00e7in di\u011fer hayvan t\u00fcrlerinden daha zay\u0131f olmas\u0131na ra\u011fmen, do\u011fay\u0131 d\u00f6n\u00fc\u015ft\u00fcrerek hayat\u0131n\u0131 s\u00fcrd\u00fcrm\u00fc\u015ft\u00fcr. Bununla birlikte, insan\u0131n do\u011fay\u0131 d\u00f6n\u00fc\u015ft\u00fcrmesi kendisini d\u00f6n\u00fc\u015ft\u00fcrmesine yol a\u00e7m\u0131\u015ft\u0131r.<span class=\"excerpt-hellip\"> [\u2026]<\/span><\/p>\n","protected":false},"featured_media":0,"template":"","meta":{"_monsterinsights_skip_tracking":false,"_monsterinsights_sitenote_active":false,"_monsterinsights_sitenote_note":"","_monsterinsights_sitenote_category":0},"product_brand":[],"product_cat":[15983,13488],"product_tag":[],"class_list":{"0":"post-757223","1":"product","2":"type-product","3":"status-publish","5":"product_cat-iletisim-ve-medya","6":"product_cat-toplum-ve-insan","7":"pa_cilt-ciltsiz","8":"pa_tur-kitap","9":"pa_yayinevi-utopya-yayinevi","10":"pa_yazar-himmet-hulur-cem-yasin","12":"first","13":"instock","14":"sale","15":"shipping-taxable","16":"purchasable","17":"product-type-simple"},"_links":{"self":[{"href":"https:\/\/roveyayinevi.com.tr\/index.php\/wp-json\/wp\/v2\/product\/757223","targetHints":{"allow":["GET"]}}],"collection":[{"href":"https:\/\/roveyayinevi.com.tr\/index.php\/wp-json\/wp\/v2\/product"}],"about":[{"href":"https:\/\/roveyayinevi.com.tr\/index.php\/wp-json\/wp\/v2\/types\/product"}],"wp:attachment":[{"href":"https:\/\/roveyayinevi.com.tr\/index.php\/wp-json\/wp\/v2\/media?parent=757223"}],"wp:term":[{"taxonomy":"product_brand","embeddable":true,"href":"https:\/\/roveyayinevi.com.tr\/index.php\/wp-json\/wp\/v2\/product_brand?post=757223"},{"taxonomy":"product_cat","embeddable":true,"href":"https:\/\/roveyayinevi.com.tr\/index.php\/wp-json\/wp\/v2\/product_cat?post=757223"},{"taxonomy":"product_tag","embeddable":true,"href":"https:\/\/roveyayinevi.com.tr\/index.php\/wp-json\/wp\/v2\/product_tag?post=757223"}],"curies":[{"name":"wp","href":"https:\/\/api.w.org\/{rel}","templated":true}]}}