{"id":757220,"date":"2025-08-28T07:30:04","date_gmt":"2025-08-28T04:30:04","guid":{"rendered":"https:\/\/roveyayinevi.com.tr\/index.php\/urun\/icgoru-terapisi\/"},"modified":"2026-04-16T03:10:07","modified_gmt":"2026-04-16T00:10:07","slug":"icgoru-terapisi","status":"publish","type":"product","link":"https:\/\/roveyayinevi.com.tr\/index.php\/urun\/icgoru-terapisi\/","title":{"rendered":"\u0130\u00e7g\u00f6r\u00fc Terapisi"},"content":{"rendered":"<p>Hik\u00e2yenizi Ke\u015ffedin, Hayat\u0131n\u0131z\u0131 Yeniden Yaz\u0131n Her insan\u0131n bir hik\u00e2yesi vard\u0131r; hayatlar\u0131n\u0131, kararlar\u0131n\u0131 ve d\u00fc\u015f\u00fcnme bi\u00e7imlerini \u015fekillendiren ki\u015fisel bir anlat\u0131. Peki bunun ayn\u0131 zamanda beyninizin yap\u0131s\u0131n\u0131 da etkiledi\u011fini biliyor muydunuz? \u00dcnl\u00fc psikiyatrist ve Harvard T\u0131p Fak\u00fcltesi profes\u00f6r\u00fc olan John Sharp, bilin\u00e7d\u0131\u015f\u0131 anlat\u0131n\u0131z\u0131 ke\u015ffetmek ve yeni i\u00e7g\u00f6r\u00fcn\u00fcz\u00fc kullanarak kendinizi sabote etmenizin temelinde yatan \u201cyanl\u0131\u015f ger\u00e7e\u011fi\u201d ortadan kald\u0131rmak i\u00e7in sekiz ad\u0131ml\u0131 bir s\u00fcre\u00e7 sunuyor. E\u015fsiz yakla\u015f\u0131m\u0131, uygulamal\u0131 psikolojinin d\u00f6rt temel alan\u0131n\u0131 -kontrol ustal\u0131\u011f\u0131 teorisi, ba\u011flanma teorisi, hik\u00e2ye terapisi ve pozitif psikoloji- kendi ara\u015ft\u0131rmas\u0131 ve profesyonel deneyimi ile b\u00fct\u00fcnle\u015ftirerek i\u00e7g\u00f6r\u00fcye giden ruhsal bir yol in\u015fa ediyor. Dr. Sharp\u2019\u0131n yakla\u015f\u0131m\u0131 basit ve eri\u015filebilir olmakla birlikte derin sonu\u00e7lar do\u011furuyor. Al\u0131\u015ft\u0131rmalar, testler, vaka \u00e7al\u0131\u015fmalar\u0131n\u0131n derinlemesine incelenmesi ve rehberli\u011fi sayesinde yanl\u0131\u015f ger\u00e7ekli\u011finizi bulabilecek, hik\u00e2yenizi yeniden yazarak hayat\u0131n\u0131z\u0131 d\u00f6n\u00fc\u015ft\u00fcrebileceksiniz. \u0130\u00e7g\u00f6r\u00fc d\u00fc\u011fmesine bir kez bast\u0131\u011f\u0131n\u0131zda, i\u00e7inizde parlayacak \u0131\u015f\u0131\u011f\u0131 hi\u00e7bir \u015fey engelleyemeyecek.<\/p>\n","protected":false},"excerpt":{"rendered":"<p>Hik\u00e2yenizi Ke\u015ffedin, Hayat\u0131n\u0131z\u0131 Yeniden Yaz\u0131n Her insan\u0131n bir hik\u00e2yesi vard\u0131r; hayatlar\u0131n\u0131, kararlar\u0131n\u0131 ve d\u00fc\u015f\u00fcnme bi\u00e7imlerini \u015fekillendiren ki\u015fisel bir anlat\u0131. Peki bunun ayn\u0131 zamanda beyninizin yap\u0131s\u0131n\u0131 da<span class=\"excerpt-hellip\"> [\u2026]<\/span><\/p>\n","protected":false},"featured_media":0,"template":"","meta":{"_monsterinsights_skip_tracking":false,"_monsterinsights_sitenote_active":false,"_monsterinsights_sitenote_note":"","_monsterinsights_sitenote_category":0},"product_brand":[],"product_cat":[12357],"product_tag":[],"class_list":{"0":"post-757220","1":"product","2":"type-product","3":"status-publish","5":"product_cat-psikoloji","6":"pa_cilt-ciltsiz","7":"pa_tur-kitap","8":"pa_yayinevi-epsilon-yayinlari","9":"pa_yazar-john-sharp","11":"first","12":"instock","13":"sale","14":"shipping-taxable","15":"purchasable","16":"product-type-simple"},"_links":{"self":[{"href":"https:\/\/roveyayinevi.com.tr\/index.php\/wp-json\/wp\/v2\/product\/757220","targetHints":{"allow":["GET"]}}],"collection":[{"href":"https:\/\/roveyayinevi.com.tr\/index.php\/wp-json\/wp\/v2\/product"}],"about":[{"href":"https:\/\/roveyayinevi.com.tr\/index.php\/wp-json\/wp\/v2\/types\/product"}],"wp:attachment":[{"href":"https:\/\/roveyayinevi.com.tr\/index.php\/wp-json\/wp\/v2\/media?parent=757220"}],"wp:term":[{"taxonomy":"product_brand","embeddable":true,"href":"https:\/\/roveyayinevi.com.tr\/index.php\/wp-json\/wp\/v2\/product_brand?post=757220"},{"taxonomy":"product_cat","embeddable":true,"href":"https:\/\/roveyayinevi.com.tr\/index.php\/wp-json\/wp\/v2\/product_cat?post=757220"},{"taxonomy":"product_tag","embeddable":true,"href":"https:\/\/roveyayinevi.com.tr\/index.php\/wp-json\/wp\/v2\/product_tag?post=757220"}],"curies":[{"name":"wp","href":"https:\/\/api.w.org\/{rel}","templated":true}]}}