{"id":757219,"date":"2025-08-28T07:30:03","date_gmt":"2025-08-28T04:30:03","guid":{"rendered":"https:\/\/roveyayinevi.com.tr\/index.php\/urun\/evrenin-kara-kutusu\/"},"modified":"2026-04-03T03:12:18","modified_gmt":"2026-04-03T00:12:18","slug":"evrenin-kara-kutusu","status":"publish","type":"product","link":"https:\/\/roveyayinevi.com.tr\/index.php\/urun\/evrenin-kara-kutusu\/","title":{"rendered":"Evrenin Kara Kutusu"},"content":{"rendered":"<p>Bir gece bu d\u00fcnyadan ba\u015fka bir d\u00fcnyaya ge\u00e7i\u015f yapt\u0131r\u0131ld\u0131m. Bir\u00e7ok boyutu tecr\u00fcbe ettim. Kara deliklerden paralel evrenlere ge\u00e7irildim. Ya\u015fad\u0131klar\u0131m bende kals\u0131n, fakat varl\u0131klar\u0131n e\u011fitiminden ge\u00e7ti\u011fim iki y\u0131l\u0131n sonunda, farkl\u0131 boyutlardaki bilgileri bu boyuta ta\u015f\u0131yarak \u00f6\u011frendi\u011fim bilgi ve y\u00f6ntemleri anlatmay\u0131 ya\u015fam amac\u0131 edindim. Bu zorlu s\u00fcrecin sonunda hayat\u0131n bu d\u00fcnyadan ibaret olmad\u0131\u011f\u0131n\u0131 \u00f6\u011frendim. \u00c7ocuklu\u011fumdan beri ya\u015fad\u0131\u011f\u0131m \u201cparanormal\u201d olaylar, astral r\u00fcyalar, durug\u00f6r\u00fc, metafizik \u00e2leme yak\u0131n hissetmek gibi farkl\u0131l\u0131klar\u0131m hep vard\u0131\u2026 B\u00fct\u00fcn bunlar\u0131n rastlant\u0131 olmad\u0131\u011f\u0131n\u0131 anlad\u0131m. Do\u011frusunu s\u00f6ylemek gerekirse ya\u015fad\u0131klar\u0131m\u0131n, tecr\u00fcbe ettirildiklerimin, \u015fahit olduklar\u0131m\u0131n farkl\u0131 oldu\u011funu da ge\u00e7 anlad\u0131m. Ya\u015fad\u0131klar\u0131mdan son derece emindim, ama t\u00fcm bunlar nas\u0131l ve neden ger\u00e7ekle\u015fiyordu? Bu sorular\u0131n cevab\u0131n\u0131 bulmak i\u00e7in aray\u0131\u015fa girdim ve ara\u015ft\u0131rmalara ba\u015flad\u0131m. Bu s\u00fcre\u00e7ten anlad\u0131\u011f\u0131m ise en \u00f6nemli etkenin \u201cinan\u00e7\u201d oldu\u011fu!.. \u0130nanc\u0131m\u0131n verdi\u011fi g\u00fc\u00e7 ile yazd\u0131\u011f\u0131m bu kitab\u0131n yolcu ruhlara destek olmas\u0131n\u0131 ama\u00e7l\u0131yorum. Umar\u0131m okuyan herkese huzur, mutluluk, bereket ve sab\u0131r getirir. <\/p>\n","protected":false},"excerpt":{"rendered":"<p>Bir gece bu d\u00fcnyadan ba\u015fka bir d\u00fcnyaya ge\u00e7i\u015f yapt\u0131r\u0131ld\u0131m. Bir\u00e7ok boyutu tecr\u00fcbe ettim. Kara deliklerden paralel evrenlere ge\u00e7irildim. Ya\u015fad\u0131klar\u0131m bende kals\u0131n, fakat varl\u0131klar\u0131n e\u011fitiminden ge\u00e7ti\u011fim iki<span class=\"excerpt-hellip\"> [\u2026]<\/span><\/p>\n","protected":false},"featured_media":0,"template":"","meta":{"_monsterinsights_skip_tracking":false,"_monsterinsights_sitenote_active":false,"_monsterinsights_sitenote_note":"","_monsterinsights_sitenote_category":0},"product_brand":[],"product_cat":[12364,12376],"product_tag":[],"class_list":{"0":"post-757219","1":"product","2":"type-product","3":"status-publish","5":"product_cat-genel-konular","6":"product_cat-kisisel-gelisim","7":"pa_cilt-ciltsiz","8":"pa_tur-kitap","9":"pa_yayinevi-inkilap-kitabevi","10":"pa_yazar-dilek-karakus","12":"first","13":"instock","14":"sale","15":"shipping-taxable","16":"purchasable","17":"product-type-simple"},"_links":{"self":[{"href":"https:\/\/roveyayinevi.com.tr\/index.php\/wp-json\/wp\/v2\/product\/757219","targetHints":{"allow":["GET"]}}],"collection":[{"href":"https:\/\/roveyayinevi.com.tr\/index.php\/wp-json\/wp\/v2\/product"}],"about":[{"href":"https:\/\/roveyayinevi.com.tr\/index.php\/wp-json\/wp\/v2\/types\/product"}],"wp:attachment":[{"href":"https:\/\/roveyayinevi.com.tr\/index.php\/wp-json\/wp\/v2\/media?parent=757219"}],"wp:term":[{"taxonomy":"product_brand","embeddable":true,"href":"https:\/\/roveyayinevi.com.tr\/index.php\/wp-json\/wp\/v2\/product_brand?post=757219"},{"taxonomy":"product_cat","embeddable":true,"href":"https:\/\/roveyayinevi.com.tr\/index.php\/wp-json\/wp\/v2\/product_cat?post=757219"},{"taxonomy":"product_tag","embeddable":true,"href":"https:\/\/roveyayinevi.com.tr\/index.php\/wp-json\/wp\/v2\/product_tag?post=757219"}],"curies":[{"name":"wp","href":"https:\/\/api.w.org\/{rel}","templated":true}]}}