{"id":757218,"date":"2025-08-28T07:30:02","date_gmt":"2025-08-28T04:30:02","guid":{"rendered":"https:\/\/roveyayinevi.com.tr\/index.php\/urun\/fen-bilimleriyle-ilgili-bilmeniz-gereken-her-sey-sisko-defterde-fleksi-kapak\/"},"modified":"2026-04-16T03:10:07","modified_gmt":"2026-04-16T00:10:07","slug":"fen-bilimleriyle-ilgili-bilmeniz-gereken-her-sey-sisko-defterde-fleksi-kapak","status":"publish","type":"product","link":"https:\/\/roveyayinevi.com.tr\/index.php\/urun\/fen-bilimleriyle-ilgili-bilmeniz-gereken-her-sey-sisko-defterde-fleksi-kapak\/","title":{"rendered":"Fen Bilimleriyle \u0130lgili Bilmeniz Gereken Her \u015eey \u015ei\u015fko Defter\u2019de (Fleksi Kapak)"},"content":{"rendered":"<p>Hem \u00d6\u011frenciler Hem \u00d6\u011fretmenler Hem De Ebeveynler \u0130\u00e7in! Fen Bilimleriyle ilgili \u00f6\u011frendi\u011finiz her \u015fey bu \u015ei\u015fko Defter sayesinde peki\u015fecek! Ayr\u0131ca anahtar kelimeler, haf\u0131za oyunlar\u0131, tan\u0131mlar, \u015femalar ve \u00e7izimler sizlere bu yolda e\u015flik edecek. \u0130\u00e7indekiler: D\u00fcnya ve G\u00fcne\u015f Sistemi, Bilimsel Ara\u015ft\u0131rma, Kuvvet ve Newton\u2019un Hareket Yasalar\u0131, Elementler, Enerji, M\u00fchendislik Tasar\u0131m S\u00fcreci, V\u00fccut Sistemleri, Evrim ve Fosiller, Ekosistemler ve \u00e7ok daha fazlas\u0131\u2026<\/p>\n","protected":false},"excerpt":{"rendered":"<p>Hem \u00d6\u011frenciler Hem \u00d6\u011fretmenler Hem De Ebeveynler \u0130\u00e7in! Fen Bilimleriyle ilgili \u00f6\u011frendi\u011finiz her \u015fey bu \u015ei\u015fko Defter sayesinde peki\u015fecek! Ayr\u0131ca anahtar kelimeler, haf\u0131za oyunlar\u0131, tan\u0131mlar, \u015femalar<span class=\"excerpt-hellip\"> [\u2026]<\/span><\/p>\n","protected":false},"featured_media":0,"template":"","meta":{"_monsterinsights_skip_tracking":false,"_monsterinsights_sitenote_active":false,"_monsterinsights_sitenote_note":"","_monsterinsights_sitenote_category":0},"product_brand":[],"product_cat":[13005,13006],"product_tag":[],"class_list":{"0":"post-757218","1":"product","2":"type-product","3":"status-publish","5":"product_cat-bilim-muhendislik","6":"product_cat-populer-bilim","7":"pa_cilt-ciltsiz","8":"pa_tur-kitap","9":"pa_yayinevi-epsilon-yayinlari","10":"pa_yazar-workman-publishing","12":"first","13":"instock","14":"sale","15":"shipping-taxable","16":"purchasable","17":"product-type-simple"},"_links":{"self":[{"href":"https:\/\/roveyayinevi.com.tr\/index.php\/wp-json\/wp\/v2\/product\/757218","targetHints":{"allow":["GET"]}}],"collection":[{"href":"https:\/\/roveyayinevi.com.tr\/index.php\/wp-json\/wp\/v2\/product"}],"about":[{"href":"https:\/\/roveyayinevi.com.tr\/index.php\/wp-json\/wp\/v2\/types\/product"}],"wp:attachment":[{"href":"https:\/\/roveyayinevi.com.tr\/index.php\/wp-json\/wp\/v2\/media?parent=757218"}],"wp:term":[{"taxonomy":"product_brand","embeddable":true,"href":"https:\/\/roveyayinevi.com.tr\/index.php\/wp-json\/wp\/v2\/product_brand?post=757218"},{"taxonomy":"product_cat","embeddable":true,"href":"https:\/\/roveyayinevi.com.tr\/index.php\/wp-json\/wp\/v2\/product_cat?post=757218"},{"taxonomy":"product_tag","embeddable":true,"href":"https:\/\/roveyayinevi.com.tr\/index.php\/wp-json\/wp\/v2\/product_tag?post=757218"}],"curies":[{"name":"wp","href":"https:\/\/api.w.org\/{rel}","templated":true}]}}