{"id":757217,"date":"2025-08-28T07:30:00","date_gmt":"2025-08-28T04:30:00","guid":{"rendered":"https:\/\/roveyayinevi.com.tr\/index.php\/urun\/dahiler-sinifi-maradona-altin-cocuk\/"},"modified":"2026-04-16T03:10:07","modified_gmt":"2026-04-16T00:10:07","slug":"dahiler-sinifi-maradona-altin-cocuk","status":"publish","type":"product","link":"https:\/\/roveyayinevi.com.tr\/index.php\/urun\/dahiler-sinifi-maradona-altin-cocuk\/","title":{"rendered":"Dahiler S\u0131n\u0131f\u0131 &#8211; Maradona Alt\u0131n \u00c7ocuk"},"content":{"rendered":"<p>Buenos Aires&#8217;in yoksul mahallelerindeki tozlu sokaklar top pe\u015finde ko\u015fturan yetenekli \u00e7ocuklarla dolu. Ama i\u00e7lerinden biri var ki, d\u00fcnya futbol tarihine damga vuracak. Gelmi\u015f ge\u00e7mi\u015f en iyi futbolcu soruldu\u011funda, \u00e7o\u011fu insan onun ad\u0131n\u0131 anacak: Diego Armando Maradona.B\u00fcy\u00fck ilgi g\u00f6ren D\u00e2hiler S\u0131n\u0131f\u0131 serisi Maradona &#8211; Alt\u0131n \u00c7ocuk ile devam ediyor. D\u00e2hiler S\u0131n\u0131f\u0131 Serisi Hakk\u0131nda:Bunlar, her biri kendi y\u00f6ntemiyle; kelimeleriyle, icatlar\u0131yla, se\u00e7imleriyle ve hatta kaderleriyle d\u00fcnyay\u0131 de\u011fi\u015ftirmi\u015f kad\u0131nlar\u0131n ve erkeklerin hayat hik\u00e2yeleri; \u015fa\u015fk\u0131nl\u0131k ve hayranl\u0131k duyman\u0131z\u0131 sa\u011flayacak, hayal g\u00fcc\u00fc ve merak duygunuzu harekete ge\u00e7irecek b\u00fcy\u00fcleyici hik\u00e2yeler. D\u00e2hiler S\u0131n\u0131f\u0131 serisi bu \u00f6zel insanlar\u0131 \u00e7ocuklarla (9 ya\u015f ve \u00fcst\u00fc) tan\u0131\u015ft\u0131rmak \u00fczere tasarland\u0131. \u0130lk olarak yay\u0131mland\u0131\u011f\u0131 \u0130talya\u2019da b\u00fcy\u00fck \u00f6vg\u00fc toplayan ve ard\u0131ndan pek \u00e7ok dile \u00e7evrilen D\u00e2hiler S\u0131n\u0131f\u0131, minik ebad\u0131, renkli ill\u00fcstrasyonlar\u0131, bilgiyi heyecan ve macerayla birle\u015ftiren anlat\u0131m\u0131yla \u00e7ocuklar\u0131n kolay okuyaca\u011f\u0131, zor unutaca\u011f\u0131, onlara \u00f6\u011frendiklerinden daha da fazlas\u0131n\u0131 merak ettirecek bir seri. <\/p>\n","protected":false},"excerpt":{"rendered":"<p>Buenos Aires&#8217;in yoksul mahallelerindeki tozlu sokaklar top pe\u015finde ko\u015fturan yetenekli \u00e7ocuklarla dolu. Ama i\u00e7lerinden biri var ki, d\u00fcnya futbol tarihine damga vuracak. Gelmi\u015f ge\u00e7mi\u015f en iyi<span class=\"excerpt-hellip\"> [\u2026]<\/span><\/p>\n","protected":false},"featured_media":0,"template":"","meta":{"_monsterinsights_skip_tracking":false,"_monsterinsights_sitenote_active":false,"_monsterinsights_sitenote_note":"","_monsterinsights_sitenote_category":0},"product_brand":[],"product_cat":[12274,15842],"product_tag":[],"class_list":{"0":"post-757217","1":"product","2":"type-product","3":"status-publish","5":"product_cat-cocuk-ve-genclik-kitaplari","6":"product_cat-egitici-kitaplar","7":"pa_cilt-ciltsiz","8":"pa_tur-kitap","9":"pa_yayinevi-domingo-yayinevi","10":"pa_yazar-paola-luciani-igor-de-amicis","12":"first","13":"instock","14":"sale","15":"shipping-taxable","16":"purchasable","17":"product-type-simple"},"_links":{"self":[{"href":"https:\/\/roveyayinevi.com.tr\/index.php\/wp-json\/wp\/v2\/product\/757217","targetHints":{"allow":["GET"]}}],"collection":[{"href":"https:\/\/roveyayinevi.com.tr\/index.php\/wp-json\/wp\/v2\/product"}],"about":[{"href":"https:\/\/roveyayinevi.com.tr\/index.php\/wp-json\/wp\/v2\/types\/product"}],"wp:attachment":[{"href":"https:\/\/roveyayinevi.com.tr\/index.php\/wp-json\/wp\/v2\/media?parent=757217"}],"wp:term":[{"taxonomy":"product_brand","embeddable":true,"href":"https:\/\/roveyayinevi.com.tr\/index.php\/wp-json\/wp\/v2\/product_brand?post=757217"},{"taxonomy":"product_cat","embeddable":true,"href":"https:\/\/roveyayinevi.com.tr\/index.php\/wp-json\/wp\/v2\/product_cat?post=757217"},{"taxonomy":"product_tag","embeddable":true,"href":"https:\/\/roveyayinevi.com.tr\/index.php\/wp-json\/wp\/v2\/product_tag?post=757217"}],"curies":[{"name":"wp","href":"https:\/\/api.w.org\/{rel}","templated":true}]}}