{"id":757215,"date":"2025-08-28T07:29:57","date_gmt":"2025-08-28T04:29:57","guid":{"rendered":"https:\/\/roveyayinevi.com.tr\/index.php\/urun\/guz-yanigi-bag-bozumu-sarkilari\/"},"modified":"2026-04-16T03:10:07","modified_gmt":"2026-04-16T00:10:07","slug":"guz-yanigi-bag-bozumu-sarkilari","status":"publish","type":"product","link":"https:\/\/roveyayinevi.com.tr\/index.php\/urun\/guz-yanigi-bag-bozumu-sarkilari\/","title":{"rendered":"G\u00fcz Yan\u0131\u011f\u0131 Ba\u011f Bozumu \u015eark\u0131lar\u0131"},"content":{"rendered":"<p>Sevemedim ben bu yalan d\u00fcnyay\u0131 Gurbet ele \u00e7ekip durdu beni de Zalim d\u00fcnya hi\u00e7 g\u00fclmedim sayende Senin de murad\u0131n kals\u0131n g\u00f6z\u00fcnde Kadir mevl\u00e2m g\u00fcld\u00fcrmesin seni de   Hasret \u00e7ektim boyun b\u00fckt\u00fcm y\u0131llarca Bu hayat\u0131 ya\u015famad\u0131m g\u00f6nl\u00fcmce Y\u00e2rim bile zor g\u00fcn\u00fcmde gidince Dostlar\u0131m da bu halime g\u00fcl\u00fcnce Kaderime isyan ettim bug\u00fcn de   Yalan d\u00fcnya benim s\u00f6z\u00fcm sanad\u0131r Ne hikmetse her \u015fey senden yanad\u0131r Yery\u00fcz\u00fcnde sanki insan kalmad\u0131 Kahpe d\u00fcnya b\u00fct\u00fcn kast\u0131n banad\u0131r Bu etti\u011fin kal\u0131r sanma yan\u0131na Ne diye ki her zul\u00fcm\u00fcn banad\u0131r <\/p>\n","protected":false},"excerpt":{"rendered":"<p>Sevemedim ben bu yalan d\u00fcnyay\u0131 Gurbet ele \u00e7ekip durdu beni de Zalim d\u00fcnya hi\u00e7 g\u00fclmedim sayende Senin de murad\u0131n kals\u0131n g\u00f6z\u00fcnde Kadir mevl\u00e2m g\u00fcld\u00fcrmesin seni de<span class=\"excerpt-hellip\"> [\u2026]<\/span><\/p>\n","protected":false},"featured_media":0,"template":"","meta":{"_monsterinsights_skip_tracking":false,"_monsterinsights_sitenote_active":false,"_monsterinsights_sitenote_note":"","_monsterinsights_sitenote_category":0},"product_brand":[],"product_cat":[12291,12509],"product_tag":[],"class_list":{"0":"post-757215","1":"product","2":"type-product","3":"status-publish","5":"product_cat-edebiyat","6":"product_cat-siir","7":"pa_cilt-ciltsiz","8":"pa_tur-kitap","9":"pa_yayinevi-gulnar-yayinlari","10":"pa_yazar-bekir-cetinsu","12":"first","13":"instock","14":"sale","15":"shipping-taxable","16":"purchasable","17":"product-type-simple"},"_links":{"self":[{"href":"https:\/\/roveyayinevi.com.tr\/index.php\/wp-json\/wp\/v2\/product\/757215","targetHints":{"allow":["GET"]}}],"collection":[{"href":"https:\/\/roveyayinevi.com.tr\/index.php\/wp-json\/wp\/v2\/product"}],"about":[{"href":"https:\/\/roveyayinevi.com.tr\/index.php\/wp-json\/wp\/v2\/types\/product"}],"wp:attachment":[{"href":"https:\/\/roveyayinevi.com.tr\/index.php\/wp-json\/wp\/v2\/media?parent=757215"}],"wp:term":[{"taxonomy":"product_brand","embeddable":true,"href":"https:\/\/roveyayinevi.com.tr\/index.php\/wp-json\/wp\/v2\/product_brand?post=757215"},{"taxonomy":"product_cat","embeddable":true,"href":"https:\/\/roveyayinevi.com.tr\/index.php\/wp-json\/wp\/v2\/product_cat?post=757215"},{"taxonomy":"product_tag","embeddable":true,"href":"https:\/\/roveyayinevi.com.tr\/index.php\/wp-json\/wp\/v2\/product_tag?post=757215"}],"curies":[{"name":"wp","href":"https:\/\/api.w.org\/{rel}","templated":true}]}}