{"id":757210,"date":"2025-08-28T07:29:48","date_gmt":"2025-08-28T04:29:48","guid":{"rendered":"https:\/\/roveyayinevi.com.tr\/index.php\/urun\/black-beauty-childrens-classic\/"},"modified":"2026-04-03T03:12:18","modified_gmt":"2026-04-03T00:12:18","slug":"black-beauty-childrens-classic","status":"publish","type":"product","link":"https:\/\/roveyayinevi.com.tr\/index.php\/urun\/black-beauty-childrens-classic\/","title":{"rendered":"Black Beauty &#8211; Children\u2019s Classic"},"content":{"rendered":"<p>Bu kitapta, d\u00fcnyaca \u00fcnl\u00fc eser Black Beauty\u2019nin k\u0131salt\u0131lm\u0131\u015f ve sadele\u015ftirilmi\u015f uyarlamas\u0131yla, \u00f6zg\u00fcn dilinde bulu\u015facak, \u0130ngilizce okuma ve anlama becerilerini geli\u015ftireceksin. Hik\u00e2yeye e\u015flik eden soru ve al\u0131\u015ft\u0131rmalar da \u00f6\u011frenme deneyimini renklendirecek. <\/p>\n","protected":false},"excerpt":{"rendered":"<p>Bu kitapta, d\u00fcnyaca \u00fcnl\u00fc eser Black Beauty\u2019nin k\u0131salt\u0131lm\u0131\u015f ve sadele\u015ftirilmi\u015f uyarlamas\u0131yla, \u00f6zg\u00fcn dilinde bulu\u015facak, \u0130ngilizce okuma ve anlama becerilerini geli\u015ftireceksin. Hik\u00e2yeye e\u015flik eden soru ve al\u0131\u015ft\u0131rmalar<span class=\"excerpt-hellip\"> [\u2026]<\/span><\/p>\n","protected":false},"featured_media":0,"template":"","meta":{"_monsterinsights_skip_tracking":false,"_monsterinsights_sitenote_active":false,"_monsterinsights_sitenote_note":"","_monsterinsights_sitenote_category":0},"product_brand":[],"product_cat":[12274,12284],"product_tag":[],"class_list":{"0":"post-757210","1":"product","2":"type-product","3":"status-publish","5":"product_cat-cocuk-ve-genclik-kitaplari","6":"product_cat-hikayeler","7":"pa_cilt-ciltsiz","8":"pa_tur-kitap","9":"pa_yayinevi-is-bankasi-kultur-yayinlari","10":"pa_yazar-anna-sewell","12":"first","13":"instock","14":"sale","15":"shipping-taxable","16":"purchasable","17":"product-type-simple"},"_links":{"self":[{"href":"https:\/\/roveyayinevi.com.tr\/index.php\/wp-json\/wp\/v2\/product\/757210","targetHints":{"allow":["GET"]}}],"collection":[{"href":"https:\/\/roveyayinevi.com.tr\/index.php\/wp-json\/wp\/v2\/product"}],"about":[{"href":"https:\/\/roveyayinevi.com.tr\/index.php\/wp-json\/wp\/v2\/types\/product"}],"wp:attachment":[{"href":"https:\/\/roveyayinevi.com.tr\/index.php\/wp-json\/wp\/v2\/media?parent=757210"}],"wp:term":[{"taxonomy":"product_brand","embeddable":true,"href":"https:\/\/roveyayinevi.com.tr\/index.php\/wp-json\/wp\/v2\/product_brand?post=757210"},{"taxonomy":"product_cat","embeddable":true,"href":"https:\/\/roveyayinevi.com.tr\/index.php\/wp-json\/wp\/v2\/product_cat?post=757210"},{"taxonomy":"product_tag","embeddable":true,"href":"https:\/\/roveyayinevi.com.tr\/index.php\/wp-json\/wp\/v2\/product_tag?post=757210"}],"curies":[{"name":"wp","href":"https:\/\/api.w.org\/{rel}","templated":true}]}}