{"id":757201,"date":"2025-08-28T07:29:33","date_gmt":"2025-08-28T04:29:33","guid":{"rendered":"https:\/\/roveyayinevi.com.tr\/index.php\/urun\/elektra-2\/"},"modified":"2026-04-16T03:10:06","modified_gmt":"2026-04-16T00:10:06","slug":"elektra-2","status":"publish","type":"product","link":"https:\/\/roveyayinevi.com.tr\/index.php\/urun\/elektra-2\/","title":{"rendered":"Elektra"},"content":{"rendered":"<p>\u201cBen bir kralla evlendim g\u00fcya ama ba\u015f\u0131ma gelenlere bak\u0131n.Kan\u0131n\u0131n asaleti ta\u015f\u0131d\u0131\u011f\u0131 laneti temizlemeye yetmedi. Hazineleri ona \u015feref ve \u015fefkat kazand\u0131rmad\u0131.\u201d Tanr\u0131lar taraf\u0131ndan lanetlenmi\u015f Atreus Hanedan\u0131, kaderleri g\u00f6r\u00fcnmez ba\u011flarla birbirine ba\u011fl\u0131 olan \u00fc\u00e7 kad\u0131n: Klytaimestra, Kassandra, Elektra. Klytaimestra, Agamemnon\u2019la evlenirken Atreus Hanedan\u0131 hakk\u0131ndaki sinsi f\u0131s\u0131lt\u0131lar\u0131 duymazdan gelir. Ancak Truva Sava\u015f\u0131\u2019n\u0131n arifesinde Agamemnon, Klytaimestra&#8217;ya ak\u0131lalmaz bir \u015fekilde ihanet eder. Kassandra ise kehanet g\u00fcc\u00fcyle lanetlenmi\u015ftir. Truva\u2019n\u0131n ba\u015f\u0131na gelecekleri bilmesine ra\u011fmen kimseyi g\u00f6rd\u00fcklerine inand\u0131rabilecek g\u00fcc\u00fc yoktur. Klytaimestra ve Agamemnon\u2019un en k\u00fc\u00e7\u00fck k\u0131z\u0131 Elektra\u2019n\u0131n tek iste\u011fi ise sevgili babas\u0131n\u0131n sava\u015ftan bir an \u00f6nce d\u00f6nmesidir. Peki ya ailesinin kanl\u0131 ge\u00e7mi\u015finden ka\u00e7abilecek midir yoksa onun kaderi de \u015fiddete mi ba\u011fl\u0131d\u0131r? Uluslararas\u0131 \u00e7oksatan Ariadne\u2019nin yazar\u0131 Jennifer Saint, Yunan mitolojisinin kad\u0131n kahramanlar\u0131ndan Elektra&#8217;n\u0131n hik\u00e2yesini b\u00fcy\u00fcleyici bir dille yeniden anlat\u0131yor!<\/p>\n","protected":false},"excerpt":{"rendered":"<p>\u201cBen bir kralla evlendim g\u00fcya ama ba\u015f\u0131ma gelenlere bak\u0131n.Kan\u0131n\u0131n asaleti ta\u015f\u0131d\u0131\u011f\u0131 laneti temizlemeye yetmedi. Hazineleri ona \u015feref ve \u015fefkat kazand\u0131rmad\u0131.\u201d Tanr\u0131lar taraf\u0131ndan lanetlenmi\u015f Atreus Hanedan\u0131, kaderleri<span class=\"excerpt-hellip\"> [\u2026]<\/span><\/p>\n","protected":false},"featured_media":0,"template":"","meta":{"_monsterinsights_skip_tracking":false,"_monsterinsights_sitenote_active":false,"_monsterinsights_sitenote_note":"","_monsterinsights_sitenote_category":0},"product_brand":[],"product_cat":[12291,14777],"product_tag":[],"class_list":{"0":"post-757201","1":"product","2":"type-product","3":"status-publish","5":"product_cat-edebiyat","6":"product_cat-fantastik","7":"pa_cilt-ciltsiz","8":"pa_tur-kitap","9":"pa_yayinevi-epsilon-yayinlari","10":"pa_yazar-jennifer-saint","12":"first","13":"instock","14":"sale","15":"shipping-taxable","16":"purchasable","17":"product-type-simple"},"_links":{"self":[{"href":"https:\/\/roveyayinevi.com.tr\/index.php\/wp-json\/wp\/v2\/product\/757201","targetHints":{"allow":["GET"]}}],"collection":[{"href":"https:\/\/roveyayinevi.com.tr\/index.php\/wp-json\/wp\/v2\/product"}],"about":[{"href":"https:\/\/roveyayinevi.com.tr\/index.php\/wp-json\/wp\/v2\/types\/product"}],"wp:attachment":[{"href":"https:\/\/roveyayinevi.com.tr\/index.php\/wp-json\/wp\/v2\/media?parent=757201"}],"wp:term":[{"taxonomy":"product_brand","embeddable":true,"href":"https:\/\/roveyayinevi.com.tr\/index.php\/wp-json\/wp\/v2\/product_brand?post=757201"},{"taxonomy":"product_cat","embeddable":true,"href":"https:\/\/roveyayinevi.com.tr\/index.php\/wp-json\/wp\/v2\/product_cat?post=757201"},{"taxonomy":"product_tag","embeddable":true,"href":"https:\/\/roveyayinevi.com.tr\/index.php\/wp-json\/wp\/v2\/product_tag?post=757201"}],"curies":[{"name":"wp","href":"https:\/\/api.w.org\/{rel}","templated":true}]}}