{"id":757200,"date":"2025-08-28T07:29:31","date_gmt":"2025-08-28T04:29:31","guid":{"rendered":"https:\/\/roveyayinevi.com.tr\/index.php\/urun\/golgenin-opucugu\/"},"modified":"2026-04-16T03:10:06","modified_gmt":"2026-04-16T00:10:06","slug":"golgenin-opucugu","status":"publish","type":"product","link":"https:\/\/roveyayinevi.com.tr\/index.php\/urun\/golgenin-opucugu\/","title":{"rendered":"G\u00f6lgenin \u00d6p\u00fcc\u00fc\u011f\u00fc"},"content":{"rendered":"<p>Baz\u0131 kaderler, g\u00f6lgelere aittir.   Erkek arkada\u015f\u0131n\u0131n \u00f6l\u00fcm\u00fc loncan\u0131n korumas\u0131 alt\u0131ndaki Olivia\u2019n\u0131n hayat\u0131n\u0131 tepetaklak eder. Ard\u0131ndan ya\u015fanan bir\u00e7ok olaysa bunun sadece ba\u015flang\u0131\u00e7 oldu\u011funu kan\u0131tlar niteliktedir. Kendisinden gizlenen ger\u00e7ekler su y\u00fcz\u00fcne \u00e7\u0131karken Olivia, bunlar\u0131n bedelini can\u0131yla \u00f6demek zorunda kalabilece\u011fini fark eder. Kendi ac\u0131lar\u0131yla bo\u011fu\u015fan bir vampir taraf\u0131ndan ka\u00e7\u0131r\u0131larak fanilerin k\u00f6le ve yemek olarak kullan\u0131ld\u0131\u011f\u0131 kan dondurucu K\u00e2buslar \u015eehri\u2019ne g\u00f6t\u00fcr\u00fcld\u00fc\u011f\u00fcnde Olivia\u2019n\u0131n hayatta kalmak i\u00e7in tehlikeli bir oyun oynamas\u0131 gerekir. Ba\u015fkalar\u0131n\u0131n korumas\u0131 alt\u0131nda ge\u00e7irdi\u011fi bir \u00f6m\u00fcrden sonra dizginleri ele al\u0131p kanl\u0131 kaderinin pen\u00e7elerinden ka\u00e7may\u0131 ba\u015farabilecek midir? Yoksa att\u0131\u011f\u0131 her ad\u0131m onu g\u00f6lgelerin daha da derinine mi g\u00f6t\u00fcrecektir?   \u201cGarcia\u2019n\u0131n se\u00e7ilmi\u015f ki\u015fi temas\u0131na getirdi\u011fi bu ate\u015fli ve taze kan sizi daha ilk sayfadan ele ge\u00e7irecek. Vampirler ve her saniyesine de\u011fecek, yava\u015f yava\u015f b\u00fcy\u00fcyen bir tutku mu ar\u0131yorsunuz? \u0130stedi\u011finiz her \u015feyi G\u00f6lgenin \u00d6p\u00fcc\u00fc\u011f\u00fc\u2019nde bulacaks\u0131n\u0131z. Be\u015f heyecan verici y\u0131ld\u0131z!\u201d  \u2014Sarah M. Cradit \u201cRebecca L. Garcia, G\u00f6lgenin \u00d6p\u00fcc\u00fc\u011f\u00fc\u2019n\u00fc \u00e2deta vampir notalar\u0131yla karanl\u0131k ve b\u00fcy\u00fcl\u00fc bir senfoni olarak bestelemi\u015f.\u201d \u2014Casey L. Bond \u201cG\u00f6lgenin \u00d6p\u00fcc\u00fc\u011f\u00fc ger\u00e7ek\u00fcst\u00fc bir vampir d\u00fcnyas\u0131n\u0131n kap\u0131lar\u0131n\u0131 aral\u0131yor. Rebecca Garcia hayal g\u00fcc\u00fcn\u00fcz\u00fc ve kalbinizi tad\u0131na doyamayaca\u011f\u0131n\u0131z fantastik bir diyara g\u00f6t\u00fcrecek.\u201d \u2014Rebel Heart Book Blog \u201cS\u0131rlar, ihanet, seksi bir vampir ve ba\u015fa \u00e7\u0131kamayaca\u011f\u0131n\u0131z bir cinsel gerilim\u2026 G\u00f6lgenin \u00d6p\u00fcc\u00fc\u011f\u00fc\u2019n\u00fcn gotik d\u00fcnyas\u0131n\u0131 tek \u0131s\u0131r\u0131kta yutmak isteyeceksiniz.\u201d \u2014A Midsummers Nights Read <\/p>\n","protected":false},"excerpt":{"rendered":"<p>Baz\u0131 kaderler, g\u00f6lgelere aittir. Erkek arkada\u015f\u0131n\u0131n \u00f6l\u00fcm\u00fc loncan\u0131n korumas\u0131 alt\u0131ndaki Olivia\u2019n\u0131n hayat\u0131n\u0131 tepetaklak eder. Ard\u0131ndan ya\u015fanan bir\u00e7ok olaysa bunun sadece ba\u015flang\u0131\u00e7 oldu\u011funu kan\u0131tlar niteliktedir. Kendisinden gizlenen<span class=\"excerpt-hellip\"> [\u2026]<\/span><\/p>\n","protected":false},"featured_media":0,"template":"","meta":{"_monsterinsights_skip_tracking":false,"_monsterinsights_sitenote_active":false,"_monsterinsights_sitenote_note":"","_monsterinsights_sitenote_category":0},"product_brand":[],"product_cat":[12291,14777],"product_tag":[],"class_list":{"0":"post-757200","1":"product","2":"type-product","3":"status-publish","5":"product_cat-edebiyat","6":"product_cat-fantastik","7":"pa_cilt-ciltsiz","8":"pa_tur-kitap","9":"pa_yayinevi-indigo-kitap","10":"pa_yazar-rebecca-l-garcia","12":"first","13":"instock","14":"sale","15":"shipping-taxable","16":"purchasable","17":"product-type-simple"},"_links":{"self":[{"href":"https:\/\/roveyayinevi.com.tr\/index.php\/wp-json\/wp\/v2\/product\/757200","targetHints":{"allow":["GET"]}}],"collection":[{"href":"https:\/\/roveyayinevi.com.tr\/index.php\/wp-json\/wp\/v2\/product"}],"about":[{"href":"https:\/\/roveyayinevi.com.tr\/index.php\/wp-json\/wp\/v2\/types\/product"}],"wp:attachment":[{"href":"https:\/\/roveyayinevi.com.tr\/index.php\/wp-json\/wp\/v2\/media?parent=757200"}],"wp:term":[{"taxonomy":"product_brand","embeddable":true,"href":"https:\/\/roveyayinevi.com.tr\/index.php\/wp-json\/wp\/v2\/product_brand?post=757200"},{"taxonomy":"product_cat","embeddable":true,"href":"https:\/\/roveyayinevi.com.tr\/index.php\/wp-json\/wp\/v2\/product_cat?post=757200"},{"taxonomy":"product_tag","embeddable":true,"href":"https:\/\/roveyayinevi.com.tr\/index.php\/wp-json\/wp\/v2\/product_tag?post=757200"}],"curies":[{"name":"wp","href":"https:\/\/api.w.org\/{rel}","templated":true}]}}