{"id":757194,"date":"2025-08-28T07:29:22","date_gmt":"2025-08-28T04:29:22","guid":{"rendered":"https:\/\/roveyayinevi.com.tr\/index.php\/urun\/kemikler-sehri\/"},"modified":"2026-04-01T03:14:39","modified_gmt":"2026-04-01T00:14:39","slug":"kemikler-sehri","status":"publish","type":"product","link":"https:\/\/roveyayinevi.com.tr\/index.php\/urun\/kemikler-sehri\/","title":{"rendered":"Kemikler \u015eehri"},"content":{"rendered":"<p>Vampirler, kurtadamlar, periler, ger\u00e7ek a\u015fk ve akl\u0131n\u0131z\u0131 ba\u015f\u0131n\u0131zdan alacak kadar heyecan. \u201c\u00d6l\u00fcmc\u00fcl Oyuncaklar\u201d haf\u0131zan\u0131za kaz\u0131nacak!On be\u015f ya\u015f\u0131ndaki Clary Fray, New York&#8217;ta Pandemonium Kul\u00fcp\u2019e do\u011fru yola \u00e7\u0131kt\u0131\u011f\u0131nda bir cinayete tan\u0131kl\u0131k edece\u011fi hi\u00e7 akl\u0131na gelmezdi.Hele ki bu cinayetin daha \u00f6nce hi\u00e7 g\u00f6rmedi\u011fi acayip silahlara sahip tuhaf d\u00f6vmeli \u00fc\u00e7 gen\u00e7 taraf\u0131ndan i\u015flenece\u011fini hayatta d\u00fc\u015f\u00fcnemezdi! Clary, polisi arayabilece\u011fini biliyor fakat ceset bir anda ortadan yok olunca ve canileri Clary\u2019den ba\u015fka kimse g\u00f6remedi\u011fi i\u00e7in durumu a\u00e7\u0131klamak pek kolay olmayacak!Clary\u2019nin onlar\u0131 g\u00f6rebilmesine \u00e7ok \u015fa\u015f\u0131ran katiller kendilerini G\u00f6lge Avc\u0131lar\u0131 olarak tan\u0131t\u0131yor. Yani, d\u00fcnyay\u0131 iblislerden ar\u0131nd\u0131rmaya ant i\u00e7mi\u015f gizli bir kabile!   Kitaplar\u0131, sinema filmi ve ilham verdi\u011fi serilerle d\u00fcnyay\u0131 kas\u0131p kavuran efsane ba\u015fl\u0131yor! <\/p>\n","protected":false},"excerpt":{"rendered":"<p>Vampirler, kurtadamlar, periler, ger\u00e7ek a\u015fk ve akl\u0131n\u0131z\u0131 ba\u015f\u0131n\u0131zdan alacak kadar heyecan. \u201c\u00d6l\u00fcmc\u00fcl Oyuncaklar\u201d haf\u0131zan\u0131za kaz\u0131nacak!On be\u015f ya\u015f\u0131ndaki Clary Fray, New York&#8217;ta Pandemonium Kul\u00fcp\u2019e do\u011fru yola \u00e7\u0131kt\u0131\u011f\u0131nda<span class=\"excerpt-hellip\"> [\u2026]<\/span><\/p>\n","protected":false},"featured_media":0,"template":"","meta":{"_monsterinsights_skip_tracking":false,"_monsterinsights_sitenote_active":false,"_monsterinsights_sitenote_note":"","_monsterinsights_sitenote_category":0},"product_brand":[],"product_cat":[12291,12711],"product_tag":[],"class_list":{"0":"post-757194","1":"product","2":"type-product","3":"status-publish","5":"product_cat-edebiyat","6":"product_cat-roman-oyku","7":"pa_cilt-ciltsiz","8":"pa_tur-kitap","9":"pa_yayinevi-artemis-yayinlari","10":"pa_yazar-cassandra-clare","12":"first","13":"instock","14":"sale","15":"shipping-taxable","16":"purchasable","17":"product-type-simple"},"_links":{"self":[{"href":"https:\/\/roveyayinevi.com.tr\/index.php\/wp-json\/wp\/v2\/product\/757194","targetHints":{"allow":["GET"]}}],"collection":[{"href":"https:\/\/roveyayinevi.com.tr\/index.php\/wp-json\/wp\/v2\/product"}],"about":[{"href":"https:\/\/roveyayinevi.com.tr\/index.php\/wp-json\/wp\/v2\/types\/product"}],"wp:attachment":[{"href":"https:\/\/roveyayinevi.com.tr\/index.php\/wp-json\/wp\/v2\/media?parent=757194"}],"wp:term":[{"taxonomy":"product_brand","embeddable":true,"href":"https:\/\/roveyayinevi.com.tr\/index.php\/wp-json\/wp\/v2\/product_brand?post=757194"},{"taxonomy":"product_cat","embeddable":true,"href":"https:\/\/roveyayinevi.com.tr\/index.php\/wp-json\/wp\/v2\/product_cat?post=757194"},{"taxonomy":"product_tag","embeddable":true,"href":"https:\/\/roveyayinevi.com.tr\/index.php\/wp-json\/wp\/v2\/product_tag?post=757194"}],"curies":[{"name":"wp","href":"https:\/\/api.w.org\/{rel}","templated":true}]}}