{"id":757193,"date":"2025-08-28T07:29:20","date_gmt":"2025-08-28T04:29:20","guid":{"rendered":"https:\/\/roveyayinevi.com.tr\/index.php\/urun\/kayip-ruhlar-sehri\/"},"modified":"2025-08-28T07:29:20","modified_gmt":"2025-08-28T04:29:20","slug":"kayip-ruhlar-sehri","status":"publish","type":"product","link":"https:\/\/roveyayinevi.com.tr\/index.php\/urun\/kayip-ruhlar-sehri\/","title":{"rendered":"Kay\u0131p Ruhlar \u015eehri"},"content":{"rendered":"<p>G\u00f6lge Avc\u0131lar\u0131 korkun\u00e7 karanl\u0131\u011f\u0131n tehdidiyle kar\u015f\u0131 kar\u015f\u0131ya. \u00dcstelik art\u0131k birbirlerine bile g\u00fcvenemiyorlar!   New York Times \u00e7oksatan serisi \u201c\u00d6l\u00fcmc\u00fcl Oyuncaklar\u201d devam ediyor. Tabii Jace, Clary ve Simon\u2019\u0131n ba\u015f\u0131ndaki tehlikeler de\u2026 Jace\u2019le Clary yeniden kar\u015f\u0131la\u015ft\u0131\u011f\u0131nda, Clary korkun\u00e7 ger\u00e7ekle y\u00fczle\u015fiyor. \u0130blis Lilith\u2019in b\u00fcy\u00fcs\u00fc alt\u0131ndaki Jace, k\u00f6t\u00fcl\u00fc\u011f\u00fcn hizmetk\u00e2r\u0131 oldu. G\u00f6lge Avc\u0131lar\u0131 \u015fimdi ne yapacak?    Kaybedilen geri istenebilir mi? A\u015fk i\u00e7in \u00f6denecek bedel ne olabilir? Peki ya g\u00fcnah ve kurtulu\u015f i\u015fbirli\u011fi yapt\u0131\u011f\u0131nda, kime g\u00fcvenmek gerekir? <\/p>\n","protected":false},"excerpt":{"rendered":"<p>G\u00f6lge Avc\u0131lar\u0131 korkun\u00e7 karanl\u0131\u011f\u0131n tehdidiyle kar\u015f\u0131 kar\u015f\u0131ya. \u00dcstelik art\u0131k birbirlerine bile g\u00fcvenemiyorlar! New York Times \u00e7oksatan serisi \u201c\u00d6l\u00fcmc\u00fcl Oyuncaklar\u201d devam ediyor. Tabii Jace, Clary ve Simon\u2019\u0131n<span class=\"excerpt-hellip\"> [\u2026]<\/span><\/p>\n","protected":false},"featured_media":0,"template":"","meta":{"_monsterinsights_skip_tracking":false,"_monsterinsights_sitenote_active":false,"_monsterinsights_sitenote_note":"","_monsterinsights_sitenote_category":0},"product_brand":[],"product_cat":[12291,12711],"product_tag":[],"class_list":{"0":"post-757193","1":"product","2":"type-product","3":"status-publish","5":"product_cat-edebiyat","6":"product_cat-roman-oyku","7":"pa_cilt-ciltsiz","8":"pa_tur-kitap","9":"pa_yayinevi-artemis-yayinlari","10":"pa_yazar-cassandra-clare","12":"first","13":"instock","14":"sale","15":"shipping-taxable","16":"purchasable","17":"product-type-simple"},"_links":{"self":[{"href":"https:\/\/roveyayinevi.com.tr\/index.php\/wp-json\/wp\/v2\/product\/757193","targetHints":{"allow":["GET"]}}],"collection":[{"href":"https:\/\/roveyayinevi.com.tr\/index.php\/wp-json\/wp\/v2\/product"}],"about":[{"href":"https:\/\/roveyayinevi.com.tr\/index.php\/wp-json\/wp\/v2\/types\/product"}],"wp:attachment":[{"href":"https:\/\/roveyayinevi.com.tr\/index.php\/wp-json\/wp\/v2\/media?parent=757193"}],"wp:term":[{"taxonomy":"product_brand","embeddable":true,"href":"https:\/\/roveyayinevi.com.tr\/index.php\/wp-json\/wp\/v2\/product_brand?post=757193"},{"taxonomy":"product_cat","embeddable":true,"href":"https:\/\/roveyayinevi.com.tr\/index.php\/wp-json\/wp\/v2\/product_cat?post=757193"},{"taxonomy":"product_tag","embeddable":true,"href":"https:\/\/roveyayinevi.com.tr\/index.php\/wp-json\/wp\/v2\/product_tag?post=757193"}],"curies":[{"name":"wp","href":"https:\/\/api.w.org\/{rel}","templated":true}]}}