{"id":757192,"date":"2025-08-28T07:29:18","date_gmt":"2025-08-28T04:29:18","guid":{"rendered":"https:\/\/roveyayinevi.com.tr\/index.php\/urun\/ciflikte-kim-saklaniyor-axel-scheffler-kece-kapakcikli-kitap-ciltli\/"},"modified":"2026-04-16T03:10:06","modified_gmt":"2026-04-16T00:10:06","slug":"ciflikte-kim-saklaniyor-axel-scheffler-kece-kapakcikli-kitap-ciltli","status":"publish","type":"product","link":"https:\/\/roveyayinevi.com.tr\/index.php\/urun\/ciflikte-kim-saklaniyor-axel-scheffler-kece-kapakcikli-kitap-ciltli\/","title":{"rendered":"\u00c7iflikte Kim Saklan\u0131yor? Axel Scheffler (Ke\u00e7e Kapak\u00e7\u0131kl\u0131 kitap) (Ciltli)"},"content":{"rendered":"<p>K\u00fc\u00e7\u00fck Civciv\u2019in Anne Tavu\u011fu bulmas\u0131na yard\u0131m edebilir misin?   Kapak\u00e7\u0131klar\u0131 kald\u0131rarak nerede oldu\u011funu ke\u015ffederken seni. Bir dolu ne\u015feli s\u00fcrpriz bekliyor.   Bebekler i\u00e7in harika bir se\u00e7enektir. Etkile\u015fimli \u00f6\u011frenme deneyimi sa\u011flar, motor becerilerini geli\u015ftirir.<\/p>\n","protected":false},"excerpt":{"rendered":"<p>K\u00fc\u00e7\u00fck Civciv\u2019in Anne Tavu\u011fu bulmas\u0131na yard\u0131m edebilir misin? Kapak\u00e7\u0131klar\u0131 kald\u0131rarak nerede oldu\u011funu ke\u015ffederken seni. Bir dolu ne\u015feli s\u00fcrpriz bekliyor. Bebekler i\u00e7in harika bir se\u00e7enektir. Etkile\u015fimli \u00f6\u011frenme<span class=\"excerpt-hellip\"> [\u2026]<\/span><\/p>\n","protected":false},"featured_media":0,"template":"","meta":{"_monsterinsights_skip_tracking":false,"_monsterinsights_sitenote_active":false,"_monsterinsights_sitenote_note":"","_monsterinsights_sitenote_category":0},"product_brand":[],"product_cat":[12274],"product_tag":[],"class_list":{"0":"post-757192","1":"product","2":"type-product","3":"status-publish","5":"product_cat-cocuk-ve-genclik-kitaplari","6":"pa_cilt-ciltli","7":"pa_tur-kitap","8":"pa_yayinevi-beta-kids","9":"pa_yazar-julia-donaldson","11":"first","12":"instock","13":"sale","14":"shipping-taxable","15":"purchasable","16":"product-type-simple"},"_links":{"self":[{"href":"https:\/\/roveyayinevi.com.tr\/index.php\/wp-json\/wp\/v2\/product\/757192","targetHints":{"allow":["GET"]}}],"collection":[{"href":"https:\/\/roveyayinevi.com.tr\/index.php\/wp-json\/wp\/v2\/product"}],"about":[{"href":"https:\/\/roveyayinevi.com.tr\/index.php\/wp-json\/wp\/v2\/types\/product"}],"wp:attachment":[{"href":"https:\/\/roveyayinevi.com.tr\/index.php\/wp-json\/wp\/v2\/media?parent=757192"}],"wp:term":[{"taxonomy":"product_brand","embeddable":true,"href":"https:\/\/roveyayinevi.com.tr\/index.php\/wp-json\/wp\/v2\/product_brand?post=757192"},{"taxonomy":"product_cat","embeddable":true,"href":"https:\/\/roveyayinevi.com.tr\/index.php\/wp-json\/wp\/v2\/product_cat?post=757192"},{"taxonomy":"product_tag","embeddable":true,"href":"https:\/\/roveyayinevi.com.tr\/index.php\/wp-json\/wp\/v2\/product_tag?post=757192"}],"curies":[{"name":"wp","href":"https:\/\/api.w.org\/{rel}","templated":true}]}}