{"id":757187,"date":"2025-08-28T07:29:11","date_gmt":"2025-08-28T04:29:11","guid":{"rendered":"https:\/\/roveyayinevi.com.tr\/index.php\/urun\/enginar-ciltli\/"},"modified":"2026-04-16T03:10:06","modified_gmt":"2026-04-16T00:10:06","slug":"enginar-ciltli","status":"publish","type":"product","link":"https:\/\/roveyayinevi.com.tr\/index.php\/urun\/enginar-ciltli\/","title":{"rendered":"Enginar (Ciltli)"},"content":{"rendered":"<p>Benim mutfa\u011f\u0131ma bahar enginarla gelir\u2026 Sessizce konu\u015ftu\u011fum sebzelerin ba\u015f\u0131ndad\u0131r. Ay\u0131klarken onunla s\u0131rlar\u0131m\u0131 payla\u015f\u0131r\u0131m, o da kula\u011f\u0131ma binlerce y\u0131ll\u0131k yolculu\u011funu f\u0131s\u0131ldar. Zeus\u2019un \u00e7ok be\u011fendi\u011fi \u00f6l\u00fcml\u00fc Cynara\u2019y\u0131, \u00f6l\u00fcms\u00fcz bir tanr\u0131\u00e7aya d\u00f6n\u00fc\u015ft\u00fcrmesini anlat\u0131r mesela, ev hasreti \u00e7eken Cynara d\u00fcnyaya geri d\u00f6n\u00fcnce \u00e7ok \u00f6fkelenen Zeus onu bu kez de bir enginara \u00e7evirir. Sonra ya\u011fmur sular\u0131n\u0131 yava\u015f yava\u015f emerek nas\u0131l b\u00fcy\u00fcd\u00fc\u011f\u00fcn\u00fc de anlat\u0131r, topraktan y\u00fckselmek i\u00e7in ilkbahar\u0131 bekledi\u011fini de\u2026 Enginar her zaman sofram\u0131n ba\u015f tac\u0131 olmu\u015ftur. Bu y\u00fczden Roma\u2019ya gitti\u011fimde ilk i\u015fim, iki bin y\u0131ll\u0131k bir Yahudi tarifinin, nefis enginar k\u0131zartmas\u0131n\u0131n pe\u015fine d\u00fc\u015fmek olur. \u00c7\u00fcnk\u00fc enginar ilk kez Roma \u0130mparatorlu\u011fu d\u00f6neminde, bu topraklarda evcille\u015ftirilip sofralara konuk olmu\u015ftur. Onun izini s\u00fcrmeye devam etti\u011fimde Akdeniz\u2019in farkl\u0131 b\u00f6lgelerine yay\u0131ld\u0131\u011f\u0131n\u0131 g\u00f6r\u00fcr\u00fcm. Fransa, \u0130spanya, Yunan Adalar\u0131, \u0130zmir\u2026 Benim enginar a\u015fk\u0131m da \u0130zmirli bir \u00e7ocuk olarak ba\u015flad\u0131. \u00c7ocukken g\u00f6z hizama denk gelen pazar tezg\u00e2hlar\u0131ndaki enginarlar\u0131 ve kokular\u0131n\u0131 \u015fu an bile ayn\u0131 canl\u0131l\u0131kla hat\u0131rl\u0131yorum. O g\u00fcnlerde enginarla kurdu\u011fum ba\u011f da enginar\u0131 her g\u00f6rd\u00fc\u011f\u00fcmde farkl\u0131 bir tarif yapma tutkum da de\u011fi\u015fmedi. Size bir s\u0131r vereyim mi? Enginar yolculu\u011fum bu kitapla bitmedi, bitmeyecek.<\/p>\n","protected":false},"excerpt":{"rendered":"<p>Benim mutfa\u011f\u0131ma bahar enginarla gelir\u2026 Sessizce konu\u015ftu\u011fum sebzelerin ba\u015f\u0131ndad\u0131r. Ay\u0131klarken onunla s\u0131rlar\u0131m\u0131 payla\u015f\u0131r\u0131m, o da kula\u011f\u0131ma binlerce y\u0131ll\u0131k yolculu\u011funu f\u0131s\u0131ldar. Zeus\u2019un \u00e7ok be\u011fendi\u011fi \u00f6l\u00fcml\u00fc Cynara\u2019y\u0131, \u00f6l\u00fcms\u00fcz<span class=\"excerpt-hellip\"> [\u2026]<\/span><\/p>\n","protected":false},"featured_media":0,"template":"","meta":{"_monsterinsights_skip_tracking":false,"_monsterinsights_sitenote_active":false,"_monsterinsights_sitenote_note":"","_monsterinsights_sitenote_category":0},"product_brand":[],"product_cat":[12457],"product_tag":[],"class_list":{"0":"post-757187","1":"product","2":"type-product","3":"status-publish","5":"product_cat-yemek-kitaplari","6":"pa_cilt-ciltli","7":"pa_tur-kitap","8":"pa_yayinevi-altin-kitaplar","9":"pa_yazar-aydan-ustkanat","11":"first","12":"instock","13":"sale","14":"shipping-taxable","15":"purchasable","16":"product-type-simple"},"_links":{"self":[{"href":"https:\/\/roveyayinevi.com.tr\/index.php\/wp-json\/wp\/v2\/product\/757187","targetHints":{"allow":["GET"]}}],"collection":[{"href":"https:\/\/roveyayinevi.com.tr\/index.php\/wp-json\/wp\/v2\/product"}],"about":[{"href":"https:\/\/roveyayinevi.com.tr\/index.php\/wp-json\/wp\/v2\/types\/product"}],"wp:attachment":[{"href":"https:\/\/roveyayinevi.com.tr\/index.php\/wp-json\/wp\/v2\/media?parent=757187"}],"wp:term":[{"taxonomy":"product_brand","embeddable":true,"href":"https:\/\/roveyayinevi.com.tr\/index.php\/wp-json\/wp\/v2\/product_brand?post=757187"},{"taxonomy":"product_cat","embeddable":true,"href":"https:\/\/roveyayinevi.com.tr\/index.php\/wp-json\/wp\/v2\/product_cat?post=757187"},{"taxonomy":"product_tag","embeddable":true,"href":"https:\/\/roveyayinevi.com.tr\/index.php\/wp-json\/wp\/v2\/product_tag?post=757187"}],"curies":[{"name":"wp","href":"https:\/\/api.w.org\/{rel}","templated":true}]}}