{"id":757186,"date":"2025-08-28T07:29:09","date_gmt":"2025-08-28T04:29:09","guid":{"rendered":"https:\/\/roveyayinevi.com.tr\/index.php\/urun\/dalinin-dehasi\/"},"modified":"2026-04-16T03:10:06","modified_gmt":"2026-04-16T00:10:06","slug":"dalinin-dehasi","status":"publish","type":"product","link":"https:\/\/roveyayinevi.com.tr\/index.php\/urun\/dalinin-dehasi\/","title":{"rendered":"Dali&#8217;nin Dehas\u0131"},"content":{"rendered":"<p>Ger\u00e7ek\u00fcst\u00fcc\u00fcl\u00fc\u011f\u00fcn dehlizlerinde &#8221;Dalice&#8221; \u00f6yk\u00fcler&#8230;Asuman Portakal&#8217;\u0131n imzas\u0131n\u0131 ta\u015f\u0131yan Dali&#8217;nin Dehas\u0131, S\u00fcrrealizmin ebed\u00ee kral\u0131 Salvador Dali&#8217;nin s\u0131ra d\u0131\u015f\u0131 ya\u015fam\u0131ndan ve yirminci y\u00fczy\u0131l resim sanat\u0131na y\u00f6n veren yap\u0131tlar\u0131ndan izler ta\u015f\u0131yan \u00f6yk\u00fclere a\u00e7\u0131l\u0131yor. Dali&#8217;yi kurgusuna yerle\u015ftirip ona ait \u00f6zg\u00fcn s\u00f6zler e\u015fli\u011finde anlat\u0131m\u0131n\u0131 g\u00fc\u00e7lendiren kitap, 1500&#8217;den fazla eser veren sanat\u00e7\u0131n\u0131n esin kaynaklar\u0131 ve yarat\u0131m s\u00fcreci hakk\u0131nda ilgin\u00e7 bilgiler payla\u015f\u0131yor.     Lorca, Breton, Freud, Picasso gibi kendi alan\u0131nda \u00f6nc\u00fc isimleri \u00f6yk\u00fclerine konuk eden yazar, ge\u00e7ti\u011fimiz y\u00fczy\u0131l\u0131n toplumsal, bilimsel, k\u00fclt\u00fcrel ve siyasi atmosferinin renkli bir panoramas\u0131n\u0131 da \u00e7iziyor.   &#8221;\u0130nsanlar\u0131n ilgisini \u00e7ekmek isteyen, onlar\u0131 k\u0131\u015fk\u0131rtmal\u0131d\u0131r,&#8221; diyen Salvador Dali, bilin\u00e7alt\u0131n\u0131 g\u00f6rsel bir dille betimlemek i\u00e7in hangi sembollere sar\u0131ld\u0131? Delilikle harmanlanm\u0131\u015f dehas\u0131n\u0131n ard\u0131nda ne gibi s\u0131rlar yat\u0131yordu? E\u015finin hayat\u0131ndaki rol\u00fc neydi? Kime duydu\u011fu hayranl\u0131k s\u0131k s\u0131k k\u0131skan\u00e7l\u0131k krizlerine d\u00f6n\u00fc\u015f\u00fcyordu? Neden \u00f6l\u00fcms\u00fczl\u00fc\u011f\u00fcn pe\u015finde ko\u015fmaktan bir an bile vazge\u00e7medi?..Dali&#8217;nin Dehas\u0131, resimlerin canland\u0131\u011f\u0131 ger\u00e7ek\u00fcst\u00fc bir evrene davet ediyor okurlar\u0131. Asuman Portakal, Dali&#8217;nin \u00e7izdi\u011fi be\u015f farkl\u0131 tablosundan ve Florida&#8217;daki Dali M\u00fczesi taraf\u0131ndan haz\u0131rlanan Deepfake video enstalasyonundan esinlenerek kaleme ald\u0131\u011f\u0131 bu \u00f6yk\u00fclerinde, ger\u00e7e\u011fi b\u00fcke b\u00fcke kendi efsanesini yaratm\u0131\u015f bir dehan\u0131n delili\u011fe kafa tutu\u015funa tan\u0131kl\u0131k ettiriyor. F\u0131r\u00e7as\u0131yla g\u00f6rd\u00fcklerinin \u00e2deta foto\u011fraf\u0131n\u0131 \u00e7eken Dali&#8217;nin k\u00e2h tuvaline konan bir at sine\u011fi k\u00e2h \u00f6zel tasarlad\u0131\u011f\u0131 \u015f\u00f6valesi dile geliyor. Biricik e\u015fi Gala ilham perisi olarak \u00e7\u0131k\u0131yor kar\u015f\u0131m\u0131za. Sanat\u00e7\u0131 \u00e7ocuklu\u011fu ile kar\u015f\u0131l\u0131kl\u0131 sohbet ederken, &#8221;g\u00f6rkemli bir uyku canavar\u0131&#8221; beliriyor yan\u0131 ba\u015f\u0131m\u0131zda. Hemen sonras\u0131nda Pasifik&#8217;in derinlerinde y\u00fczen Azulina Dalg\u0131\u00e7lar\u0131 taraf\u0131ndan Bikini Atol\u00fc&#8217;ndeki atom bombas\u0131 denemelerine kar\u015f\u0131 y\u00fckselen protest bayra\u011f\u0131n\u0131 g\u00f6r\u00fcyoruz. Bilin\u00e7alt\u0131n\u0131n ve r\u00fcyalar\u0131n co\u015fkun denizinde bat\u0131p \u00e7\u0131karken, b\u00fcy\u00fck ustan\u0131n s\u0131ra d\u0131\u015f\u0131 bi\u00e7imde aram\u0131za geri d\u00f6n\u00fc\u015f\u00fcne \u015fa\u015f\u0131r\u0131yoruz. Dehas\u0131n\u0131n &#8221;antenleri&#8221; sayd\u0131\u011f\u0131 b\u0131y\u0131klar\u0131yla kar\u015f\u0131m\u0131zda duran Salvador Dali hologram\u0131, t\u00fcm heybetiyle \u00f6l\u00fcms\u00fczl\u00fc\u011f\u00fcn\u00fc yeniden ilan etmek i\u00e7in sab\u0131rs\u0131zlan\u0131yor&#8230; Ger\u00e7ekli\u011fin s\u0131n\u0131rlar\u0131n\u0131 zorlayan karma\u015f\u0131k fig\u00fcrlerle &#8221;bilmece resimler&#8221; yapan Salvador Dali&#8217;yi daha yak\u0131ndan tan\u0131tmak arzusuyla haz\u0131rlanan bu kitap, sanat tarihinin anla\u015f\u0131lmas\u0131 en g\u00fc\u00e7 ustalar\u0131ndan birini anla\u015f\u0131l\u0131r k\u0131lmakla kalm\u0131yor, ayn\u0131 zamanda \u00e7a\u011f\u0131m\u0131za yak\u0131nla\u015ft\u0131rarak gelecek \u00fczerine g\u00fcnd\u00fcz d\u00fc\u015fleri de kurduruyor.D\u00fcnya o kadar s\u0131k\u0131c\u0131 bir yer ki, iyi ki Dali var!<\/p>\n","protected":false},"excerpt":{"rendered":"<p>Ger\u00e7ek\u00fcst\u00fcc\u00fcl\u00fc\u011f\u00fcn dehlizlerinde &#8221;Dalice&#8221; \u00f6yk\u00fcler&#8230;Asuman Portakal&#8217;\u0131n imzas\u0131n\u0131 ta\u015f\u0131yan Dali&#8217;nin Dehas\u0131, S\u00fcrrealizmin ebed\u00ee kral\u0131 Salvador Dali&#8217;nin s\u0131ra d\u0131\u015f\u0131 ya\u015fam\u0131ndan ve yirminci y\u00fczy\u0131l resim sanat\u0131na y\u00f6n veren yap\u0131tlar\u0131ndan izler<span class=\"excerpt-hellip\"> [\u2026]<\/span><\/p>\n","protected":false},"featured_media":0,"template":"","meta":{"_monsterinsights_skip_tracking":false,"_monsterinsights_sitenote_active":false,"_monsterinsights_sitenote_note":"","_monsterinsights_sitenote_category":0},"product_brand":[],"product_cat":[12274,12284],"product_tag":[],"class_list":{"0":"post-757186","1":"product","2":"type-product","3":"status-publish","5":"product_cat-cocuk-ve-genclik-kitaplari","6":"product_cat-hikayeler","7":"pa_cilt-ciltsiz","8":"pa_tur-kitap","9":"pa_yayinevi-tudem-yayinlari","10":"pa_yazar-asuman-portakal","12":"first","13":"instock","14":"sale","15":"shipping-taxable","16":"purchasable","17":"product-type-simple"},"_links":{"self":[{"href":"https:\/\/roveyayinevi.com.tr\/index.php\/wp-json\/wp\/v2\/product\/757186","targetHints":{"allow":["GET"]}}],"collection":[{"href":"https:\/\/roveyayinevi.com.tr\/index.php\/wp-json\/wp\/v2\/product"}],"about":[{"href":"https:\/\/roveyayinevi.com.tr\/index.php\/wp-json\/wp\/v2\/types\/product"}],"wp:attachment":[{"href":"https:\/\/roveyayinevi.com.tr\/index.php\/wp-json\/wp\/v2\/media?parent=757186"}],"wp:term":[{"taxonomy":"product_brand","embeddable":true,"href":"https:\/\/roveyayinevi.com.tr\/index.php\/wp-json\/wp\/v2\/product_brand?post=757186"},{"taxonomy":"product_cat","embeddable":true,"href":"https:\/\/roveyayinevi.com.tr\/index.php\/wp-json\/wp\/v2\/product_cat?post=757186"},{"taxonomy":"product_tag","embeddable":true,"href":"https:\/\/roveyayinevi.com.tr\/index.php\/wp-json\/wp\/v2\/product_tag?post=757186"}],"curies":[{"name":"wp","href":"https:\/\/api.w.org\/{rel}","templated":true}]}}