{"id":757184,"date":"2025-08-28T07:29:05","date_gmt":"2025-08-28T04:29:05","guid":{"rendered":"https:\/\/roveyayinevi.com.tr\/index.php\/urun\/sahipsiz-yol\/"},"modified":"2026-03-12T03:19:23","modified_gmt":"2026-03-12T00:19:23","slug":"sahipsiz-yol","status":"publish","type":"product","link":"https:\/\/roveyayinevi.com.tr\/index.php\/urun\/sahipsiz-yol\/","title":{"rendered":"Sahipsiz Yol"},"content":{"rendered":"<p>Bu anlat\u0131da yazar Alucra&#8217;dan ba\u015flayarak Giresun, Sivas, Erzincan, Tunceli, Diyarbak\u0131r, Mardin gibi iller ve il\u00e7elerindeki yolculuklar\u0131n\u0131 anlat\u0131rken oralar\u0131n tarihine, sosyal ya\u015fam\u0131na ve sorunlar\u0131na da hayat\u0131n bir yolculuktan ibaret oldu\u011funu d\u00fc\u015f\u00fcnerek yer verir. Anlat\u0131n\u0131n di\u011fer b\u00f6l\u00fcmleri yolculuk \u00fczerinden sinemada yolculuk, annesinin yolculu\u011fu, ya\u015fad\u0131\u011f\u0131 yerin, \u00e7al\u0131\u015ft\u0131\u011f\u0131 i\u015fin yolculu\u011fu \u00fczerinden gider. Sonu\u00e7ta yazar hayat denilen \u015feyin bir d\u00f6ng\u00fcden ibaret oldu\u011funu savunur. Hayat\u0131n bitti\u011fi yerde d\u00f6ng\u00fc ba\u015fka bir yerde s\u00fcrer. <\/p>\n","protected":false},"excerpt":{"rendered":"<p>Bu anlat\u0131da yazar Alucra&#8217;dan ba\u015flayarak Giresun, Sivas, Erzincan, Tunceli, Diyarbak\u0131r, Mardin gibi iller ve il\u00e7elerindeki yolculuklar\u0131n\u0131 anlat\u0131rken oralar\u0131n tarihine, sosyal ya\u015fam\u0131na ve sorunlar\u0131na da hayat\u0131n bir<span class=\"excerpt-hellip\"> [\u2026]<\/span><\/p>\n","protected":false},"featured_media":0,"template":"","meta":{"_monsterinsights_skip_tracking":false,"_monsterinsights_sitenote_active":false,"_monsterinsights_sitenote_note":"","_monsterinsights_sitenote_category":0},"product_brand":[],"product_cat":[18545,12291],"product_tag":[],"class_list":{"0":"post-757184","1":"product","2":"type-product","3":"status-publish","5":"product_cat-anlati","6":"product_cat-edebiyat","7":"pa_cilt-ciltsiz","8":"pa_tur-kitap","9":"pa_yayinevi-kirmizi-cati-yayinlari","10":"pa_yazar-birol-cetin-ustundag","12":"first","13":"instock","14":"sale","15":"shipping-taxable","16":"purchasable","17":"product-type-simple"},"_links":{"self":[{"href":"https:\/\/roveyayinevi.com.tr\/index.php\/wp-json\/wp\/v2\/product\/757184","targetHints":{"allow":["GET"]}}],"collection":[{"href":"https:\/\/roveyayinevi.com.tr\/index.php\/wp-json\/wp\/v2\/product"}],"about":[{"href":"https:\/\/roveyayinevi.com.tr\/index.php\/wp-json\/wp\/v2\/types\/product"}],"wp:attachment":[{"href":"https:\/\/roveyayinevi.com.tr\/index.php\/wp-json\/wp\/v2\/media?parent=757184"}],"wp:term":[{"taxonomy":"product_brand","embeddable":true,"href":"https:\/\/roveyayinevi.com.tr\/index.php\/wp-json\/wp\/v2\/product_brand?post=757184"},{"taxonomy":"product_cat","embeddable":true,"href":"https:\/\/roveyayinevi.com.tr\/index.php\/wp-json\/wp\/v2\/product_cat?post=757184"},{"taxonomy":"product_tag","embeddable":true,"href":"https:\/\/roveyayinevi.com.tr\/index.php\/wp-json\/wp\/v2\/product_tag?post=757184"}],"curies":[{"name":"wp","href":"https:\/\/api.w.org\/{rel}","templated":true}]}}